{"id":3592,"date":"2019-07-29T15:05:39","date_gmt":"2019-07-29T13:05:39","guid":{"rendered":"https:\/\/labeltech.ch\/produkt\/3592\/"},"modified":"2026-04-17T16:59:28","modified_gmt":"2026-04-17T14:59:28","slug":"logijet-t6-2","status":"publish","type":"product","link":"https:\/\/labeltech.ch\/fr\/produkt\/logijet-t6-2\/","title":{"rendered":"logiJET T6-2"},"content":{"rendered":"<ul class=\"csc-bulletlist csc-bulletlist-0\">\n<li class=\"odd\">Imprimante thermique 6 pouces (environ 15 cm), syst\u00e8me d&#8217;impression thermique robuste pour une utilisation professionnelle.<\/li>\n<li class=\"even\">Utilisation flexible pour les applications les plus diverses dans la production et la logistique :<\/li>\n<li class=\"odd\">Impression par transfert thermique et thermique directe<\/li>\n<li class=\"even\">178 mm de largeur de support &#8211; 168 mm imprimable<\/li>\n<li class=\"odd\">R\u00e9solution d&#8217;impression de 300dpi<\/li>\n<li class=\"even\">Vitesse d&#8217;impression de 6 pouces (150 mm) par seconde<\/li>\n<li class=\"odd\">Le pilote MICROSOFT WINDOWS pour le langage polyvalent MICROPLEX IDOL est inclus dans l&#8217;imprimante.<\/li>\n<li class=\"even\">Bo\u00eetier m\u00e9tallique robuste.<\/li>\n<li class=\"odd\">Vaste \u00e9quipement de base.<\/li>\n<li class=\"even\">RFID disponible en option d&#8217;usine.<\/li>\n<\/ul>\n<div class=\"more more-trigger\"><\/div>\n<div>\n<p class=\"bodytext\">La compatibilit\u00e9 avec un grand nombre de langages d&#8217;impression rend la LogiJET T6-2 flexible, y compris pour le remplacement d&#8217;anciens appareils qui ne sont plus disponibles sur le march\u00e9, comme par exemple les imprimantes Zebra EPL, Datamax NOVA6, etc.<\/p>\n<\/div>\n<h2 class=\"fusion-clearfix\">Informations suppl\u00e9mentaires sur LogiJET T6-2<\/h2>\n<p>La Microplex LogiJET T6-2 repr\u00e9sente une nouvelle \u00e8re dans le domaine de l&#8217;impression professionnelle. Avec sa technologie avanc\u00e9e et son design convivial, cette imprimante offre une combinaison imbattable de performances, de fiabilit\u00e9 et de flexibilit\u00e9, ce qui en fait la solution id\u00e9ale pour un large \u00e9ventail de besoins d&#8217;impression. De la <a title=\"Solutions d'impression pour la logistique\" href=\"https:\/\/labeltech.ch\/fr\/solutions-dimpression\/secteur-de-la-logistique\/\">logistique <\/a>et de la fabrication \u00e0 la <a title=\"Solutions d'impression Alimentation\" href=\"https:\/\/labeltech.ch\/fr\/solutions-dimpression\/alimentation\/\">vente au d\u00e9tail <\/a>et <a title=\"Solutions d'impression Industrie pharmaceutique\" href=\"https:\/\/labeltech.ch\/fr\/solutions-dimpression\/industrie-pharmaceutique\/\">aux soins de sant\u00e9<\/a>, la LogiJET T6-2 est con\u00e7ue pour am\u00e9liorer l&#8217;efficacit\u00e9 tout en r\u00e9duisant les co\u00fbts d&#8217;exploitation.  <\/p>\n<h3><strong>Des fonctions d&#8217;impression puissantes<\/strong><\/h3>\n<p>La LogiJET T6-2 se distingue par sa vitesse et sa qualit\u00e9 d&#8217;impression impression impressionnantes. Capable d&#8217;imprimer jusqu&#8217;\u00e0 8 pouces (environ 20 cm) par seconde, cette imprimante permet de produire rapidement des \u00e9tiquettes et des codes \u00e0 barres sans compromettre la qualit\u00e9. Elle prend en charge un large \u00e9ventail de formats de supports et de mat\u00e9riaux d&#8217;impression, du simple papier aux \u00e9tiquettes sp\u00e9cialis\u00e9es et aux mat\u00e9riaux synth\u00e9tiques, ce qui la rend adapt\u00e9e \u00e0 une grande vari\u00e9t\u00e9 d&#8217;applications.  <\/p>\n<h3><strong>Fiabilit\u00e9 et durabilit\u00e9<\/strong><\/h3>\n<p>De conception robuste, l&#8217;imprimante est con\u00e7ue pour une utilisation continue dans des environnements exigeants. Ses composants durables garantissent une grande fiabilit\u00e9 et minimisent les temps d&#8217;arr\u00eat, ce qui est particuli\u00e8rement avantageux dans les secteurs \u00e0 forte production. De m\u00eame, Microplex met fortement l&#8217;accent sur la durabilit\u00e9 en proposant des solutions qui r\u00e9duisent la consommation d&#8217;\u00e9nergie et minimisent l&#8217;impact sur l&#8217;environnement. Cette approche se refl\u00e8te dans les fonctions d&#8217;\u00e9conomie d&#8217;\u00e9nergie de la LogiJET T6-2 et dans l&#8217;utilisation de mat\u00e9riaux respectueux de l&#8217;environnement.   <\/p>\n<p>En tant que mod\u00e8le compl\u00e9mentaire de la gamme thermique Microplex, l&#8217;<a href=\"https:\/\/labeltech.ch\/fr\/produkt\/imprimante-thermique-logijet-tm4\/\" title=\"logiJET TM4 - Imprimante thermique compacte 4 pouces de Microplex\">imprimante thermique logiJET TM4<\/a> offre une alternative plus compacte pour les applications o\u00f9 l&#8217;espace est limit\u00e9.<\/p>\n<h3><strong>Adaptabilit\u00e9<\/strong><\/h3>\n<p>La polyvalence est un autre point cl\u00e9 qui la distingue des autres imprimantes. Elle peut \u00eatre facilement configur\u00e9e pour une grande vari\u00e9t\u00e9 d&#8217;applications, qu&#8217;il s&#8217;agisse d&#8217;imprimer des \u00e9tiquettes d&#8217;exp\u00e9dition, des \u00e9tiquettes de produits ou des bracelets pour patients dans le secteur de la sant\u00e9. Gr\u00e2ce \u00e0 son adaptabilit\u00e9 et \u00e0 son \u00e9volutivit\u00e9, l&#8217;imprimante peut \u00e9voluer en fonction des besoins croissants d&#8217;une entreprise, ce qui en fait un investissement \u00e0 long terme.  <\/p>\n<h3><strong>Facilit\u00e9 d&#8217;utilisation et connectivit\u00e9<\/strong><\/h3>\n<p>L&#8217;un des principaux avantages de la LogiJET T6-2 est sa facilit\u00e9 d&#8217;utilisation. Un \u00e9cran tactile intuitif permet de naviguer facilement dans le menu et d&#8217;acc\u00e9der rapidement aux param\u00e8tres d&#8217;impression. L&#8217;installation et la maintenance de l&#8217;imprimante sont simples gr\u00e2ce \u00e0 sa conception modulaire et \u00e0 ses composants facilement accessibles. Elle offre \u00e9galement des options de connectivit\u00e9 flexibles, notamment USB, Ethernet et une connexion WLAN en option, ce qui permet de l&#8217;int\u00e9grer en toute transparence aux r\u00e9seaux et syst\u00e8mes existants. Plus de 40 langages d&#8217;impression (\u00e9mulations) sont pris en charge, notamment PCL5, Kyocera Prescribe, ZPL, IGP et d&#8217;autres \u00e9mulations.    <\/p>\n<h2><strong>La technologie RFID, cl\u00e9 de l&#8217;efficacit\u00e9<\/strong><\/h2>\n<p>L&#8217;une des fonctions les plus remarquables de l&#8217;appareil est sa capacit\u00e9 RFID int\u00e9gr\u00e9e. Cette technologie permet \u00e0 l&#8217;imprimante non seulement d&#8217;imprimer des informations visuelles telles que des codes \u00e0 barres et du texte d&#8217;\u00e9tiquette, mais aussi de programmer et d&#8217;int\u00e9grer des \u00e9tiquettes RFID. La RFID (Radio-Frequency Identification) utilise des champs \u00e9lectromagn\u00e9tiques pour transmettre des donn\u00e9es num\u00e9riques sans fil, ce qui permet une identification rapide et sans contact des objets. La fonction RFID permet aux entreprises d&#8217;am\u00e9liorer consid\u00e9rablement leurs processus de logistique et d&#8217;inventaire en permettant un suivi transparent des produits et des mat\u00e9riaux en temps r\u00e9el.   <\/p>\n<p>Cette technologie de pointe ouvre la voie \u00e0 une multitude d&#8217;applications. En combinant l&#8217;impression et la programmation RFID dans un seul appareil, elle offre une solution rentable qui r\u00e9duit la charge administrative tout en am\u00e9liorant la pr\u00e9cision des donn\u00e9es. <\/p>\n<h2>Des questions ?<\/h2>\n<p>Avec des performances exceptionnelles, une conception conviviale et une construction robuste, cette imprimante offre une solution puissante pour tous vos besoins d&#8217;impression. Sa polyvalence et son adaptabilit\u00e9 en font le choix id\u00e9al pour les entreprises \u00e0 la recherche d&#8217;une solution d&#8217;impression \u00e0 l&#8217;\u00e9preuve du temps. <\/p>\n<p>Pour les entreprises qui souhaitent ajouter la LogiJET T6-2 \u00e0 leur r\u00e9pertoire, Labeltech propose des conseils et une assistance complets. <a title=\"Contact\" href=\"https:\/\/labeltech.ch\/fr\/contact\/\">N&#8217;h\u00e9sitez pas \u00e0 nous contacter<\/a> pour en savoir plus sur cette imprimante r\u00e9volutionnaire et sur la mani\u00e8re dont elle peut aider votre entreprise \u00e0 gagner en efficacit\u00e9 et en productivit\u00e9.<\/p>\n","protected":false},"excerpt":{"rendered":"<p>Imprimante thermique 6 pouces (environ 15 cm), syst\u00e8me d&#8217;impression thermique  [&#8230;]<\/p>\n","protected":false},"featured_media":8371,"comment_status":"closed","ping_status":"closed","template":"","meta":[],"product_brand":[],"product_cat":[72,83,80,76],"product_tag":[],"class_list":{"0":"post-3592","1":"product","2":"type-product","3":"status-publish","4":"has-post-thumbnail","6":"product_cat-imprimantes","7":"product_cat-imprimantes-thermique","8":"product_cat-microplex-fr","9":"product_cat-rfid-fr","11":"first","12":"instock","13":"shipping-taxable","14":"product-type-external"},"_links":{"self":[{"href":"https:\/\/labeltech.ch\/fr\/wp-json\/wp\/v2\/product\/3592","targetHints":{"allow":["GET"]}}],"collection":[{"href":"https:\/\/labeltech.ch\/fr\/wp-json\/wp\/v2\/product"}],"about":[{"href":"https:\/\/labeltech.ch\/fr\/wp-json\/wp\/v2\/types\/product"}],"replies":[{"embeddable":true,"href":"https:\/\/labeltech.ch\/fr\/wp-json\/wp\/v2\/comments?post=3592"}],"wp:featuredmedia":[{"embeddable":true,"href":"https:\/\/labeltech.ch\/fr\/wp-json\/wp\/v2\/media\/8371"}],"wp:attachment":[{"href":"https:\/\/labeltech.ch\/fr\/wp-json\/wp\/v2\/media?parent=3592"}],"wp:term":[{"taxonomy":"product_brand","embeddable":true,"href":"https:\/\/labeltech.ch\/fr\/wp-json\/wp\/v2\/product_brand?post=3592"},{"taxonomy":"product_cat","embeddable":true,"href":"https:\/\/labeltech.ch\/fr\/wp-json\/wp\/v2\/product_cat?post=3592"},{"taxonomy":"product_tag","embeddable":true,"href":"https:\/\/labeltech.ch\/fr\/wp-json\/wp\/v2\/product_tag?post=3592"}],"curies":[{"name":"wp","href":"https:\/\/api.w.org\/{rel}","templated":true}]}}