{"id":3595,"date":"2019-07-29T15:06:22","date_gmt":"2019-07-29T13:06:22","guid":{"rendered":"https:\/\/labeltech.ch\/produkt\/3595\/"},"modified":"2026-04-17T16:59:25","modified_gmt":"2026-04-17T14:59:25","slug":"logijet-t8-3","status":"publish","type":"product","link":"https:\/\/labeltech.ch\/fr\/produkt\/logijet-t8-3\/","title":{"rendered":"logiJET T8-3"},"content":{"rendered":"<ul class=\"csc-bulletlist csc-bulletlist-0\">\n<li class=\"odd\">Productivit\u00e9 \u00e9lev\u00e9e avec une vitesse allant jusqu&#8217;\u00e0 6 pouces\/s<\/li>\n<li class=\"even\">Excellente qualit\u00e9 d&#8217;impression avec une r\u00e9solution de 300 dpi<\/li>\n<li class=\"odd\">Largeur du support 228mm &#8211; imprimable 219mm<\/li>\n<li class=\"even\">Mobilit\u00e9 gr\u00e2ce \u00e0 la connexion WLAN en option<\/li>\n<li class=\"odd\">Faibles co\u00fbts d&#8217;exploitation gr\u00e2ce \u00e0 la technologie \u00e9conomique Flat-Head<\/li>\n<li class=\"even\">Flexibilit\u00e9 et connexion facile avec l&#8217;\u00e9mulation PCL5<\/li>\n<li class=\"odd\">Contr\u00f4le du processus gr\u00e2ce \u00e0 l&#8217;option SPS-Control et au retour d&#8217;informations Status-Out<\/li>\n<li class=\"even\">Connexion directe \u00e0 l&#8217;AS\/400, iSeries, etc. avec \u00e9mulation IPDS en option<\/li>\n<li class=\"odd\">Utilisation dans un environnement difficile gr\u00e2ce \u00e0 un ch\u00e2ssis m\u00e9tallique robuste<\/li>\n<li class=\"even\">Haute r\u00e9sistance \u00e0 la poussi\u00e8re gr\u00e2ce aux composants sans ventilateur<\/li>\n<\/ul>\n<p>&nbsp;<\/p>\n<p>En tant que mod\u00e8le successeur r\u00e9vis\u00e9, la <a href=\"https:\/\/labeltech.ch\/fr\/produkt\/logijet-tm8\/\" title=\"logiJET TM8 - Imprimante thermique 8 pouces qui lui succ\u00e8de\">logiJET TM8<\/a> offre des interfaces modernis\u00e9es et une meilleure compatibilit\u00e9 des supports dans le m\u00eame domaine d&#8217;application.<\/p>\n<p>La compatibilit\u00e9 avec un grand nombre de langages d&#8217;impression rend la LOGIJET T8-2 flexible, m\u00eame en remplacement d&#8217;anciens appareils qui ne sont plus disponibles sur le march\u00e9, comme par exemple les imprimantes Zebra EPL, Datamax NOVA8, etc.<\/p>\n","protected":false},"excerpt":{"rendered":"<p>Productivit\u00e9 \u00e9lev\u00e9e avec une vitesse allant jusqu&#8217;\u00e0 6 pouces\/s Excellente  [&#8230;]<\/p>\n","protected":false},"featured_media":8355,"comment_status":"closed","ping_status":"closed","template":"","meta":[],"product_brand":[],"product_cat":[83,80],"product_tag":[],"class_list":{"0":"post-3595","1":"product","2":"type-product","3":"status-publish","4":"has-post-thumbnail","6":"product_cat-imprimantes-thermique","7":"product_cat-microplex-fr","9":"first","10":"instock","11":"shipping-taxable","12":"product-type-external"},"_links":{"self":[{"href":"https:\/\/labeltech.ch\/fr\/wp-json\/wp\/v2\/product\/3595","targetHints":{"allow":["GET"]}}],"collection":[{"href":"https:\/\/labeltech.ch\/fr\/wp-json\/wp\/v2\/product"}],"about":[{"href":"https:\/\/labeltech.ch\/fr\/wp-json\/wp\/v2\/types\/product"}],"replies":[{"embeddable":true,"href":"https:\/\/labeltech.ch\/fr\/wp-json\/wp\/v2\/comments?post=3595"}],"wp:featuredmedia":[{"embeddable":true,"href":"https:\/\/labeltech.ch\/fr\/wp-json\/wp\/v2\/media\/8355"}],"wp:attachment":[{"href":"https:\/\/labeltech.ch\/fr\/wp-json\/wp\/v2\/media?parent=3595"}],"wp:term":[{"taxonomy":"product_brand","embeddable":true,"href":"https:\/\/labeltech.ch\/fr\/wp-json\/wp\/v2\/product_brand?post=3595"},{"taxonomy":"product_cat","embeddable":true,"href":"https:\/\/labeltech.ch\/fr\/wp-json\/wp\/v2\/product_cat?post=3595"},{"taxonomy":"product_tag","embeddable":true,"href":"https:\/\/labeltech.ch\/fr\/wp-json\/wp\/v2\/product_tag?post=3595"}],"curies":[{"name":"wp","href":"https:\/\/api.w.org\/{rel}","templated":true}]}}