{"id":3603,"date":"2019-07-29T15:01:05","date_gmt":"2019-07-29T13:01:05","guid":{"rendered":"https:\/\/labeltech.ch\/produkt\/3603\/"},"modified":"2024-10-10T04:20:08","modified_gmt":"2024-10-10T02:20:08","slug":"solid-t6","status":"publish","type":"product","link":"https:\/\/labeltech.ch\/fr\/produkt\/solid-t6\/","title":{"rendered":"SOLID T6"},"content":{"rendered":"<ul class=\"csc-bulletlist csc-bulletlist-0\">\n<li class=\"odd\">Impression rapide pour les applications o\u00f9 le temps est un facteur critique.<\/li>\n<li class=\"even\">Convient pour les mat\u00e9riaux \u00e9pais. De nombreuses \u00e9mulations comme PCL5, ZPL II, EPL et Datamax en standard.. :<\/li>\n<li class=\"odd\">Transfert thermique\/thermodirect, t\u00eate d&#8217;impression near-edge<\/li>\n<li class=\"even\">185mm largeur du m\u00e9dia &#8211; 160mm imprimable<\/li>\n<li class=\"odd\">R\u00e9solution d&#8217;impression de 300dpi<\/li>\n<li class=\"even\">Vitesse d&#8217;impression max. 16 pouces (406mm\/s)<\/li>\n<\/ul>\n<h2 class=\"more more-trigger\">SOLID T6 de Microplex<\/h2>\n<div>\n<p class=\"bodytext\">La SOLID T6-2 est une <a href=\"https:\/\/labeltech.ch\/fr\/produits\/microplex\/imprimante-thermique\/\">imprimante thermique<\/a> rapide de 6 pouces de construction tr\u00e8s robuste et donc adapt\u00e9e \u00e0 une utilisation dans un environnement industriel difficile. Une utilisation tr\u00e8s simple et une intelligence int\u00e9gr\u00e9e garantissent un fonctionnement s\u00fbr. Gr\u00e2ce \u00e0 PCL5e, l&#8217;imprimante est compatible avec les imprimantes laser et optimale pour les applications sous SAP, et gr\u00e2ce \u00e0 la premi\u00e8re page rapide, \u00e9galement pour l&#8217;utilisation d&#8217;impressions \u00e0 la demande.<\/p>\n<h3>Description du T6<\/h3>\n<p>Le syst\u00e8me d&#8217;impression <strong>Microplex SOLID T6,<\/strong>extr\u00eamement robuste <strong>et compatible avec SAP<\/strong>, fonctionne sur la base d&#8217;une impression thermique et peut donc \u00eatre utilis\u00e9 aussi bien pour l&#8217;impression par transfert thermique que pour l&#8217;impression thermique directe. Avec une largeur de 35 cm, une profondeur d&#8217;\u00e0 peine 50 cm et une hauteur de seulement 30 cm, la SOLID T6 est une imprimante thermique tr\u00e8s peu encombrante. Avec un poids de seulement 21,5 kg, vous pouvez vous attendre \u00e0 une imprimante robuste, con\u00e7ue pour supporter les charges permanentes les plus difficiles. Dans les domaines de la production et de la logistique, il brille par son efficacit\u00e9 et sa diversit\u00e9. Quelle que soit la mani\u00e8re dont vous l&#8217;utilisez, soit comme imprimante \u00e0 transfert thermique, soit comme imprimante thermique directe, sa r\u00e9solution allant jusqu&#8217;\u00e0 300dpi r\u00e9pond \u00e0 tous vos souhaits d&#8217;impression.<\/p>\n<p>Les mini-codes-barres d&#8217;une grande nettet\u00e9 ou les graphiques extr\u00eamement petits ne lui posent aucun probl\u00e8me. Gr\u00e2ce \u00e0 la haute r\u00e9solution d&#8217;impression, tous les types d&#8217;informations, tels que les codes \u00e0 barres 1D et 2D, peuvent \u00eatre imprim\u00e9s avec la m\u00eame pr\u00e9cision que les caract\u00e8res alphanum\u00e9riques et les graphiques vectoriels.<\/p>\n<h3>La SOLID T6 est l&#8217;imprimante parfaite pour :<\/h3>\n<ul>\n<li>\u00c9tiquettes<\/li>\n<li>Autocollants<\/li>\n<li>Tags<\/li>\n<li>une impression rapide et juste \u00e0 temps<\/li>\n<li>Traitement par lots<\/li>\n<\/ul>\n<h3><strong>La vitesse s\u00e9lectionnable<\/strong><\/h3>\n<p>La vitesse d&#8217;impression de la SOLID T6 prouve qu&#8217;elle est vraiment rapide. Elle est au maximum de 243m\/min. Le bo\u00eetier m\u00e9tallique robuste abrite une t\u00eate d&#8217;impression haut de gamme qui traite jusqu&#8217;\u00e0 25 km de mat\u00e9riel d&#8217;impression en impression thermique directe et jusqu&#8217;\u00e0 50 km en impression par transfert thermique avant de devoir \u00eatre remplac\u00e9e. Selon les exigences de la sortie d&#8217;impression, la vitesse d&#8217;impression de la SOLID 6T en impression thermique directe peut \u00eatre modifi\u00e9e de mani\u00e8re variable et progressive jusqu&#8217;\u00e0 30 cm par seconde. Cela correspond \u00e0 la vitesse d&#8217;une imprimante laser en continu de 60 pages A4 \u00e0 l&#8217;horizontale par minute.<\/p>\n<h3><strong>Grande m\u00e9moire pour de nombreux formulaires<\/strong><\/h3>\n<p>Avec une m\u00e9moire RAM de 256Mo et une m\u00e9moire Flash de 256Mo \u00e9galement, la SOLID T6 est en mesure de stocker des formulaires et des polices directement dans la m\u00e9moire afin de pouvoir les appeler rapidement en cas de besoin. Une gestion des formulaires int\u00e9grable est disponible en option.<\/p>\n<h3><strong>Taille du support imprimable et changement de support pratique<\/strong><\/h3>\n<p>La SOLID T6 imprime efficacement et rapidement tous les mat\u00e9riaux courants jusqu&#8217;\u00e0 un grammage de 240 g\/m\u00b2. Les supports peuvent avoir une largeur de 3 \u00e0 18,5 cm, le diam\u00e8tre maximal des rouleaux est de 21 cm avec un poids maximal de 7,2 kg. Le diam\u00e8tre du noyau est variable, de 38,1 \u00e0 102 mm. Sur ce mod\u00e8le, le changement de film s&#8217;effectue apr\u00e8s 3000 \u00e9tiquettes A5 ou 6000 cartes postales au format paysage. Avec une longueur maximale de 600 m\u00e8tres de ruban, il est rarement n\u00e9cessaire d&#8217;interrompre le travail pour changer les rouleaux de ruban.<\/p>\n<h2><strong>Le contr\u00f4leur Microplex de la SOLID T6<\/strong><\/h2>\n<p>Le contr\u00f4leur Microplex poss\u00e8de une page web int\u00e9gr\u00e9e qui permet de consulter directement des informations sur l&#8217;imprimante elle-m\u00eame ainsi que sur les travaux d&#8217;impression. Avec plus de 18 \u00e9mulations simultan\u00e9es, ces donn\u00e9es peuvent \u00eatre trait\u00e9es par presque toutes les plates-formes logicielles, car les pilotes d&#8217;impression correspondants sont \u00e9galement disponibles.<\/p>\n<h3><strong>Les interfaces<\/strong><\/h3>\n<p>La SOLID T6 de Microplex est \u00e9quip\u00e9e en s\u00e9rie de ports USB, IEEE 1284 (Centronics), bi-directionnel (TCP\/IP) et Ethernet(10\/100Mbit). En option, les interfaces R232, R5422 peuvent \u00eatre achet\u00e9es en plus. Pour ceux qui souhaitent encore plus de confort, le WLAN est \u00e9galement disponible en option. Ceux qui souhaitent int\u00e9grer l&#8217;imprimante \u00e0 transfert thermique dans leurs propres lignes de processus ont la possibilit\u00e9 de la commander via l&#8217;interface programmable GPIO (SPS-Control).<\/p>\n<h2><strong>Le Solid T6 avec fonction d&#8217;\u00e9conomie de film<\/strong><\/h2>\n<p>Elle fait de l&#8217;imprimante \u00e0 transfert thermique un appareil tr\u00e8s \u00e9conomique. A partir d&#8217;une surface d&#8217;environ 6 mm sans impression dans le sens de la marche, le syst\u00e8me automatique soul\u00e8ve la t\u00eate d&#8217;impression, arr\u00eate l&#8217;avance du ruban et fait avancer le support d&#8217;impression jusqu&#8217;\u00e0 la position d&#8217;impression suivante. La fonction d&#8217;\u00e9conomie de film r\u00e9duit la consommation de mat\u00e9riau et donc en m\u00eame temps les co\u00fbts. Une force de pression variable pour une impression optimale Gr\u00e2ce \u00e0 son excellente technique, la SOLID T6 imprime \u00e0 grande vitesse des plaques signal\u00e9tiques aussi rapidement que des \u00e9tiquettes en plastique ou en papier. Gr\u00e2ce \u00e0 une adaptation optimale du film transfert au mat\u00e9riau \u00e0 imprimer et \u00e0 la possibilit\u00e9 de r\u00e9gler de mani\u00e8re variable la force de pression de la t\u00eate d&#8217;impression, on obtient une image imprim\u00e9e de grande qualit\u00e9. Selon vos exigences individuelles, l&#8217;impression est r\u00e9sistante \u00e0 l&#8217;abrasion, aux intemp\u00e9ries et aux produits chimiques. SOLID T6, l&#8217;imprimante pour les applications \u00e0 temps critique.<\/p>\n<h2><strong>La fonction suppl\u00e9mentaire en d\u00e9tail :<\/strong><\/h2>\n<p><strong>G\u00e9n\u00e9ration intelligente de codes-barres<\/strong><\/p>\n<ul>\n<li>Le code-barres est g\u00e9n\u00e9r\u00e9 -\u00e0 la vol\u00e9e- par le contr\u00f4leur d&#8217;impression<\/li>\n<\/ul>\n<p><strong>Fractionnement de format<\/strong><\/p>\n<ul>\n<li>L&#8217;imprimante divise une page en plusieurs sous-formats<\/li>\n<\/ul>\n<p><strong>Mode Ribbon Save<\/strong><\/p>\n<ul>\n<li>Pour les passages non imprim\u00e9s de plus de 12 mm, la t\u00eate d&#8217;impression est soulev\u00e9e<\/li>\n<\/ul>\n<h2><strong>Fonctions suppl\u00e9mentaires en option :<\/strong><\/h2>\n<p><strong>Gestion int\u00e9gr\u00e9e des formulaires<\/strong><\/p>\n<ul>\n<li>L&#8217;imprimante permet d&#8217;enregistrer des formulaires et des polices de caract\u00e8res et de les appeler selon les besoins.<\/li>\n<\/ul>\n<p><strong>Statut-out<\/strong><\/p>\n<ul>\n<li>Apr\u00e8s l&#8217;impression d&#8217;une page, l&#8217;imprimante peut par exemple \u00e9mettre une quittance via l&#8217;interface.<\/li>\n<\/ul>\n<p><strong>Interface GPIO programmable (contr\u00f4le PLC)<\/strong><\/p>\n<ul>\n<li>L&#8217;int\u00e9gration de l&#8217;imprimante dans les lignes de processus et la commande de l&#8217;imprimante via l&#8217;interface GPIO.<\/li>\n<li>Possibilit\u00e9 de personnalisation et d&#8217;adaptation \u00e0 l&#8217;application<\/li>\n<\/ul>\n<p><strong>SOLID T6, l&#8217;imprimante \u00e9conomique g\u00e9niale, extr\u00eamement \u00e9conomique, pratique et tr\u00e8s flexible<\/strong><\/p>\n<\/div>\n","protected":false},"excerpt":{"rendered":"<p>Impression rapide pour les applications o\u00f9 le temps est un  [&#8230;]<\/p>\n","protected":false},"featured_media":8375,"comment_status":"closed","ping_status":"closed","template":"","meta":[],"product_brand":[],"product_cat":[83,80],"product_tag":[],"class_list":{"0":"post-3603","1":"product","2":"type-product","3":"status-publish","4":"has-post-thumbnail","6":"product_cat-imprimantes-thermique","7":"product_cat-microplex-fr","9":"first","10":"instock","11":"shipping-taxable","12":"product-type-external"},"_links":{"self":[{"href":"https:\/\/labeltech.ch\/fr\/wp-json\/wp\/v2\/product\/3603","targetHints":{"allow":["GET"]}}],"collection":[{"href":"https:\/\/labeltech.ch\/fr\/wp-json\/wp\/v2\/product"}],"about":[{"href":"https:\/\/labeltech.ch\/fr\/wp-json\/wp\/v2\/types\/product"}],"replies":[{"embeddable":true,"href":"https:\/\/labeltech.ch\/fr\/wp-json\/wp\/v2\/comments?post=3603"}],"wp:featuredmedia":[{"embeddable":true,"href":"https:\/\/labeltech.ch\/fr\/wp-json\/wp\/v2\/media\/8375"}],"wp:attachment":[{"href":"https:\/\/labeltech.ch\/fr\/wp-json\/wp\/v2\/media?parent=3603"}],"wp:term":[{"taxonomy":"product_brand","embeddable":true,"href":"https:\/\/labeltech.ch\/fr\/wp-json\/wp\/v2\/product_brand?post=3603"},{"taxonomy":"product_cat","embeddable":true,"href":"https:\/\/labeltech.ch\/fr\/wp-json\/wp\/v2\/product_cat?post=3603"},{"taxonomy":"product_tag","embeddable":true,"href":"https:\/\/labeltech.ch\/fr\/wp-json\/wp\/v2\/product_tag?post=3603"}],"curies":[{"name":"wp","href":"https:\/\/api.w.org\/{rel}","templated":true}]}}