{"id":3606,"date":"2019-07-29T15:03:09","date_gmt":"2019-07-29T13:03:09","guid":{"rendered":"https:\/\/labeltech.ch\/produkt\/3606\/"},"modified":"2026-04-17T16:59:21","modified_gmt":"2026-04-17T14:59:21","slug":"solid-t8","status":"publish","type":"product","link":"https:\/\/labeltech.ch\/fr\/produkt\/solid-t8\/","title":{"rendered":"SOLID T8"},"content":{"rendered":"<ul>\n<li>Impression rapide pour les applications o\u00f9 le temps est un facteur critique.<\/li>\n<li class=\"even\">Convient pour les mat\u00e9riaux \u00e9pais. De nombreuses \u00e9mulations comme PCL5, ZPL II, EPL et Datamax en standard.. :<\/li>\n<li class=\"odd\">Transfert thermique\/thermodirect, t\u00eate d&#8217;impression near-edge<\/li>\n<li class=\"even\">Largeur du support 254 mm &#8211; imprimable 213 mm<\/li>\n<li class=\"odd\">R\u00e9solution d&#8217;impression de 300dpi<\/li>\n<li class=\"even\">Vitesse d&#8217;impression max. 16 pouces (406 mm\/s)<\/li>\n<\/ul>\n<h2>SOLID T8 de Microplex<\/h2>\n<p>La SOLID T8-2 est une <a href=\"https:\/\/labeltech.ch\/fr\/produits\/microplex\/imprimante-thermique\/\">imprimante thermique<\/a> rapide de 8 pouces de construction tr\u00e8s robuste et donc adapt\u00e9e \u00e0 une utilisation dans un environnement industriel difficile. Une utilisation tr\u00e8s simple et une intelligence int\u00e9gr\u00e9e garantissent un fonctionnement s\u00fbr. Gr\u00e2ce \u00e0 PCL5e, l&#8217;imprimante est compatible avec les imprimantes laser et optimale pour les applications sous SAP, et gr\u00e2ce \u00e0 la premi\u00e8re page rapide, \u00e9galement pour l&#8217;utilisation d&#8217;impressions \u00e0 la demande.<\/p>\n<p>Avec une largeur de 45 cm, une profondeur d&#8217;\u00e0 peine 50 cm et une hauteur de seulement 30 cm, la SOLID T8 est une imprimante thermique impressionnante. Avec un poids de seulement 26 kg, vous pouvez vous attendre \u00e0 une imprimante robuste, con\u00e7ue pour r\u00e9sister aux charges permanentes les plus difficiles.  Dans les domaines de la production et de la logistique, il brille par son efficacit\u00e9 et sa diversit\u00e9. Quelle que soit la mani\u00e8re dont vous l&#8217;utilisez, soit en tant qu&#8217;imprimante \u00e0 transfert thermique, soit en tant qu&#8217;imprimante thermique directe, sa r\u00e9solution allant jusqu&#8217;\u00e0 300dpi r\u00e9pond \u00e0 tous vos souhaits d&#8217;impression. Les mini-codes \u00e0 barres d&#8217;une grande nettet\u00e9 ou les graphiques minuscules ne lui posent aucun probl\u00e8me.<\/p>\n<h2>La SOLID T8 est l&#8217;imprimante parfaite pour :<\/h2>\n<ul>\n<li>\u00c9tiquettes<\/li>\n<li>Autocollants<\/li>\n<li>Tags<\/li>\n<li>Label VDA et Odette<\/li>\n<\/ul>\n<p>Le contr\u00f4leur flexible de Microplex assure une impression rapide \u00e0 la demande. Sa vitesse d&#8217;impression prouve \u00e0 quel point elle est r\u00e9ellement rapide. Elle est de 243 m\/min maximum. Le bo\u00eetier m\u00e9tallique robuste abrite une t\u00eate d&#8217;impression haut de gamme qui peut imprimer jusqu&#8217;\u00e0 25 km en thermique direct et jusqu&#8217;\u00e0 50 km en transfert thermique avant de devoir \u00eatre remplac\u00e9e. <\/p>\n<p>Pour les applications n\u00e9cessitant un support m\u00e9dia encore plus large, le <a href=\"https:\/\/labeltech.ch\/fr\/produkt\/solid-45et\/\" title=\"SOLID 45ET - Imprimante \u00e0 transfert thermique moderne de Microplex\">SOLID 45ET<\/a>, compl\u00e9ment actuel de la gamme thermique SOLID, offre des options de connectivit\u00e9 \u00e9tendues.<\/p>\n<h3><strong>Grande m\u00e9moire pour de nombreux formulaires<\/strong><\/h3>\n<p>Avec une m\u00e9moire RAM de 256 Mo et une m\u00e9moire Flash de 256 Mo \u00e9galement, la SOLID T8 est capable de stocker des formulaires et des polices directement en m\u00e9moire afin de pouvoir les r\u00e9cup\u00e9rer rapidement en cas de besoin.<\/p>\n<h3><strong>Taille du support imprimable<\/strong><\/h3>\n<p>La SOLID T8 imprime efficacement et rapidement tous les mat\u00e9riaux courants jusqu&#8217;\u00e0 un grammage de 240 g\/m\u00b2. Les supports peuvent avoir une largeur de 10 \u00e0 25 cm, le diam\u00e8tre maximal des rouleaux est de 21 cm, avec un poids maximal de 5 kg. Le diam\u00e8tre du mandrin est variable de 38,1 \u00e0 102 mm. <\/p>\n<h3><strong>Les interfaces  <\/strong><\/h3>\n<p>La SOLID T8 est \u00e9quip\u00e9e en s\u00e9rie de ports USB et Ethernet (10\/100Mbit). Les interfaces R232, R5422 peuvent \u00eatre achet\u00e9es en option. Pour ceux qui souhaitent encore plus de confort, le WLAN est \u00e9galement disponible en option.<\/p>\n<p><strong>Avec son \u00e9mulation PCL5, l&#8217;imprimante est compatible avec le standard d&#8217;impression laser le plus r\u00e9pandu dans le monde.<\/strong><\/p>\n<h2><strong>Le Solid T8 avec fonction d&#8217;\u00e9conomie de film<\/strong><\/h2>\n<p>Elle fait de l&#8217;imprimante \u00e0 transfert thermique un appareil tr\u00e8s \u00e9conomique. D\u00e8s qu&#8217;il y a environ 6 mm d&#8217;espace libre dans le sens de l&#8217;impression, le syst\u00e8me automatique rel\u00e8ve la t\u00eate d&#8217;impression, arr\u00eate l&#8217;avance du ruban et fait avancer le support d&#8217;impression jusqu&#8217;\u00e0 la position d&#8217;impression suivante. La fonction d&#8217;\u00e9conomie de film r\u00e9duit la consommation de mat\u00e9riau et donc les co\u00fbts. <\/p>\n<h3><strong>Force de pression variable pour une pression optimale<\/strong><\/h3>\n<p>Gr\u00e2ce \u00e0 son excellente technique, la SOLID T8 imprime \u00e0 grande vitesse des plaques signal\u00e9tiques aussi rapidement que des \u00e9tiquettes en plastique ou en papier. Une image de haute qualit\u00e9 est obtenue gr\u00e2ce \u00e0 une adaptation optimale du film transfert au mat\u00e9riau \u00e0 imprimer et \u00e0 la possibilit\u00e9 de r\u00e9gler de mani\u00e8re variable la force de pression de la t\u00eate d&#8217;impression. Selon vos exigences individuelles, l&#8217;impression est r\u00e9sistante \u00e0 l&#8217;abrasion, aux intemp\u00e9ries et aux produits chimiques. SOLID T8, l&#8217;imprimante pour les applications \u00e0 temps critique.<\/p>\n<p>&nbsp;<\/p>\n","protected":false},"excerpt":{"rendered":"<p>Impression rapide pour les applications o\u00f9 le temps est un  [&#8230;]<\/p>\n","protected":false},"featured_media":8377,"comment_status":"closed","ping_status":"closed","template":"","meta":[],"product_brand":[],"product_cat":[83,80],"product_tag":[],"class_list":{"0":"post-3606","1":"product","2":"type-product","3":"status-publish","4":"has-post-thumbnail","6":"product_cat-imprimantes-thermique","7":"product_cat-microplex-fr","9":"first","10":"instock","11":"shipping-taxable","12":"product-type-external"},"_links":{"self":[{"href":"https:\/\/labeltech.ch\/fr\/wp-json\/wp\/v2\/product\/3606","targetHints":{"allow":["GET"]}}],"collection":[{"href":"https:\/\/labeltech.ch\/fr\/wp-json\/wp\/v2\/product"}],"about":[{"href":"https:\/\/labeltech.ch\/fr\/wp-json\/wp\/v2\/types\/product"}],"replies":[{"embeddable":true,"href":"https:\/\/labeltech.ch\/fr\/wp-json\/wp\/v2\/comments?post=3606"}],"wp:featuredmedia":[{"embeddable":true,"href":"https:\/\/labeltech.ch\/fr\/wp-json\/wp\/v2\/media\/8377"}],"wp:attachment":[{"href":"https:\/\/labeltech.ch\/fr\/wp-json\/wp\/v2\/media?parent=3606"}],"wp:term":[{"taxonomy":"product_brand","embeddable":true,"href":"https:\/\/labeltech.ch\/fr\/wp-json\/wp\/v2\/product_brand?post=3606"},{"taxonomy":"product_cat","embeddable":true,"href":"https:\/\/labeltech.ch\/fr\/wp-json\/wp\/v2\/product_cat?post=3606"},{"taxonomy":"product_tag","embeddable":true,"href":"https:\/\/labeltech.ch\/fr\/wp-json\/wp\/v2\/product_tag?post=3606"}],"curies":[{"name":"wp","href":"https:\/\/api.w.org\/{rel}","templated":true}]}}