{"id":3612,"date":"2019-07-29T15:21:40","date_gmt":"2019-07-29T13:21:40","guid":{"rendered":"https:\/\/labeltech.ch\/produkt\/3612\/"},"modified":"2026-04-21T15:25:02","modified_gmt":"2026-04-21T13:25:02","slug":"solid-50a3-3","status":"publish","type":"product","link":"https:\/\/labeltech.ch\/fr\/produkt\/solid-50a3-3\/","title":{"rendered":"SOLID 50A3-3"},"content":{"rendered":"<ul class=\"csc-bulletlist csc-bulletlist-0\">\n<li class=\"odd\">La solution adapt\u00e9e aux applications en flux tendu.<\/li>\n<li class=\"even\">Convient \u00e0 l&#8217;int\u00e9gration dans les lignes de production.<\/li>\n<li class=\"odd\">Synchronisation par interface API &#8211; en option.<\/li>\n<li class=\"even\">Sortie tr\u00e8s rapide de la premi\u00e8re page apr\u00e8s seulement 3 secondes.<\/li>\n<li class=\"odd\">50 pages A4 \/ 28 pages A3 par minute<\/li>\n<li class=\"even\">jusqu&#8217;\u00e0 5 100 feuilles maximum<\/li>\n<li class=\"odd\">Volume d&#8217;impression mensuel recommand\u00e9 &#8211; 50 000 pages<\/li>\n<li class=\"odd\">\u00c9dition face-up &#8211; en option<\/li>\n<\/ul>\n<p>&nbsp;<\/p>\n<p>Pour les volumes d&#8217;impression plus \u00e9lev\u00e9s dans la gamme A3, la <a href=\"https:\/\/labeltech.ch\/fr\/produkt\/solid-105a3-2\/\" title=\"SOLID 105A3-2 - Imprimante laser A3 feuille \u00e0 feuille plus puissante\">SOLID 105A3-2<\/a> de la gamme Microplex offre une alternative plus robuste pour un fonctionnement industriel continu.<\/p>\n<p>Avec sa premi\u00e8re page extr\u00eamement rapide, la SOLID 50A3-3 est l&#8217;imprimante id\u00e9ale pour les applications en flux tendu. Il combine une fiabilit\u00e9 maximale avec des possibilit\u00e9s \u00e9tendues de traitement du papier. La tablette \u00e0 facettes et l&#8217;option de contr\u00f4le PLC offrent des conditions optimales pour l&#8217;int\u00e9gration dans les lignes de production.<\/p>\n","protected":false},"excerpt":{"rendered":"<p>La solution adapt\u00e9e aux applications en flux tendu. Convient \u00e0  [&#8230;]<\/p>\n","protected":false},"featured_media":8357,"comment_status":"closed","ping_status":"closed","template":"","meta":[],"product_brand":[],"product_cat":[81,80],"product_tag":[],"class_list":{"0":"post-3612","1":"product","2":"type-product","3":"status-publish","4":"has-post-thumbnail","6":"product_cat-einzelblatt-laserdrucker-fr","7":"product_cat-microplex-fr","9":"first","10":"instock","11":"shipping-taxable","12":"product-type-external"},"_links":{"self":[{"href":"https:\/\/labeltech.ch\/fr\/wp-json\/wp\/v2\/product\/3612","targetHints":{"allow":["GET"]}}],"collection":[{"href":"https:\/\/labeltech.ch\/fr\/wp-json\/wp\/v2\/product"}],"about":[{"href":"https:\/\/labeltech.ch\/fr\/wp-json\/wp\/v2\/types\/product"}],"replies":[{"embeddable":true,"href":"https:\/\/labeltech.ch\/fr\/wp-json\/wp\/v2\/comments?post=3612"}],"wp:featuredmedia":[{"embeddable":true,"href":"https:\/\/labeltech.ch\/fr\/wp-json\/wp\/v2\/media\/8357"}],"wp:attachment":[{"href":"https:\/\/labeltech.ch\/fr\/wp-json\/wp\/v2\/media?parent=3612"}],"wp:term":[{"taxonomy":"product_brand","embeddable":true,"href":"https:\/\/labeltech.ch\/fr\/wp-json\/wp\/v2\/product_brand?post=3612"},{"taxonomy":"product_cat","embeddable":true,"href":"https:\/\/labeltech.ch\/fr\/wp-json\/wp\/v2\/product_cat?post=3612"},{"taxonomy":"product_tag","embeddable":true,"href":"https:\/\/labeltech.ch\/fr\/wp-json\/wp\/v2\/product_tag?post=3612"}],"curies":[{"name":"wp","href":"https:\/\/api.w.org\/{rel}","templated":true}]}}