{"id":3615,"date":"2019-07-29T15:20:51","date_gmt":"2019-07-29T13:20:51","guid":{"rendered":"https:\/\/labeltech.ch\/produkt\/3615\/"},"modified":"2023-04-17T15:47:35","modified_gmt":"2023-04-17T13:47:35","slug":"solid-90a3","status":"publish","type":"product","link":"https:\/\/labeltech.ch\/fr\/produkt\/solid-90a3\/","title":{"rendered":"SOLID 90A3"},"content":{"rendered":"<ul class=\"csc-bulletlist csc-bulletlist-0\">\n<li class=\"odd\">IMPRESSION JUST-IN-TIME &#8211; 6 secondes avant la premi\u00e8re impression<\/li>\n<li class=\"even\">G\u00c9N\u00c9RATION DE CODES BARRES &#8211; G\u00e9n\u00e9ration intelligente de codes barres dans l&#8217;imprimante &#8220;\u00e0 la vol\u00e9e<\/li>\n<li class=\"odd\">TRAITEMENT MULTIFONCTIONNEL DU PAPIER &#8211; Options d&#8217;extension flexibles pour l&#8217;alimentation et le stockage du papier<\/li>\n<li class=\"even\">SORTIE DE PAPIER FLEXIBLE &#8211; Sortie de papier configurable Face-Up\/Face-Down<\/li>\n<li class=\"odd\">CONTR\u00d4LE DE L&#8217;IMPRESSION \u00e0 100% &#8211; Status-Out Page-Control confirme chaque page correctement imprim\u00e9e via l&#8217;interface<\/li>\n<\/ul>\n<p>&nbsp;<\/p>\n<p>La sortie Face-Up et l&#8217;option SPS-Control fournissent des conditions optimales pour l&#8217;int\u00e9gration de la SOLID 90A3 dans les lignes de production. Des temps d&#8217;arr\u00eat minimaux gr\u00e2ce \u00e0 des intervalles de maintenance extr\u00eamement longs r\u00e9duisent les interruptions des processus de production \u00e0 un minimum. Le remplissage de toner peut m\u00eame se faire en cours d&#8217;impression.<\/p>\n<p>Exemples de domaines d&#8217;application :<\/p>\n<p>Impression de factures \u00e0 grande vitesse \u00e0 la fin du mois<br \/>\nImpression d&#8217;\u00e9tiquettes A3 \u00e0 haute vitesse pour les usines de papier et de carton &#8211; Premi\u00e8re page \u00e0 haute vitesse<br \/>\nDocuments A3 haute vitesse pour les informations sur les produits (automobile)<br \/>\nImpression recto-verso \u00e0 grande vitesse pour diff\u00e9rentes applications<\/p>\n<p>Tous les symboles de codes \u00e0 barres utilis\u00e9s sont disponibles, aucune police suppl\u00e9mentaire n&#8217;est n\u00e9cessaire.<br \/>\nDe nombreuses applications sont incluses, comme toujours avec le contr\u00f4leur MICROPLEX.<br \/>\nAvec plus de 30 \u00e9mulations existantes, il n&#8217;est g\u00e9n\u00e9ralement pas n\u00e9cessaire d&#8217;\u00e9craser un flux de donn\u00e9es.<\/p>\n","protected":false},"excerpt":{"rendered":"<p>IMPRESSION JUST-IN-TIME &#8211; 6 secondes avant la premi\u00e8re impression G\u00c9N\u00c9RATION  [&#8230;]<\/p>\n","protected":false},"featured_media":8365,"comment_status":"closed","ping_status":"closed","template":"","meta":[],"product_brand":[],"product_cat":[],"product_tag":[],"class_list":{"0":"post-3615","1":"product","2":"type-product","3":"status-publish","4":"has-post-thumbnail","7":"first","8":"instock","9":"shipping-taxable","10":"product-type-external"},"_links":{"self":[{"href":"https:\/\/labeltech.ch\/fr\/wp-json\/wp\/v2\/product\/3615","targetHints":{"allow":["GET"]}}],"collection":[{"href":"https:\/\/labeltech.ch\/fr\/wp-json\/wp\/v2\/product"}],"about":[{"href":"https:\/\/labeltech.ch\/fr\/wp-json\/wp\/v2\/types\/product"}],"replies":[{"embeddable":true,"href":"https:\/\/labeltech.ch\/fr\/wp-json\/wp\/v2\/comments?post=3615"}],"wp:featuredmedia":[{"embeddable":true,"href":"https:\/\/labeltech.ch\/fr\/wp-json\/wp\/v2\/media\/8365"}],"wp:attachment":[{"href":"https:\/\/labeltech.ch\/fr\/wp-json\/wp\/v2\/media?parent=3615"}],"wp:term":[{"taxonomy":"product_brand","embeddable":true,"href":"https:\/\/labeltech.ch\/fr\/wp-json\/wp\/v2\/product_brand?post=3615"},{"taxonomy":"product_cat","embeddable":true,"href":"https:\/\/labeltech.ch\/fr\/wp-json\/wp\/v2\/product_cat?post=3615"},{"taxonomy":"product_tag","embeddable":true,"href":"https:\/\/labeltech.ch\/fr\/wp-json\/wp\/v2\/product_tag?post=3615"}],"curies":[{"name":"wp","href":"https:\/\/api.w.org\/{rel}","templated":true}]}}