{"id":3628,"date":"2019-07-29T15:27:20","date_gmt":"2019-07-29T13:27:20","guid":{"rendered":"https:\/\/labeltech.ch\/produkt\/3628\/"},"modified":"2026-03-25T11:35:03","modified_gmt":"2026-03-25T10:35:03","slug":"solid-85e","status":"publish","type":"product","link":"https:\/\/labeltech.ch\/fr\/produkt\/solid-85e\/","title":{"rendered":"SOLID 85E"},"content":{"rendered":"<ul class=\"csc-bulletlist csc-bulletlist-0\">\n<li class=\"even\">M\u00e9dias exigeants comme le PE, le PVC, etc.<\/li>\n<li class=\"odd\">\u00c9tiquettes Impression par lots<\/li>\n<li class=\"even\">Impression de tickets, \u00e9tiquettes d&#8217;adresse (Cheshire)<\/li>\n<li class=\"odd\">Documents commerciaux (listes, factures, bons de livraison, &#8230;)<\/li>\n<li class=\"even\">Connexion facile \u00e0 SAP, AS\/400 (IPDS), Windows, &#8230;<\/li>\n<\/ul>\n<p class=\"bodytext\">Tant les faibles co\u00fbts d&#8217;exploitation, le prix d&#8217;achat peu \u00e9lev\u00e9 que la largeur de papier maximale de 18 pouces font de la SOLID 85E l&#8217;imprimante la plus \u00e9conomique de sa cat\u00e9gorie de performance. La fixation \u00e0 froid via des lampes flash au x\u00e9non permet de traiter des mat\u00e9riaux thermiquement sensibles. M\u00eame sur des supports d&#8217;impression \u00e9pais (jusqu&#8217;\u00e0 204 g\/m\u00b2), la fixation est fiable.<\/p>\n<p class=\"bodytext\">Le bac de pliage du papier (Power Stacker), inclus dans le prix d&#8217;achat, est optimis\u00e9 pour l&#8217;imprimante et d\u00e9pose les supports imprim\u00e9s de mani\u00e8re fiable.<\/p>\n<p class=\"bodytext\">La compatibilit\u00e9 avec un grand nombre de langages d&#8217;impression (\u00e9mulations) rend la SOLID 85E flexible, m\u00eame en remplacement d&#8217;anciens appareils qui ne sont plus disponibles sur le march\u00e9, comme par exemple Printronix L5020, L5031, L5531, SOLID 32E, Printronix L7032.<\/p>\n","protected":false},"excerpt":{"rendered":"<p>M\u00e9dias exigeants comme le PE, le PVC, etc. \u00c9tiquettes Impression  [&#8230;]<\/p>\n","protected":false},"featured_media":11435,"comment_status":"closed","ping_status":"closed","template":"","meta":[],"product_brand":[],"product_cat":[82,80],"product_tag":[],"class_list":{"0":"post-3628","1":"product","2":"type-product","3":"status-publish","4":"has-post-thumbnail","6":"product_cat-endlos-laserdrucker-fr","7":"product_cat-microplex-fr","9":"first","10":"instock","11":"shipping-taxable","12":"product-type-external"},"_links":{"self":[{"href":"https:\/\/labeltech.ch\/fr\/wp-json\/wp\/v2\/product\/3628","targetHints":{"allow":["GET"]}}],"collection":[{"href":"https:\/\/labeltech.ch\/fr\/wp-json\/wp\/v2\/product"}],"about":[{"href":"https:\/\/labeltech.ch\/fr\/wp-json\/wp\/v2\/types\/product"}],"replies":[{"embeddable":true,"href":"https:\/\/labeltech.ch\/fr\/wp-json\/wp\/v2\/comments?post=3628"}],"wp:featuredmedia":[{"embeddable":true,"href":"https:\/\/labeltech.ch\/fr\/wp-json\/wp\/v2\/media\/11435"}],"wp:attachment":[{"href":"https:\/\/labeltech.ch\/fr\/wp-json\/wp\/v2\/media?parent=3628"}],"wp:term":[{"taxonomy":"product_brand","embeddable":true,"href":"https:\/\/labeltech.ch\/fr\/wp-json\/wp\/v2\/product_brand?post=3628"},{"taxonomy":"product_cat","embeddable":true,"href":"https:\/\/labeltech.ch\/fr\/wp-json\/wp\/v2\/product_cat?post=3628"},{"taxonomy":"product_tag","embeddable":true,"href":"https:\/\/labeltech.ch\/fr\/wp-json\/wp\/v2\/product_tag?post=3628"}],"curies":[{"name":"wp","href":"https:\/\/api.w.org\/{rel}","templated":true}]}}