{"id":3631,"date":"2019-07-29T15:25:00","date_gmt":"2019-07-29T13:25:00","guid":{"rendered":"https:\/\/labeltech.ch\/produkt\/3631\/"},"modified":"2026-04-17T16:59:31","modified_gmt":"2026-04-17T14:59:31","slug":"solid-f40","status":"publish","type":"product","link":"https:\/\/labeltech.ch\/fr\/produkt\/solid-f40\/","title":{"rendered":"SOLID F40"},"content":{"rendered":"<ul class=\"csc-bulletlist csc-bulletlist-0\">\n<li class=\"odd\">Utilisation flexible pour les applications les plus diverses<\/li>\n<li class=\"even\">M\u00e9dias exigeants comme le PE, le PVC, etc.<\/li>\n<li class=\"odd\">\u00c9tiquettes Impression par lots<\/li>\n<li class=\"even\">Impression de tickets, \u00e9tiquettes d&#8217;adresse (Cheshire)<\/li>\n<li class=\"odd\">Documents commerciaux (listes, factures, bons de livraison, &#8230;)<\/li>\n<li class=\"even\">Le stacker est inclus dans l&#8217;appareil de base<\/li>\n<\/ul>\n<p>Tant les faibles co\u00fbts d&#8217;exploitation que le prix d&#8217;achat peu \u00e9lev\u00e9 font de la SOLIDF40 l&#8217;imprimante la plus \u00e9conomique de sa cat\u00e9gorie de puissance.<br \/>La fixation \u00e0 froid via des lampes flash au x\u00e9non permet de traiter des supports thermiquement sensibles. La fixation se fait \u00e9galement sans probl\u00e8me sur les mat\u00e9riaux \u00e9pais.<\/p>\n<p>Extension puissante de la ligne laser SOLID, la <a href=\"https:\/\/labeltech.ch\/fr\/produkt\/solid-120a3\/\" title=\"SOLID 120A3 - Imprimante laser feuille \u00e0 feuille haute performance de Microplex\">SOLID 120A3<\/a> convient aux applications haut volume jusqu&#8217;\u00e0 120 pages par minute.<\/p>\n","protected":false},"excerpt":{"rendered":"<p>Utilisation flexible pour les applications les plus diverses M\u00e9dias exigeants  [&#8230;]<\/p>\n","protected":false},"featured_media":11437,"comment_status":"closed","ping_status":"closed","template":"","meta":[],"product_brand":[],"product_cat":[82,80],"product_tag":[],"class_list":{"0":"post-3631","1":"product","2":"type-product","3":"status-publish","4":"has-post-thumbnail","6":"product_cat-endlos-laserdrucker-fr","7":"product_cat-microplex-fr","9":"first","10":"instock","11":"shipping-taxable","12":"product-type-external"},"_links":{"self":[{"href":"https:\/\/labeltech.ch\/fr\/wp-json\/wp\/v2\/product\/3631","targetHints":{"allow":["GET"]}}],"collection":[{"href":"https:\/\/labeltech.ch\/fr\/wp-json\/wp\/v2\/product"}],"about":[{"href":"https:\/\/labeltech.ch\/fr\/wp-json\/wp\/v2\/types\/product"}],"replies":[{"embeddable":true,"href":"https:\/\/labeltech.ch\/fr\/wp-json\/wp\/v2\/comments?post=3631"}],"wp:featuredmedia":[{"embeddable":true,"href":"https:\/\/labeltech.ch\/fr\/wp-json\/wp\/v2\/media\/11437"}],"wp:attachment":[{"href":"https:\/\/labeltech.ch\/fr\/wp-json\/wp\/v2\/media?parent=3631"}],"wp:term":[{"taxonomy":"product_brand","embeddable":true,"href":"https:\/\/labeltech.ch\/fr\/wp-json\/wp\/v2\/product_brand?post=3631"},{"taxonomy":"product_cat","embeddable":true,"href":"https:\/\/labeltech.ch\/fr\/wp-json\/wp\/v2\/product_cat?post=3631"},{"taxonomy":"product_tag","embeddable":true,"href":"https:\/\/labeltech.ch\/fr\/wp-json\/wp\/v2\/product_tag?post=3631"}],"curies":[{"name":"wp","href":"https:\/\/api.w.org\/{rel}","templated":true}]}}