{"id":4357,"date":"2020-07-30T16:08:45","date_gmt":"2020-07-30T14:08:45","guid":{"rendered":"https:\/\/labeltech.ch\/produkt\/tsc-ml240p\/"},"modified":"2026-04-17T17:01:55","modified_gmt":"2026-04-17T15:01:55","slug":"tsc-ml240p","status":"publish","type":"product","link":"https:\/\/labeltech.ch\/fr\/produkt\/tsc-ml240p\/","title":{"rendered":"TSC ML240P"},"content":{"rendered":"<h1>TSC ML240P &#8211; Imprimante d&#8217;\u00e9tiquettes \u00e0 transfert thermique pour l&#8217;industrie, l&#8217;entrep\u00f4t et la logistique<\/h1>\n<p>L&#8217;imprimante d&#8217;\u00e9tiquettes TSC ML240P fait partie d&#8217;une toute nouvelle g\u00e9n\u00e9ration d&#8217;imprimantes industrielles de codes \u00e0 barres \u00e0 haute performance qui se distinguent par leur faible encombrement, leur conception modulaire et leur qualit\u00e9 d&#8217;impression maximale. En tant qu&#8217;imprimante \u00e0 transfert thermique fiable, la ML240P g\u00e8re les t\u00e2ches d&#8217;impression les plus complexes &#8211; efficacement, avec une impression silencieuse et un faible encombrement. <\/p>\n<h2>Compact, robuste, flexible &#8211; pour des environnements de travail vari\u00e9s<\/h2>\n<p>Avec son bo\u00eetier robuste moul\u00e9 sous pression, sa base modulaire et sa t\u00eate d&#8217;impression r\u00e9glable (module TPH), la ML240P est id\u00e9ale pour les environnements de travail restreints. Son fonctionnement silencieux lui permet d&#8217;\u00eatre utilis\u00e9e dans des environnements sensibles au bruit, tels que le commerce de d\u00e9tail ou le secteur de la sant\u00e9, et se caract\u00e9rise notamment par sa flexibilit\u00e9. <\/p>\n<p>Son faible encombrement la rend particuli\u00e8rement adapt\u00e9e aux postes de travail o\u00f9 l&#8217;espace est limit\u00e9 &#8211; sans pour autant renoncer \u00e0 la performance. L&#8217;imprimante reste flexible, de l&#8217;\u00e9tiquette de production \u00e0 l&#8217;\u00e9tiquette d&#8217;exp\u00e9dition. <\/p>\n<h2>Techniquement avanc\u00e9 : diagnostic en temps r\u00e9el<\/h2>\n<p>L&#8217;une des principales caract\u00e9ristiques de la s\u00e9rie TSC ML240P est le syst\u00e8me d&#8217;autodiagnostic tph d\u00e9velopp\u00e9 par tsc. Celui-ci d\u00e9tecte en temps r\u00e9el l&#8217;\u00e9tat actuel de la t\u00eate d&#8217;impression et garantit une qualit\u00e9 d&#8217;impression \u00e9lev\u00e9e et durable ainsi qu&#8217;une rentabilit\u00e9 maximale. Les erreurs d&#8217;impression sont ainsi minimis\u00e9es et les frais de maintenance consid\u00e9rablement r\u00e9duits.  <\/p>\n<p>L&#8217;acc\u00e8s sans outil et la conception conviviale permettent de changer rapidement la t\u00eate d&#8217;impression et le cylindre, ce qui simplifie la maintenance et r\u00e9duit les temps d&#8217;arr\u00eat.<\/p>\n<h2>Le tsc ml240p cr\u00e9e de la valeur pour les entreprises et les employ\u00e9s<\/h2>\n<p>La TSC ML240P ne convainc pas seulement par ses performances techniques, mais offre des avantages tangibles dans le travail quotidien &#8211; aussi bien pour l&#8217;entreprise dans son ensemble que pour chaque personne impliqu\u00e9e dans le processus.<br \/>Gr\u00e2ce \u00e0 l&#8217;\u00e9cran couleur intuitif, au guidage par menu clair et \u00e0 l&#8217;acc\u00e8s sans outil \u00e0 la t\u00eate d&#8217;impression et au rouleau, les collaborateurs b\u00e9n\u00e9ficient d&#8217;une utilisation simple et d&#8217;une maintenance rapide &#8211; m\u00eame s&#8217;ils ont peu d&#8217;exp\u00e9rience avec les syst\u00e8mes d&#8217;impression d&#8217;\u00e9tiquettes. Les sources d&#8217;erreur et les temps d&#8217;arr\u00eat sont r\u00e9duits au minimum et les processus sont nettement acc\u00e9l\u00e9r\u00e9s. <\/p>\n<p>Alternative plus moderne de la ligne industrielle TSC, la <a href=\"https:\/\/labeltech.ch\/fr\/produkt\/serie-tsc-mh241\/\" title=\"S\u00e9rie TSC MH241 - Une imprimante industrielle moderne qui lui succ\u00e8de\">s\u00e9rie TSC MH241<\/a> offre un m\u00e9canisme TPH autonettoyant et un traitement am\u00e9lior\u00e9 des supports.<\/p>\n<p>Pour l&#8217;entreprise, cela signifie une productivit\u00e9 accrue, des co\u00fbts d&#8217;exploitation r\u00e9duits et un investissement s\u00fbr \u00e0 long terme dans un syst\u00e8me fiable qui peut \u00eatre adapt\u00e9 de mani\u00e8re flexible \u00e0 de nouveaux besoins. Gr\u00e2ce \u00e0 sa conception compacte, l&#8217;imprimante peut \u00eatre utilis\u00e9e dans les endroits o\u00f9 l&#8217;espace est limit\u00e9, sans faire de compromis sur la qualit\u00e9 d&#8217;impression ou la vitesse. <\/p>\n<h2>Une connectivit\u00e9 forte pour des besoins modernes<\/h2>\n<h3>La s\u00e9rie ML240P offre une large gamme d&#8217;interfaces :<\/h3>\n<ul>\n<li>USB 2.0 HS, RS-232, Ethernet interne<\/li>\n<li>en option : Bluetooth 4.2 MFi &amp; 802.11 a\/b\/g\/n WLAN (slot-in)<\/li>\n<\/ul>\n<p>L&#8217;imprimante est donc parfaitement adapt\u00e9e \u00e0 tout environnement informatique, des postes de travail autonomes aux lignes de production complexes en r\u00e9seau. La connexion d&#8217;accessoires tels que des scanners ou des claviers est \u00e9galement possible sans probl\u00e8me via le port h\u00f4te USB. <\/p>\n<h2>Aper\u00e7u des performances et des sp\u00e9cifications<\/h2>\n<ul>\n<li>M\u00e9thode d&#8217;impression : Thermique direct et transfert thermique<\/li>\n<li>R\u00e9solution d&#8217;impression : 203 dpi<\/li>\n<li>Max. Vitesse d&#8217;impression : 152 mm\/sec.<\/li>\n<li>Largeur d&#8217;impression : 108 mm<\/li>\n<li>Longueur d&#8217;impression : jusqu&#8217;\u00e0 25 400 mm a<\/li>\n<li>Largeur du mat\u00e9riau : 20-118 mm | \u00c9paisseur du mat\u00e9riau : 0,06-0,19 mm<\/li>\n<li>Rouleaux d&#8217;\u00e9tiquettes : jusqu&#8217;\u00e0 139,7 mm de diam\u00e8tre ext\u00e9rieur<\/li>\n<li>Prise en charge des codes \u00e0 barres : y compris Micro PDF 417, Maxicode, GS1 DataMatrix, QR Code, etc.<\/li>\n<li>Langage de commande : TSPL-EZD (compatible avec EPL, ZPL, ZPL II, DPL)<\/li>\n<li>Certifications : CE, FCC, T\u00dcV\/S\u00e9curit\u00e9, RoHS, WEEE<\/li>\n<\/ul>\n<h3>\nLa ML240P est id\u00e9ale pour ces secteurs :<\/h3>\n<ul>\n<li>Production : marquage de produits semi-finis, \u00e9tiquettes de justificatifs<\/li>\n<li>Entrep\u00f4t et logistique : emballage, sortie de marchandises, gestion des stocks<\/li>\n<li>secteur de la sant\u00e9 : \u00c9tiquetage d&#8217;\u00e9chantillons, bracelets pour patients<\/li>\n<li>Commerce de d\u00e9tail : \u00e9tiquettes de prix et de produits, tickets d&#8217;\u00e9v\u00e9nements<\/li>\n<\/ul>\n<p>N&#8217;h\u00e9sitez pas \u00e0 nous <a href=\"https:\/\/labeltech.ch\/fr\/contact\/\">contacter<\/a> pour obtenir des conseils personnalis\u00e9s ou pour toute autre question !<\/p>\n<p>&nbsp;<\/p>\n","protected":false},"excerpt":{"rendered":"<p><br data-mce-bogus=\"1\"><\/p>\n","protected":false},"featured_media":4348,"comment_status":"closed","ping_status":"closed","template":"","meta":[],"product_brand":[],"product_cat":[99],"product_tag":[],"class_list":{"0":"post-4357","1":"product","2":"type-product","3":"status-publish","4":"has-post-thumbnail","6":"product_cat-tsc-fr","8":"first","9":"instock","10":"shipping-taxable","11":"product-type-external"},"_links":{"self":[{"href":"https:\/\/labeltech.ch\/fr\/wp-json\/wp\/v2\/product\/4357","targetHints":{"allow":["GET"]}}],"collection":[{"href":"https:\/\/labeltech.ch\/fr\/wp-json\/wp\/v2\/product"}],"about":[{"href":"https:\/\/labeltech.ch\/fr\/wp-json\/wp\/v2\/types\/product"}],"replies":[{"embeddable":true,"href":"https:\/\/labeltech.ch\/fr\/wp-json\/wp\/v2\/comments?post=4357"}],"wp:featuredmedia":[{"embeddable":true,"href":"https:\/\/labeltech.ch\/fr\/wp-json\/wp\/v2\/media\/4348"}],"wp:attachment":[{"href":"https:\/\/labeltech.ch\/fr\/wp-json\/wp\/v2\/media?parent=4357"}],"wp:term":[{"taxonomy":"product_brand","embeddable":true,"href":"https:\/\/labeltech.ch\/fr\/wp-json\/wp\/v2\/product_brand?post=4357"},{"taxonomy":"product_cat","embeddable":true,"href":"https:\/\/labeltech.ch\/fr\/wp-json\/wp\/v2\/product_cat?post=4357"},{"taxonomy":"product_tag","embeddable":true,"href":"https:\/\/labeltech.ch\/fr\/wp-json\/wp\/v2\/product_tag?post=4357"}],"curies":[{"name":"wp","href":"https:\/\/api.w.org\/{rel}","templated":true}]}}