{"id":4376,"date":"2020-07-30T17:00:54","date_gmt":"2020-07-30T15:00:54","guid":{"rendered":"https:\/\/labeltech.ch\/produkt\/tsc-te200\/"},"modified":"2026-04-17T17:02:41","modified_gmt":"2026-04-17T15:02:41","slug":"tsc-te200","status":"publish","type":"product","link":"https:\/\/labeltech.ch\/fr\/produkt\/tsc-te200\/","title":{"rendered":"TSC TE200"},"content":{"rendered":"<h2 data-start=\"251\" data-end=\"350\">TSC TE200 &#8211; Imprimante d&#8217;\u00e9tiquettes \u00e0 transfert thermique haute performance pour applications professionnelles<\/h2>\n<p>La TSC TE200 est une imprimante d&#8217;\u00e9tiquettes \u00e0 transfert thermique polyvalente et robuste, sp\u00e9cialement con\u00e7ue pour une utilisation dans des environnements industriels, commerciaux et logistiques. Son format compact d&#8217;imprimante de bureau, combin\u00e9 \u00e0 une vitesse d&#8217;impression \u00e9lev\u00e9e et \u00e0 un traitement flexible des supports, en fait la solution id\u00e9ale pour les entreprises qui recherchent une impression d&#8217;\u00e9tiquettes fiable, rapide et pr\u00e9cise. <\/p>\n<h2>Imprimante d&#8217;\u00e9tiquettes TSC TE200 : impression rapide avec une r\u00e9solution de 203 dpi<\/h2>\n<p>Avec une vitesse d&#8217;impression allant jusqu&#8217;\u00e0 152,4 mm (6&#8243;) par seconde et une r\u00e9solution d&#8217;impression de 203dpi, la tsc te200 fournit des \u00e9tiquettes d&#8217;une grande nettet\u00e9 pour les applications les plus diverses. Qu&#8217;il s&#8217;agisse de textes, de codes \u00e0 barres ou de logos, l&#8217;impression est claire et durable. Pour des \u00e9tiquettes particuli\u00e8rement d\u00e9taill\u00e9es, le mod\u00e8le TE300 avec une r\u00e9solution de 300 dpi est disponible en option.  <\/p>\n<h2>Traitement flexible des supports pour les formats d&#8217;\u00e9tiquettes les plus divers<\/h2>\n<p>La TE200 accepte des films jusqu&#8217;\u00e0 300 m\u00e8tres sur un mandrin de 1&#8243; (25,4 mm, rev\u00eatement ext\u00e9rieur) et des rouleaux de 72 \u00e0 110 m\u00e8tres sur un mandrin de 0,5&#8243; (12,7 mm, rev\u00eatement ext\u00e9rieur). La largeur du support peut atteindre 112 mm, tandis que la largeur d&#8217;impression maximale est de 108 mm, ce qui est id\u00e9al pour une grande vari\u00e9t\u00e9 de tailles d&#8217;\u00e9tiquettes. Le support interne permet d&#8217;utiliser des rouleaux d&#8217;\u00e9tiquettes d&#8217;un diam\u00e8tre maximal de 127 mm, et un support externe en option permet d&#8217;utiliser des rouleaux d&#8217;un diam\u00e8tre ext\u00e9rieur maximal de 214 mm sur un mandrin de 3&#8243; (76,2 mm). La TE200 est ainsi \u00e9quip\u00e9e pour les applications d&#8217;\u00e9tiquetage standard et sp\u00e9cialis\u00e9es.   <\/p>\n<h2>Int\u00e9gration au kiosque gr\u00e2ce \u00e0 un groupe d&#8217;impression modulaire<\/h2>\n<p>Une caract\u00e9ristique particuli\u00e8re de la TSC TE200 est son moteur d&#8217;impression amovible, con\u00e7u pour \u00eatre int\u00e9gr\u00e9 dans des syst\u00e8mes kiosques ou des solutions OEM sur mesure. Cela permet une flexibilit\u00e9 d&#8217;utilisation maximale, que ce soit en tant qu&#8217;imprimante de bureau autonome ou int\u00e9gr\u00e9e dans des distributeurs automatiques, des terminaux ou des applications industrielles personnalis\u00e9es. <\/p>\n<h2>Un mat\u00e9riel performant pour des travaux d&#8217;impression exigeants<\/h2>\n<p>L&#8217;imprimante TE200 est dot\u00e9e d&#8217;un processeur 32 bits RISC 400 MHz rapide qui assure un traitement fluide, m\u00eame pour les gros volumes d&#8217;impression. Les versions de base TE200 et TE300 sont \u00e9quip\u00e9es de 16 Mo de RAM et de 8 Mo de Flash. Pour des mises en page d&#8217;\u00e9tiquettes encore plus \u00e9tendues ou des polices de caract\u00e8res complexes, les mod\u00e8les TE210 et TE310 sont disponibles avec 64 Mo de SDRAM et 128 Mo de Flash. Cet \u00e9quipement offre suffisamment de r\u00e9serves pour chaque application, m\u00eame pour les travaux n\u00e9cessitant beaucoup de donn\u00e9es.   <\/p>\n<p>Pour les applications n\u00e9cessitant un plus grand confort, la <a href=\"https:\/\/labeltech.ch\/fr\/produkt\/tsc-tc-serie\/\" title=\"S\u00e9rie TSC TC - Imprimante d'\u00e9tiquettes de bureau avec plus de fonctionnalit\u00e9s\">s\u00e9rie TSC TC<\/a> offre un \u00e9cran et des interfaces avanc\u00e9es dans un facteur de forme compact.<\/p>\n<h2>TSPL-EZ pour une compatibilit\u00e9 maximale<\/h2>\n<p>Le firmware TSPL-EZ facilite la prise en main : il \u00e9mule automatiquement les langages d&#8217;impression courants TPLE, TPLZ et TPLD, ce qui permet d&#8217;int\u00e9grer la TE200 dans des syst\u00e8mes existants sans configuration suppl\u00e9mentaire. En outre, l&#8217;appareil prend en charge les polices TrueType \u00e9volutives en interne, ce qui permet de personnaliser la pr\u00e9sentation directement dans l&#8217;imprimante. Des pilotes Windows\u00ae gratuits et un logiciel de conception d&#8217;\u00e9tiquettes sont disponibles en t\u00e9l\u00e9chargement, ce qui permet de gagner du temps et de r\u00e9duire consid\u00e9rablement la barri\u00e8re \u00e0 l&#8217;entr\u00e9e. Chaque pilote est disponible sur le <a href=\"https:\/\/emea.tscprinters.com\/de\/downloads\" target=\"_blank\" rel=\"noopener noreferrer nofollow\">site web<\/a>, ce qui rend l&#8217;installation tr\u00e8s facile. Il suffit d&#8217;installer le pilote appropri\u00e9 et de commencer \u00e0 travailler !    <\/p>\n<h2>Une connexion facile et une utilisation imm\u00e9diate<\/h2>\n<p>La TSC TE200 prend en charge les connexions standard d&#8217;un ordinateur, l&#8217;\u00e9quipement standard comprend un port USB pour un transfert de donn\u00e9es rapide et stable. L&#8217;imprimante d&#8217;\u00e9tiquettes est livr\u00e9e avec un c\u00e2ble d&#8217;alimentation et un bloc d&#8217;alimentation, ce qui permet de l&#8217;utiliser imm\u00e9diatement. <\/p>\n<h2>Efficace sur le plan \u00e9nerg\u00e9tique et \u00e0 l&#8217;\u00e9preuve du temps<\/h2>\n<p>La s\u00e9rie TSC TE200 est certifi\u00e9e ENERGY STAR\u00ae et r\u00e9pond donc \u00e0 des directives strictes en mati\u00e8re d&#8217;efficacit\u00e9 \u00e9nerg\u00e9tique et de respect de l&#8217;environnement. La t\u00eate d&#8217;impression durable, la technologie fiable et le bo\u00eetier robuste garantissent une longue dur\u00e9e de vie et font de la TE200 un investissement durable. M\u00eame en utilisation continue, elle reste fiable, stable et \u00e9conomique.  <\/p>\n<h2>TSC Printronix Auto ID<\/h2>\n<p>TSC Printronix Auto ID est un leader mondial dans le d\u00e9veloppement et la fourniture de solutions innovantes d&#8217;impression thermique, d&#8217;identification automatique, de capture de donn\u00e9es et d&#8217;impression d&#8217;\u00e9tiquettes thermiques. TSC propose des imprimantes de bureau \u00e9conomiques pour des solutions industrielles performantes. Printronix Auto ID propose des applications haut de gamme au niveau de l&#8217;entreprise avec un choix de fonctionnalit\u00e9s haut de gamme, y compris l&#8217;encodage RFID et la v\u00e9rification int\u00e9gr\u00e9e des codes \u00e0 barres. Fond\u00e9e en 1991, l&#8217;entreprise exploite des sites de production certifi\u00e9s ISO et dispose de bureaux dans le monde entier, au service de clients dans plus de 100 pays.   <\/p>\n","protected":false},"excerpt":{"rendered":"<p>TSC TE200 &#8211; Imprimante d&#8217;\u00e9tiquettes \u00e0 transfert thermique haute performance  [&#8230;]<\/p>\n","protected":false},"featured_media":4511,"comment_status":"closed","ping_status":"closed","template":"","meta":[],"product_brand":[],"product_cat":[73,72,99],"product_tag":[],"class_list":{"0":"post-4376","1":"product","2":"type-product","3":"status-publish","4":"has-post-thumbnail","6":"product_cat-desktop-fr","7":"product_cat-imprimantes","8":"product_cat-tsc-fr","10":"first","11":"instock","12":"shipping-taxable","13":"product-type-external"},"_links":{"self":[{"href":"https:\/\/labeltech.ch\/fr\/wp-json\/wp\/v2\/product\/4376","targetHints":{"allow":["GET"]}}],"collection":[{"href":"https:\/\/labeltech.ch\/fr\/wp-json\/wp\/v2\/product"}],"about":[{"href":"https:\/\/labeltech.ch\/fr\/wp-json\/wp\/v2\/types\/product"}],"replies":[{"embeddable":true,"href":"https:\/\/labeltech.ch\/fr\/wp-json\/wp\/v2\/comments?post=4376"}],"wp:featuredmedia":[{"embeddable":true,"href":"https:\/\/labeltech.ch\/fr\/wp-json\/wp\/v2\/media\/4511"}],"wp:attachment":[{"href":"https:\/\/labeltech.ch\/fr\/wp-json\/wp\/v2\/media?parent=4376"}],"wp:term":[{"taxonomy":"product_brand","embeddable":true,"href":"https:\/\/labeltech.ch\/fr\/wp-json\/wp\/v2\/product_brand?post=4376"},{"taxonomy":"product_cat","embeddable":true,"href":"https:\/\/labeltech.ch\/fr\/wp-json\/wp\/v2\/product_cat?post=4376"},{"taxonomy":"product_tag","embeddable":true,"href":"https:\/\/labeltech.ch\/fr\/wp-json\/wp\/v2\/product_tag?post=4376"}],"curies":[{"name":"wp","href":"https:\/\/api.w.org\/{rel}","templated":true}]}}