{"id":4389,"date":"2020-07-30T17:13:06","date_gmt":"2020-07-30T15:13:06","guid":{"rendered":"https:\/\/labeltech.ch\/produkt\/tsc-cpx4\/"},"modified":"2023-03-29T16:17:00","modified_gmt":"2023-03-29T14:17:00","slug":"tsc-cpx4","status":"publish","type":"product","link":"https:\/\/labeltech.ch\/fr\/produkt\/tsc-cpx4\/","title":{"rendered":"TSC CPX4"},"content":{"rendered":"<p><strong>Plus de couleurs et des perspectives \u00e9largies dans les affaires<\/strong><\/p>\n<ul>\n<li>Excellente vitesse d&#8217;impression<\/li>\n<li>Grande flexibilit\u00e9<\/li>\n<li>Un service complet<\/li>\n<li>Une qualit\u00e9 d&#8217;impression exceptionnelle<\/li>\n<li>Rapport qualit\u00e9-prix optimal<\/li>\n<li>Minimisation des d\u00e9chets et des co\u00fbts<\/li>\n<\/ul>\n<p>La s\u00e9rie CPX4, compos\u00e9e des mod\u00e8les CPX4P (encre pigmentaire) et CPX4D (encre dye), est une solution de marquage haute performance pour &#8220;l&#8217;impression d&#8217;\u00e9tiquettes couleur \u00e0 la demande&#8221; sp\u00e9cifique au client. Les deux mod\u00e8les se distinguent par une excellente qualit\u00e9 d&#8217;impression et un r\u00e9sultat brillant en termes de couleurs. Par rapport aux \u00e9tiquettes pr\u00e9-imprim\u00e9es, l&#8217;impression num\u00e9rique d&#8217;\u00e9tiquettes permet d&#8217;imprimer de mani\u00e8re plus rentable de petites s\u00e9ries \u00e0 contenu variable sur une largeur de support de 25,4 mm \u00e0 120 mm maximum. La s\u00e9rie CPX4 facilite la cr\u00e9ation et l&#8217;impression de diff\u00e9rents designs d&#8217;\u00e9tiquettes aux couleurs vives en peu de temps.<\/p>\n<p>Avec le programme de gestion des couleurs TSC, les couleurs sont imprim\u00e9es avec pr\u00e9cision et, gr\u00e2ce \u00e0 une r\u00e9solution d&#8217;impression de 1200 x 1200 dpi, les images, les codes \u00e0 barres, le texte et les caract\u00e8res sont toujours clairement reproduits.<br \/>\nLa s\u00e9rie CPX4 est un choix id\u00e9al pour r\u00e9pondre aux multiples besoins de marquage du march\u00e9, aujourd&#8217;hui comme demain. Fiables, efficaces, simples et surtout tr\u00e8s flexibles, les \u00e9tiquettes les plus diverses peuvent \u00eatre produites confortablement en quelques clics seulement, sans qu&#8217;il soit n\u00e9cessaire de faire des concessions sur la qualit\u00e9. La s\u00e9rie est assortie d&#8217;une garantie d&#8217;un an et d&#8217;une assistance de premier ordre.<\/p>\n","protected":false},"excerpt":{"rendered":"<p>Plus de couleurs et des perspectives \u00e9largies dans les affaires  [&#8230;]<\/p>\n","protected":false},"featured_media":4393,"comment_status":"closed","ping_status":"closed","template":"","meta":[],"product_brand":[],"product_cat":[],"product_tag":[],"class_list":{"0":"post-4389","1":"product","2":"type-product","3":"status-publish","4":"has-post-thumbnail","7":"first","8":"instock","9":"shipping-taxable","10":"product-type-external"},"_links":{"self":[{"href":"https:\/\/labeltech.ch\/fr\/wp-json\/wp\/v2\/product\/4389","targetHints":{"allow":["GET"]}}],"collection":[{"href":"https:\/\/labeltech.ch\/fr\/wp-json\/wp\/v2\/product"}],"about":[{"href":"https:\/\/labeltech.ch\/fr\/wp-json\/wp\/v2\/types\/product"}],"replies":[{"embeddable":true,"href":"https:\/\/labeltech.ch\/fr\/wp-json\/wp\/v2\/comments?post=4389"}],"wp:featuredmedia":[{"embeddable":true,"href":"https:\/\/labeltech.ch\/fr\/wp-json\/wp\/v2\/media\/4393"}],"wp:attachment":[{"href":"https:\/\/labeltech.ch\/fr\/wp-json\/wp\/v2\/media?parent=4389"}],"wp:term":[{"taxonomy":"product_brand","embeddable":true,"href":"https:\/\/labeltech.ch\/fr\/wp-json\/wp\/v2\/product_brand?post=4389"},{"taxonomy":"product_cat","embeddable":true,"href":"https:\/\/labeltech.ch\/fr\/wp-json\/wp\/v2\/product_cat?post=4389"},{"taxonomy":"product_tag","embeddable":true,"href":"https:\/\/labeltech.ch\/fr\/wp-json\/wp\/v2\/product_tag?post=4389"}],"curies":[{"name":"wp","href":"https:\/\/api.w.org\/{rel}","templated":true}]}}