{"id":4552,"date":"2019-07-29T14:59:34","date_gmt":"2019-07-29T12:59:34","guid":{"rendered":"https:\/\/labeltech.ch\/produkt\/solid-t4-2\/"},"modified":"2026-04-17T16:59:15","modified_gmt":"2026-04-17T14:59:15","slug":"solid-t4-2","status":"publish","type":"product","link":"https:\/\/labeltech.ch\/fr\/produkt\/solid-t4-2\/","title":{"rendered":"SOLID T4-2"},"content":{"rendered":"<ul class=\"csc-bulletlist csc-bulletlist-0\">\n<li class=\"odd\">Impression rapide pour les applications o\u00f9 le temps est un facteur critique<\/li>\n<li class=\"even\">Convient pour les mat\u00e9riaux \u00e9pais<\/li>\n<li class=\"odd\">De nombreuses \u00e9mulations comme PCL5, ZPL II, EPL et Datamax en standard<\/li>\n<li class=\"even\">Transfert thermique\/thermodirect, t\u00eate d&#8217;impression near-edge<\/li>\n<li class=\"odd\">154 mm de largeur de support &#8211; 106 mm imprimable<\/li>\n<li class=\"even\">R\u00e9solution d&#8217;impression de 300dpi<\/li>\n<li class=\"odd\">Vitesse d&#8217;impression max. 16 pouces (406 mm) par seconde<\/li>\n<\/ul>\n<h2><strong>SOLID T4-2 de Microplex<\/strong><\/h2>\n<p>La SOLID T4-2 est une <a title=\"Nos imprimantes thermiques Microplex\" href=\"https:\/\/labeltech.ch\/fr\/produits\/microplex\/imprimante-thermique\/\">imprimante thermique<\/a> rapide de 4 pouces (disponible en option avec une largeur d&#8217;impression de 5 pouces) de construction tr\u00e8s robuste et donc adapt\u00e9e aux environnements industriels difficiles. Une utilisation tr\u00e8s simple et une intelligence int\u00e9gr\u00e9e garantissent un fonctionnement s\u00fbr.<\/p>\n<p>Gr\u00e2ce \u00e0 PCL5e, l&#8217;imprimante est compatible avec les imprimantes laser et optimale pour les applications sous SAP, et gr\u00e2ce \u00e0 la premi\u00e8re page rapide, \u00e9galement pour l&#8217;utilisation d&#8217;impressions \u00e0 la demande.<\/p>\n<h2>Mon nom est SOLID T4-2<\/h2>\n<p>Bonjour ! Je suis une imprimante thermique haute performance pour le secteur de la logistique et de la production. Comme vous pouvez le constater, je parle allemand. Cela s&#8217;explique par le fait que je suis fabriqu\u00e9 en Allemagne et que la soci\u00e9t\u00e9 Microplex Printware AG de Varel, qui m&#8217;assemble, existe depuis 1987. Je suis la haute technologie allemande pour le monde entier.<\/p>\n<h3><strong>Convient pour les tr\u00e8s petits codes \u00e0 barres et les graphiques tr\u00e8s nets<\/strong><\/h3>\n<p>Avec une r\u00e9solution d&#8217;impression de 300 x 300 dpi, je vous imprime des \u00e9tiquettes, des autocollants et des tags \u00e0 une vitesse pouvant atteindre 24 m\u00e8tres par minute. Si vous m&#8217;utilisez comme imprimante \u00e0 transfert thermique, ma t\u00eate d&#8217;impression durera jusqu&#8217;\u00e0 50 km, si vous m&#8217;utilisez comme imprimante thermique directe, ma t\u00eate d&#8217;impression durera jusqu&#8217;\u00e0 25 km avant de devoir \u00eatre remplac\u00e9e.<\/p>\n<h3><strong>Installer, presque partout<\/strong><\/h3>\n<p>Comme mon \u00e9cran se trouve sur la face avant, vous pouvez me poser sur le bureau, sous le bureau ou m\u00eame sur une \u00e9tag\u00e8re. En effet, je ne mesure que 32 cm de large, 49 cm de profondeur, un peu plus de 30 cm de hauteur et je ne p\u00e8se que 20 kg, malgr\u00e9 mon bo\u00eetier m\u00e9tallique robuste.<\/p>\n<p>Le successeur direct dans la gamme thermique de Microplex est l&#8217;<a href=\"https:\/\/labeltech.ch\/fr\/produkt\/imprimante-detiquettes-solid-t4-3\/\" title=\"SOLID T4-3 - Successeur actuel de la SOLID T4-2\">imprimante d&#8217;\u00e9tiquettes SOLID T4-3<\/a>, qui permet un remplacement facile gr\u00e2ce \u00e0 son facteur de forme compatible.<\/p>\n<h3><strong>L&#8217;image imprim\u00e9e<\/strong><\/h3>\n<p>Si vous utilisez le film de transfert thermique adapt\u00e9 au mat\u00e9riau \u00e0 imprimer et que vous r\u00e9glez avec pr\u00e9cision la force de pression de la t\u00eate d&#8217;impression, vous obtiendrez de moi une image imprim\u00e9e de haute qualit\u00e9 et r\u00e9sistante, qui se d\u00e9fendra \u00e9galement avec succ\u00e8s contre les intemp\u00e9ries, les produits chimiques et alcalins, les huiles et les graisses. Mes rubans \u00e0 transfert thermique peuvent avoir une longueur allant jusqu&#8217;\u00e0 600 m\u00e8tres, soit la longueur de 4000 cartes postales A6.<\/p>\n<h3><strong>Avec qui puis-je communiquer<\/strong><\/h3>\n<p>Pour que la communication entre les ordinateurs et moi fonctionne, l&#8217;ordinateur et moi devons utiliser des codes identiques. Cela signifie que l&#8217;imprimante, moi-m\u00eame, et les pilotes d&#8217;impression doivent utiliser la m\u00eame \u00e9mulation. J&#8217;ai beaucoup de ces \u00e9mulations \u00e0 bord, plus de 17. Si jamais il m&#8217;en manque une, elle est disponible en option. En outre, je suis compatible \u00e0 100 % avec les imprimantes SAP et laser et je dispose de plusieurs interfaces telles que USB, Centronics et Ethernet. En option, je peux aussi \u00eatre pilot\u00e9 par WLAN.<\/p>\n<h2><strong>Le contr\u00f4leur Microplex<\/strong><\/h2>\n<p>Mon contr\u00f4leur a de meilleures performances que l&#8217;ancien avec une m\u00e9moire plus grande et de nombreuses nouveaut\u00e9s comme l&#8217;impression PDF en option et l&#8217;\u00e9mulation IGP\/PGL en standard. La gestion des formulaires peut \u00eatre achet\u00e9e en option. Il permet de stocker des formulaires et des polices en m\u00e9moire, d&#8217;une taille de 256 Mo, et de les r\u00e9cup\u00e9rer \u00e0 la demande. Je suis \u00e9galement disponible avec une interface GPIO programmable (SPS-Control). Cela me permet de m&#8217;int\u00e9grer directement dans les lignes de processus et de laisser mon contr\u00f4le \u00e0 l&#8217;interface GPIO.<\/p>\n<h3><strong>Mes fonctions suppl\u00e9mentaires sont<\/strong><\/h3>\n<ul>\n<li>Bien entendu, je suis compatible avec le r\u00e9seau selon IEEE 802.1x.<\/li>\n<li>La g\u00e9n\u00e9ration de code-barres est g\u00e9n\u00e9r\u00e9e -\u00e0 la vol\u00e9e- par mon contr\u00f4leur.<\/li>\n<li>Le fractionnement de format divise une page en plusieurs sous-formats.<\/li>\n<li>En tant qu&#8217;imprimante, je suis \u00e9galement \u00e9conome avec le mode Ribbon Save :<\/li>\n<li>Pour les passages non imprim\u00e9s de plus de 1,2 cm, je rel\u00e8ve la t\u00eate d&#8217;impression afin d&#8217;\u00e9conomiser du ruban.<\/li>\n<\/ul>\n<h3><strong>Une int\u00e9gration sans probl\u00e8me dans le syst\u00e8me<\/strong><\/h3>\n<p>Comme je parle un grand nombre de langages d&#8217;impression appel\u00e9s \u00e9mulations, comme HP PCL5e ou PCL5, aucune intervention sp\u00e9ciale n&#8217;est n\u00e9cessaire dans le syst\u00e8me, et encore moins une programmation co\u00fbteuse. Mon int\u00e9gration dans le syst\u00e8me se fait toujours sans probl\u00e8me, en \u00e9conomisant du temps et de l&#8217;argent, et SAP me comprend toujours. Je suis le SOLID T4-2, Made in Germany.<\/p>\n","protected":false},"excerpt":{"rendered":"<p>Impression rapide pour les applications o\u00f9 le temps est un  [&#8230;]<\/p>\n","protected":false},"featured_media":8372,"comment_status":"closed","ping_status":"closed","template":"","meta":[],"product_brand":[],"product_cat":[83,80],"product_tag":[],"class_list":{"0":"post-4552","1":"product","2":"type-product","3":"status-publish","4":"has-post-thumbnail","6":"product_cat-imprimantes-thermique","7":"product_cat-microplex-fr","9":"first","10":"instock","11":"shipping-taxable","12":"product-type-external"},"_links":{"self":[{"href":"https:\/\/labeltech.ch\/fr\/wp-json\/wp\/v2\/product\/4552","targetHints":{"allow":["GET"]}}],"collection":[{"href":"https:\/\/labeltech.ch\/fr\/wp-json\/wp\/v2\/product"}],"about":[{"href":"https:\/\/labeltech.ch\/fr\/wp-json\/wp\/v2\/types\/product"}],"replies":[{"embeddable":true,"href":"https:\/\/labeltech.ch\/fr\/wp-json\/wp\/v2\/comments?post=4552"}],"wp:featuredmedia":[{"embeddable":true,"href":"https:\/\/labeltech.ch\/fr\/wp-json\/wp\/v2\/media\/8372"}],"wp:attachment":[{"href":"https:\/\/labeltech.ch\/fr\/wp-json\/wp\/v2\/media?parent=4552"}],"wp:term":[{"taxonomy":"product_brand","embeddable":true,"href":"https:\/\/labeltech.ch\/fr\/wp-json\/wp\/v2\/product_brand?post=4552"},{"taxonomy":"product_cat","embeddable":true,"href":"https:\/\/labeltech.ch\/fr\/wp-json\/wp\/v2\/product_cat?post=4552"},{"taxonomy":"product_tag","embeddable":true,"href":"https:\/\/labeltech.ch\/fr\/wp-json\/wp\/v2\/product_tag?post=4552"}],"curies":[{"name":"wp","href":"https:\/\/api.w.org\/{rel}","templated":true}]}}