{"id":4676,"date":"2020-11-26T14:51:13","date_gmt":"2020-11-26T13:51:13","guid":{"rendered":"https:\/\/labeltech.ch\/?post_type=product&#038;p=4676"},"modified":"2026-04-17T17:02:09","modified_gmt":"2026-04-17T15:02:09","slug":"novexx-solutions-xto","status":"publish","type":"product","link":"https:\/\/labeltech.ch\/fr\/produkt\/novexx-solutions-xto\/","title":{"rendered":"Novexx XTO"},"content":{"rendered":"<h2><strong>Facilit\u00e9 d&#8217;utilisation maximale : le nouveau XTO<\/strong><\/h2>\n<ul>\n<li>Meilleur rapport qualit\u00e9-prix<\/li>\n<li>Dur\u00e9e maximale<\/li>\n<li>Haute efficacit\u00e9 \u00e9nerg\u00e9tique et faibles co\u00fbts<\/li>\n<li>Flexibilit\u00e9 d&#8217;int\u00e9gration maximale<\/li>\n<li>Plus de durabilit\u00e9<\/li>\n<li>Une grande performance d&#8217;impression<\/li>\n<li>Acc\u00e8s de n&#8217;importe o\u00f9<\/li>\n<li>Entretien et nettoyage faciles<\/li>\n<\/ul>\n<h3>L&#8217;utilisateur est au centre des pr\u00e9occupations<\/h3>\n<p>Le XTO est facile et agr\u00e9able \u00e0 utiliser. Le d\u00e9veloppement s&#8217;est appuy\u00e9 sur une \u00e9tude de march\u00e9 approfondie combin\u00e9e \u00e0 des interviews de clients. Ainsi, le XTO offre une forte focalisation sur l&#8217;op\u00e9rateur.<\/p>\n<p>La toute nouvelle XTO est votre solution pour l&#8217;impression en grande quantit\u00e9 de donn\u00e9es variables en mode intermittent sur des films d&#8217;emballage. Gr\u00e2ce \u00e0 sa taille standard, le XTO s&#8217;int\u00e8gre facilement dans toute ligne de production nouvelle ou existante. Faites confiance aux experts d&#8217;Eidos et de Novexx Solutions pour obtenir les meilleurs r\u00e9sultats. Vous voulez \u00eatre pr\u00eat pour l&#8217;avenir en mati\u00e8re de connectivit\u00e9 et d&#8217;IoT ? Diff\u00e9rentes interfaces et applications y veillent :<\/p>\n<p>Vous trouverez des accessoires adapt\u00e9s tels que des enrouleurs et des d\u00e9rouleurs pour d&#8217;autres imprimantes Novexx dans l&#8217;aper\u00e7u <a href=\"https:\/\/labeltech.ch\/fr\/produits\/accessoires\/\" title=\"Accessoires - Enrouleurs, d\u00e9rouleurs et accessoires pour imprimantes d'\u00e9tiquettes\">Accessoires pour imprimantes d&#8217;\u00e9tiquettes<\/a>.<\/p>\n<p>&#8211; La t\u00eate d&#8217;impression de l&#8217;XTO contient une puce cryptographique pour stocker des informations importantes telles que le kilom\u00e9trage, les heures de fonctionnement et l&#8217;\u00e9tat de la ligne d&#8217;assistance de la t\u00eate d&#8217;impression<br \/>&#8211; Une application de serveur web offre une flexibilit\u00e9 maximale pour le contr\u00f4le de l&#8217;XTO<br \/>&#8211; Cette application peut \u00eatre int\u00e9gr\u00e9e \u00e0 l&#8217;\u00e9cran des machines d&#8217;emballage, fonctionner sur un \u00e9cran tactile s\u00e9par\u00e9 ou \u00eatre affich\u00e9e sur un \u00e9cran externe via un navigateur<br \/>&#8211; Une IHM en option garantit une convivialit\u00e9 maximale<br \/>&#8211; R\u00e9glage et contr\u00f4le faciles des param\u00e8tres d&#8217;impression<br \/>&#8211; Aper\u00e7u de l&#8217;\u00e9tat de la machine \u00e0 tout moment<br \/>&#8211; Des fonctions enti\u00e8rement \u00e9lectroniques permettent un fonctionnement, un diagnostic et une maintenance \u00e0 distance<\/p>\n<p>&nbsp;<\/p>\n<h2>NOVEXX Solutions XTO &#8211; Vid\u00e9o produit<\/h2>\n<p><span data-mce-type=\"bookmark\" style=\"display: inline-block;width: 0px;overflow: hidden;line-height: 0\" class=\"mce_SELRES_start\"><\/span><span data-mce-type=\"bookmark\" style=\"display: inline-block;width: 0px;overflow: hidden;line-height: 0\" class=\"mce_SELRES_start\"><\/span><span data-mce-type=\"bookmark\" style=\"display: inline-block;width: 0px;overflow: hidden;line-height: 0\" class=\"mce_SELRES_start\"><\/span><\/p>\n","protected":false},"excerpt":{"rendered":"<p>Facilit\u00e9 d&#8217;utilisation maximale : le nouveau XTO Meilleur rapport qualit\u00e9-prix  [&#8230;]<\/p>\n","protected":false},"featured_media":4678,"comment_status":"closed","ping_status":"closed","template":"","meta":[],"product_brand":[],"product_cat":[72,134,77,99],"product_tag":[],"class_list":{"0":"post-4676","1":"product","2":"type-product","3":"status-publish","4":"has-post-thumbnail","6":"product_cat-imprimantes","7":"product_cat-novexx-fr","8":"product_cat-special","9":"product_cat-tsc-fr","11":"first","12":"instock","13":"shipping-taxable","14":"product-type-external"},"_links":{"self":[{"href":"https:\/\/labeltech.ch\/fr\/wp-json\/wp\/v2\/product\/4676","targetHints":{"allow":["GET"]}}],"collection":[{"href":"https:\/\/labeltech.ch\/fr\/wp-json\/wp\/v2\/product"}],"about":[{"href":"https:\/\/labeltech.ch\/fr\/wp-json\/wp\/v2\/types\/product"}],"replies":[{"embeddable":true,"href":"https:\/\/labeltech.ch\/fr\/wp-json\/wp\/v2\/comments?post=4676"}],"wp:featuredmedia":[{"embeddable":true,"href":"https:\/\/labeltech.ch\/fr\/wp-json\/wp\/v2\/media\/4678"}],"wp:attachment":[{"href":"https:\/\/labeltech.ch\/fr\/wp-json\/wp\/v2\/media?parent=4676"}],"wp:term":[{"taxonomy":"product_brand","embeddable":true,"href":"https:\/\/labeltech.ch\/fr\/wp-json\/wp\/v2\/product_brand?post=4676"},{"taxonomy":"product_cat","embeddable":true,"href":"https:\/\/labeltech.ch\/fr\/wp-json\/wp\/v2\/product_cat?post=4676"},{"taxonomy":"product_tag","embeddable":true,"href":"https:\/\/labeltech.ch\/fr\/wp-json\/wp\/v2\/product_tag?post=4676"}],"curies":[{"name":"wp","href":"https:\/\/api.w.org\/{rel}","templated":true}]}}