{"id":4869,"date":"2020-08-28T08:33:45","date_gmt":"2020-08-28T06:33:45","guid":{"rendered":"https:\/\/labeltech.ch\/produkt\/nice-label-cloud\/"},"modified":"2026-04-17T17:01:58","modified_gmt":"2026-04-17T15:01:58","slug":"nice-label-cloud","status":"publish","type":"product","link":"https:\/\/labeltech.ch\/fr\/produkt\/nice-label-cloud\/","title":{"rendered":"NiceLabel Cloud"},"content":{"rendered":"<p><strong>La premi\u00e8re solution d&#8217;\u00e9tiquetage SaaS (Software-as-a-Service) multi-clients au monde<\/strong><\/p>\n<p>Nous sommes conscients que les solutions d&#8217;\u00e9tiquetage bas\u00e9es sur le cloud sont l&#8217;avenir pour nous et nos partenaires. C&#8217;est pourquoi nous pr\u00e9sentons <b>Label Cloud comme un produit ind\u00e9pendant <\/b>. Jusqu&#8217;\u00e0 pr\u00e9sent, nous avons propos\u00e9 Label Cloud comme option de d\u00e9ploiement de notre syst\u00e8me de gestion des \u00e9tiquettes.<\/p>\n<p><b>Version d&#8217;essai de Label Cloud : vous pouvez d\u00e9sormais proposer \u00e0 vos clients une version d&#8217;essai de Label Cloud pendant 30 jours<\/b>. Contacter votre repr\u00e9sentant commercial NiceLabel pour enregistrer le projet et obtenir la version d&#8217;essai.<\/p>\n<p>Jetez un coup d&#8217;\u0153il sur le <a href=\"https:\/\/www.nicelabel.com\/de\/label-cloud?uid=00025\" target=\"_blank\" rel=\"noopener noreferrer nofollow\"><b>site web de NiceLabel mis \u00e0 jour<\/b><\/a> <em><a href=\"https:\/\/www.nicelabel.com\/de\/?uid=00025\" target=\"_blank\" rel=\"noopener noreferrer nofollow\" data-saferedirecturl=\"https:\/\/www.google.com\/url?q=http:\/\/link.nicelabel.com\/ls\/click?upn%3DQ4Vzfb0tMG4cf4vR4G7SnamYOhrmMd6y3iz9jgpLKvquZLrhOgORuXCKkLvUte61akpAbmSvzr35EGKe3vRKYdiU4-2B19e9IxiiGkz5DA4IsVHH-2FZVi5qH9RXLynntTCQZHYRg6egujEhlXA8MAVQjbh06fdi-2BGNm1TG-2BwDyV-2BHeJyWiXC93A49y9KViK5RmNUt8fW9-2FaoOjNBODA0u7VP1hOIJal8gDxq4D47ZFrhKBhNTasPBAxONk3xsNX6iGZJ5ha_np7fXm0nk7J-2BzIDq3DI8NV5lgrFiwlg-2FqXHC-2B7QQp2H46jbKdX68useCfn6ui5zq5Ehm7kEuU1W-2BLHDgC-2FJ8KTrP1CnsSjb4-2B-2Be3cvRGuiwEc6sXFtTd234h78NnPLciWKqvo91c40vlBU-2FvwfV-2FzPJHHgtQslYdKMCS-2FRNuYVa4X484sVsdglEzHB4V1bWyjZT8CDeg0uzBfZXv91mMYIEVjoc981xpFhyCpdeqHs1wtpdxBR4FhFkuNORj56go1jVetubhr3TXfJZGXAFnIo0L9oYxhT-2B-2BecMkRjTglTQ-3D&amp;source=gmail&amp;ust=1598682241052000&amp;usg=AFQjCNGznmpiMpQrh8idKsy0teOhKvG71g\">nicelabel.com\/fr<\/a><\/em>.<br \/>Vous y verrez comment notre gamme de produits est d\u00e9sormais pr\u00e9sent\u00e9e :<br \/>&#8211; Label Cloud pour les entreprises de toutes tailles<br \/>&#8211; Syst\u00e8mes de gestion d&#8217;\u00e9tiquettes pour les entreprises<br \/>&#8211; Solutions de conception et de bureau pour les petites entreprises \u00e0 site unique<\/p>\n<p>La <b>nouvelle page sur Label Cloud<\/b> <a href=\"https:\/\/www.nicelabel.com\/de\/label-cloud?uid=00025\" target=\"_blank\" rel=\"noopener noreferrer nofollow\" data-saferedirecturl=\"https:\/\/www.google.com\/url?q=http:\/\/link.nicelabel.com\/ls\/click?upn%3DQ4Vzfb0tMG4cf4vR4G7SnamYOhrmMd6y3iz9jgpLKvqvvaF-2F-2BCrq0PQXOlGRuSOy0xz-2F5Y60TWkLK7DesigZXMer-2BapNLXgOsktVR-2B75OVPptXpt-2BuxOSKYIAds6c7tmBYOuOtJ0jEumso3spxvwShevBDz44iAGppDzdpBfZ0UI2es8dfK42-2FuYK62sm2i0bmClwZ-2F0kgBEZt7uyzeacRQKekDrW6TbzB1s0o6rVRmeCPCpYnlEgr00SQE8DqYHW103_np7fXm0nk7J-2BzIDq3DI8NV5lgrFiwlg-2FqXHC-2B7QQp2H46jbKdX68useCfn6ui5zq5Ehm7kEuU1W-2BLHDgC-2FJ8KTrP1CnsSjb4-2B-2Be3cvRGuiwEc6sXFtTd234h78NnPLciCeZ2KYu-2BIRSFSE913lDBoBq7LReFCWFDdK2mvI-2BlvV3bYZ-2B60bS8k63YP-2FLJboiMDkIGvr8mfytVx9Oj0-2Fijr38wyboNGWC5Ltf7V6cLyunUaqYff9VilR7Mq-2BDnEhBCW26ecvWPlDTrMReASI1ONAOjE-2BuHrlzf2VtXQnM2lWA-3D&amp;source=gmail&amp;ust=1598682241052000&amp;usg=AFQjCNFxnVBgqGbpdL_LojsB8ETRyH6H2Q\">www.nicelabel.com\/de\/label-<wbr><\/wbr>cloud<\/a> propose :<br \/>&#8211; de nouveaux graphiques simples<br \/>&#8211; une option pour demander une d\u00e9mo<br \/>&#8211; des pages sur les \u00e9ditions<\/p>\n<p> <b> Nos recommandations pour vous<\/b>:<br \/>&#8211; Mettez \u00e0 jour le contenu de votre site Web (des documents mis \u00e0 jour sont disponibles sur le portail des partenaires).<br \/>&#8211; Formez votre personnel de vente \u00e0 la vente de Label Cloud. Proposez \u00e0 vos clients des solutions d&#8217;\u00e9tiquetage bas\u00e9es sur le cloud.<\/p>\n<div class=\"fusion-button-wrapper\"><a class=\"fusion-button button-flat fusion-button-default-size button-default fusion-button-default button-1 fusion-button-default-span fusion-button-default-type\" target=\"_blank\" rel=\"noopener noreferrer\" href=\"https:\/\/de.loftware.com\/products\/labeling\/nicelabel-cloud?uid=00025\"><span class=\"fusion-button-text awb-button__text awb-button__text--default\">NiceLabel Cloud<\/span><\/a><\/div>\n<h2>Si vous recevez un lead pour Label Cloud &#8230;<\/h2>\n<p><img decoding=\"async\" class=\"size-medium wp-image-6487 alignleft\" src=\"https:\/\/labeltech.ch\/wp-content\/uploads\/2020\/08\/label-cloud-circle-1-350x270.png\" alt=\"\" width=\"350\" height=\"270\" srcset=\"https:\/\/labeltech.ch\/wp-content\/uploads\/2020\/08\/label-cloud-circle-1-200x154.png 200w, https:\/\/labeltech.ch\/wp-content\/uploads\/2020\/08\/label-cloud-circle-1-350x270.png 350w, https:\/\/labeltech.ch\/wp-content\/uploads\/2020\/08\/label-cloud-circle-1-400x308.png 400w, https:\/\/labeltech.ch\/wp-content\/uploads\/2020\/08\/label-cloud-circle-1-500x385.png 500w, https:\/\/labeltech.ch\/wp-content\/uploads\/2020\/08\/label-cloud-circle-1.png 540w\" sizes=\"(max-width: 350px) 100vw, 350px\" \/><\/p>\n<ul>\n<li>D\u00e9terminez les besoins de votre client en parlant de son processus d&#8217;\u00e9tiquetage actuel.<\/li>\n<li>Pr\u00e9parez-vous \u00e0 pr\u00e9senter Label Cloud et \u00e0 proposer une d\u00e9mo.<\/li>\n<li>Si le client n&#8217;est pas encore convaincu apr\u00e8s la d\u00e9mo, mais que vous voyez une opportunit\u00e9 claire, proposez la version d&#8217;essai de 30 jours de Label Cloud. Contacter votre repr\u00e9sentant commercial NiceLabel pour enregistrer le projet et obtenir la version d&#8217;essai.<\/li>\n<\/ul>\n<p>N&#8217;oubliez pas : Label Cloud vous permet de relever les d\u00e9fis actuels et de r\u00e9ussir au-del\u00e0.<\/p>\n<p>Nous sommes impatients de vous entendre et de vous permettre de fournir des solutions d&#8217;\u00e9tiquetage \u00e0 distance en toute s\u00e9curit\u00e9.<\/p>\n<p>Pour un aper\u00e7u complet de toutes les solutions logicielles pour l&#8217;impression d&#8217;\u00e9tiquettes, consultez l&#8217;<a href=\"https:\/\/labeltech.ch\/fr\/produits\/logiciel\/\" title=\"Logiciel - Toutes les solutions logicielles d&#039;impression d&#039;\u00e9tiquettes de Labeltech\">aper\u00e7u des logiciels<\/a> de Labeltech.<\/p>\n<h2>Le syst\u00e8me de gestion des \u00e9tiquettes : du mod\u00e8le \u00e0 l&#8217;impression<\/h2>\n<h3>Cr\u00e9er des \u00e9tiquettes<\/h3>\n<p>Le concepteur d&#8217;\u00e9tiquettes int\u00e9gr\u00e9 permet de concevoir rapidement et facilement des \u00e9tiquettes professionnelles. Gr\u00e2ce \u00e0 la suite de type Word, aucune connaissance pr\u00e9alable, formation ou aide informatique n&#8217;est n\u00e9cessaire. Les modifications peuvent \u00eatre effectu\u00e9es rapidement gr\u00e2ce \u00e0 la rapidit\u00e9 et \u00e0 la flexibilit\u00e9 de l&#8217;application. Les exigences r\u00e9glementaires sont incluses dans le designer, il n&#8217;est donc pas n\u00e9cessaire de les v\u00e9rifier s\u00e9par\u00e9ment.<\/p>\n<p><img decoding=\"async\" class=\"alignnone wp-image-6493 size-full\" src=\"https:\/\/labeltech.ch\/wp-content\/uploads\/2020\/08\/Etikketen-erstellen.gif\" alt=\"Cr\u00e9er des \u00e9tiquettes\" width=\"629\" height=\"578\"><\/p>\n<h3>G\u00e9rer les \u00e9tiquettes<\/h3>\n<p>De nombreuses entreprises utilisent des m\u00e9thodes de contr\u00f4le de la qualit\u00e9 d\u00e9pass\u00e9es, sujettes \u00e0 des erreurs et co\u00fbteuses. C&#8217;est l\u00e0 que le syst\u00e8me moderne de gestion de documents de NiceLabel offre une solution bas\u00e9e sur le web. Enregistrez l&#8217;\u00e9tiquette que vous avez cr\u00e9\u00e9e dans le syst\u00e8me de stockage centralis\u00e9. Gr\u00e2ce \u00e0 l&#8217;\u00e9dition multi-utilisateurs, vous pouvez acc\u00e9der au mod\u00e8le le plus r\u00e9cent depuis n&#8217;importe quel navigateur. Le DMS est l&#8217;outil d&#8217;assurance qualit\u00e9 et de suivi qui vous permet de garder une vue d&#8217;ensemble de toutes les phases du processus d&#8217;\u00e9tiquetage. L&#8217;utilisation d&#8217;une base de donn\u00e9es SQL centrale \u00e9vite les doublons et l&#8217;\u00e9volution des versions peut \u00eatre observ\u00e9e en d\u00e9tail.<\/p>\n<p><img decoding=\"async\" class=\"alignnone size-medium wp-image-6491\" src=\"https:\/\/labeltech.ch\/wp-content\/uploads\/2020\/08\/Etiketten-verwalten-350x189.png\" alt=\"G\u00e9rer les \u00e9tiquettes\" width=\"350\" height=\"189\" srcset=\"https:\/\/labeltech.ch\/wp-content\/uploads\/2020\/08\/Etiketten-verwalten-200x108.png 200w, https:\/\/labeltech.ch\/wp-content\/uploads\/2020\/08\/Etiketten-verwalten-350x189.png 350w, https:\/\/labeltech.ch\/wp-content\/uploads\/2020\/08\/Etiketten-verwalten-400x216.png 400w, https:\/\/labeltech.ch\/wp-content\/uploads\/2020\/08\/Etiketten-verwalten-500x270.png 500w, https:\/\/labeltech.ch\/wp-content\/uploads\/2020\/08\/Etiketten-verwalten-600x324.png 600w, https:\/\/labeltech.ch\/wp-content\/uploads\/2020\/08\/Etiketten-verwalten-700x378.png 700w, https:\/\/labeltech.ch\/wp-content\/uploads\/2020\/08\/Etiketten-verwalten-705x381.png 705w, https:\/\/labeltech.ch\/wp-content\/uploads\/2020\/08\/Etiketten-verwalten-768x415.png 768w, https:\/\/labeltech.ch\/wp-content\/uploads\/2020\/08\/Etiketten-verwalten-800x432.png 800w, https:\/\/labeltech.ch\/wp-content\/uploads\/2020\/08\/Etiketten-verwalten-1030x556.png 1030w, https:\/\/labeltech.ch\/wp-content\/uploads\/2020\/08\/Etiketten-verwalten-1200x648.png 1200w, https:\/\/labeltech.ch\/wp-content\/uploads\/2020\/08\/Etiketten-verwalten.png 1458w\" sizes=\"(max-width: 350px) 100vw, 350px\" \/><\/p>\n<h3>Int\u00e9gration des donn\u00e9es de produits<\/h3>\n<p>La solution d&#8217;impression d&#8217;\u00e9tiquettes bas\u00e9e sur le cloud int\u00e8gre toutes les donn\u00e9es du produit afin d&#8217;\u00e9viter les sources d&#8217;erreur. Pour r\u00e9pondre \u00e0 la productivit\u00e9 d&#8217;impression de chaque entreprise, l&#8217;impression peut \u00eatre r\u00e9alis\u00e9e avec d&#8217;autres syst\u00e8mes d&#8217;impression en ligne ou des applications commerciales telles que SAP, MS Dynamics ou Workday. Le syst\u00e8me d&#8217;int\u00e9gration tout-en-un comprend des connexions de donn\u00e9es, des flux de travail ainsi qu&#8217;un serveur d&#8217;impression. Comme tous les traitements de donn\u00e9es ont lieu dans le m\u00eame espace de stockage, le traitement est 100 fois plus rapide.<\/p>\n<p><img decoding=\"async\" class=\"size-medium wp-image-6495\" src=\"https:\/\/labeltech.ch\/wp-content\/uploads\/2020\/08\/Integration-der-Produktdaten-350x258.png\" alt=\"Int\u00e9gration des donn\u00e9es de produits\" width=\"350\" height=\"258\" srcset=\"https:\/\/labeltech.ch\/wp-content\/uploads\/2020\/08\/Integration-der-Produktdaten-200x147.png 200w, https:\/\/labeltech.ch\/wp-content\/uploads\/2020\/08\/Integration-der-Produktdaten-350x258.png 350w, https:\/\/labeltech.ch\/wp-content\/uploads\/2020\/08\/Integration-der-Produktdaten-400x295.png 400w, https:\/\/labeltech.ch\/wp-content\/uploads\/2020\/08\/Integration-der-Produktdaten-500x369.png 500w, https:\/\/labeltech.ch\/wp-content\/uploads\/2020\/08\/Integration-der-Produktdaten.png 525w\" sizes=\"(max-width: 350px) 100vw, 350px\" \/><\/p>\n<h3>Syst\u00e8me d&#8217;impression int\u00e9gr\u00e9<\/h3>\n<p>Avec le syst\u00e8me de gestion des \u00e9tiquettes, vous pouvez utiliser l&#8217;\u00e9tiquetage dans toute l&#8217;entreprise et m\u00eame l&#8217;\u00e9tendre aux partenaires commerciaux, aux fournisseurs et aux fabricants sous contrat. Le syst\u00e8me d&#8217;impression NiceLabel permet de standardiser le processus d&#8217;impression des \u00e9tiquettes, ce qui \u00e9vite de devoir r\u00e9-\u00e9tiqueter \u00e0 la r\u00e9ception des marchandises. Le r\u00e9sultat est une mise sur le march\u00e9 plus rapide, car les produits peuvent \u00eatre re\u00e7us plus rapidement. L&#8217;Application Builder permet d&#8217;adapter individuellement les masques de saisie des donn\u00e9es aux processus de travail.<\/p>\n<p><img decoding=\"async\" class=\"alignnone size-medium wp-image-6497\" src=\"https:\/\/labeltech.ch\/wp-content\/uploads\/2020\/08\/integriertes-Drucksystem-350x261.png\" alt=\"syst\u00e8me d'impression int\u00e9gr\u00e9\" width=\"350\" height=\"261\" srcset=\"https:\/\/labeltech.ch\/wp-content\/uploads\/2020\/08\/integriertes-Drucksystem-200x149.png 200w, https:\/\/labeltech.ch\/wp-content\/uploads\/2020\/08\/integriertes-Drucksystem-350x261.png 350w, https:\/\/labeltech.ch\/wp-content\/uploads\/2020\/08\/integriertes-Drucksystem-400x298.png 400w, https:\/\/labeltech.ch\/wp-content\/uploads\/2020\/08\/integriertes-Drucksystem-500x373.png 500w, https:\/\/labeltech.ch\/wp-content\/uploads\/2020\/08\/integriertes-Drucksystem.png 526w\" sizes=\"(max-width: 350px) 100vw, 350px\" \/><\/p>\n<h2>Pourquoi utiliser NiceLabel Cloud ?<\/h2>\n<ul>\n<li>Conception intuitive de l&#8217;\u00e9tiquette<\/li>\n<li>Stockage et gestion s\u00e9curis\u00e9s<\/li>\n<li>Int\u00e9gration totale des \u00e9tiquettes<\/li>\n<li>Masque d&#8217;impression simple tout-en-un<\/li>\n<\/ul>\n<h2>Les diff\u00e9rentes \u00e9ditions<\/h2>\n<p>Label Cloud de NiceLabel est disponible en trois \u00e9ditions diff\u00e9rentes. Label Cloud Essentials convient \u00e0 un maximum de 20 imprimantes. On y int\u00e8gre \u00e0 la fois NiceLabel Designer et l&#8217;impression \u00e0 la demande. Seul le syst\u00e8me d&#8217;int\u00e9gration n&#8217;est pas inclus ici. Pour cela, il existe des Label Cloud Business ou Unlimited qui conviennent aux entreprises de toutes tailles et qui sont enti\u00e8rement personnalisables.<\/p>\n<div class=\"fusion-button-wrapper\"><a class=\"fusion-button button-flat fusion-button-default-size button-default fusion-button-default button-2 fusion-button-default-span fusion-button-default-type\" target=\"_blank\" rel=\"noopener noreferrer\" href=\"https:\/\/de.loftware.com\/products\/labeling\/nicelabel-cloud?uid=00025\"><span class=\"fusion-button-text awb-button__text awb-button__text--default\">Obtenez des conseils d\u00e8s maintenant<\/span><\/a><\/div>\n","protected":false},"excerpt":{"rendered":"<p>La premi\u00e8re solution d&#8217;\u00e9tiquetage SaaS (Software-as-a-Service) multi-clients au monde Nous  [&#8230;]<\/p>\n","protected":false},"featured_media":6490,"comment_status":"closed","ping_status":"closed","template":"","meta":[],"product_brand":[],"product_cat":[85],"product_tag":[],"class_list":{"0":"post-4869","1":"product","2":"type-product","3":"status-publish","4":"has-post-thumbnail","6":"product_cat-logiciels","8":"first","9":"instock","10":"shipping-taxable","11":"product-type-simple"},"_links":{"self":[{"href":"https:\/\/labeltech.ch\/fr\/wp-json\/wp\/v2\/product\/4869","targetHints":{"allow":["GET"]}}],"collection":[{"href":"https:\/\/labeltech.ch\/fr\/wp-json\/wp\/v2\/product"}],"about":[{"href":"https:\/\/labeltech.ch\/fr\/wp-json\/wp\/v2\/types\/product"}],"replies":[{"embeddable":true,"href":"https:\/\/labeltech.ch\/fr\/wp-json\/wp\/v2\/comments?post=4869"}],"wp:featuredmedia":[{"embeddable":true,"href":"https:\/\/labeltech.ch\/fr\/wp-json\/wp\/v2\/media\/6490"}],"wp:attachment":[{"href":"https:\/\/labeltech.ch\/fr\/wp-json\/wp\/v2\/media?parent=4869"}],"wp:term":[{"taxonomy":"product_brand","embeddable":true,"href":"https:\/\/labeltech.ch\/fr\/wp-json\/wp\/v2\/product_brand?post=4869"},{"taxonomy":"product_cat","embeddable":true,"href":"https:\/\/labeltech.ch\/fr\/wp-json\/wp\/v2\/product_cat?post=4869"},{"taxonomy":"product_tag","embeddable":true,"href":"https:\/\/labeltech.ch\/fr\/wp-json\/wp\/v2\/product_tag?post=4869"}],"curies":[{"name":"wp","href":"https:\/\/api.w.org\/{rel}","templated":true}]}}