{"id":5063,"date":"2021-03-26T14:28:37","date_gmt":"2021-03-26T13:28:37","guid":{"rendered":"https:\/\/labeltech.ch\/?post_type=product&#038;p=5063"},"modified":"2026-04-17T17:02:26","modified_gmt":"2026-04-17T15:02:26","slug":"tsc-mh261-serie","status":"publish","type":"product","link":"https:\/\/labeltech.ch\/fr\/produkt\/tsc-mh261-serie\/","title":{"rendered":"S\u00e9rie TSC MH261"},"content":{"rendered":"<p><strong>La s\u00e9rie MH241 \/ MH261 est la ligne principale d&#8217;imprimantes industrielles d&#8217;\u00e9tiquettes de codes \u00e0 barres de TSC, d\u00e9velopp\u00e9e \u00e0 partir de la s\u00e9rie MH240.<\/strong><\/p>\n<p>Pour les environnements de production particuli\u00e8rement exigeants avec les plus hautes exigences de qualit\u00e9, la <a href=\"https:\/\/labeltech.ch\/fr\/produkt\/serie-tsc-mx241\/\" title=\"S\u00e9rie TSC MX241 - Imprimantes industrielles haut de gamme de TSC\">s\u00e9rie TSC MX241<\/a> est recommand\u00e9e comme compl\u00e9ment performant de la ligne industrielle TSC.<\/p>\n<p>&#8211; M\u00e9canisme d&#8217;entretien TPH autocontr\u00f4l\u00e9<br \/>&#8211; Remplacement facile de la t\u00eate d&#8217;impression et du cylindre<br \/>&#8211; Prise en charge des supports de marquage noir haut et bas et param\u00e8tres de capteur de support s\u00e9lectionnables dans le menu d&#8217;affichage<br \/>&#8211; SOTI Connect et console TSC pour la gestion de l&#8217;imprimante<br \/>&#8211; Interfaces de communication sans fil : Le module combin\u00e9 prend en charge le Wi-Fi 802.11 a\/b\/g\/n\/ac et le Bluetooth 4.2<br \/>&#8211; Vitesse d&#8217;impression rapide &#8211; jusqu&#8217;\u00e0 355,6 mm (14 ips)<br \/>&#8211; Disponible en r\u00e9solutions 203 dpi et 300 dpi, la t\u00eate d&#8217;impression est interchangeable dans diff\u00e9rentes r\u00e9solutions<br \/>&#8211; \u00c9cran LCD couleur 3,5&#8243; sur le mod\u00e8le standard<br \/>&#8211; \u00c9cran LCD tactile couleur 4,3&#8243; sur le mod\u00e8le avanc\u00e9<br \/>&#8211; Prend en charge des largeurs de support jusqu&#8217;\u00e0 172,7 mm (6,8&#8243;)<br \/>&#8211; Certification ENERGY STAR\u00ae.<\/p>\n<div class=\"uk-grid uk-grid-md\">\n<div class=\"uk-width-md-2-3 uk-width-sm-1-1 uk-width-xs-1-1\">\n<div class=\"uk-width-md-3-4 uk-width-sm-1-1 uk-width-xs-1-1\"><\/div>\n<\/div>\n<\/div>\n<div class=\"uk-clearfix\"><\/div>\n<div class=\"paddingTB-40\">\n<div class=\"uk-text-center uk-h4 text-dark uk-text-bold marginB-30\"><\/div>\n<\/div>\n","protected":false},"excerpt":{"rendered":"<p>La s\u00e9rie MH241 \/ MH261 est la ligne principale d&#8217;imprimantes  [&#8230;]<\/p>\n","protected":false},"featured_media":5229,"comment_status":"closed","ping_status":"closed","template":"","meta":[],"product_brand":[],"product_cat":[72,75,99],"product_tag":[],"class_list":{"0":"post-5063","1":"product","2":"type-product","3":"status-publish","4":"has-post-thumbnail","6":"product_cat-imprimantes","7":"product_cat-industrial","8":"product_cat-tsc-fr","10":"first","11":"instock","12":"shipping-taxable","13":"product-type-external"},"_links":{"self":[{"href":"https:\/\/labeltech.ch\/fr\/wp-json\/wp\/v2\/product\/5063","targetHints":{"allow":["GET"]}}],"collection":[{"href":"https:\/\/labeltech.ch\/fr\/wp-json\/wp\/v2\/product"}],"about":[{"href":"https:\/\/labeltech.ch\/fr\/wp-json\/wp\/v2\/types\/product"}],"replies":[{"embeddable":true,"href":"https:\/\/labeltech.ch\/fr\/wp-json\/wp\/v2\/comments?post=5063"}],"wp:featuredmedia":[{"embeddable":true,"href":"https:\/\/labeltech.ch\/fr\/wp-json\/wp\/v2\/media\/5229"}],"wp:attachment":[{"href":"https:\/\/labeltech.ch\/fr\/wp-json\/wp\/v2\/media?parent=5063"}],"wp:term":[{"taxonomy":"product_brand","embeddable":true,"href":"https:\/\/labeltech.ch\/fr\/wp-json\/wp\/v2\/product_brand?post=5063"},{"taxonomy":"product_cat","embeddable":true,"href":"https:\/\/labeltech.ch\/fr\/wp-json\/wp\/v2\/product_cat?post=5063"},{"taxonomy":"product_tag","embeddable":true,"href":"https:\/\/labeltech.ch\/fr\/wp-json\/wp\/v2\/product_tag?post=5063"}],"curies":[{"name":"wp","href":"https:\/\/api.w.org\/{rel}","templated":true}]}}