{"id":5080,"date":"2021-03-26T15:01:57","date_gmt":"2021-03-26T14:04:53","guid":{"rendered":"https:\/\/labeltech.ch\/?post_type=product&#038;p=5080"},"modified":"2024-10-10T04:19:23","modified_gmt":"2024-10-10T02:19:23","slug":"serie-tsc-pex-1001","status":"publish","type":"product","link":"https:\/\/labeltech.ch\/fr\/produkt\/serie-tsc-pex-1001\/","title":{"rendered":"S\u00e9rie TSC PEX-1001"},"content":{"rendered":"<ul>\n<li>Des codes \u00e0 barres pr\u00e9cis et de haute qualit\u00e9 gr\u00e2ce au &#8220;Thermal Smart Control<\/li>\n<li>Bo\u00eetier en aluminium moul\u00e9 par injection pour une utilisation intensive<\/li>\n<li>Vitesse d&#8217;impression rapide jusqu&#8217;\u00e0 457 mm par seconde (18&#8243;)<\/li>\n<li>\u00c9cran TFT couleur 3,5&#8243; intuitif avec menu \u00e0 6 touches<\/li>\n<li>203 dpi, 300 dpi et 600 dpi R\u00e9solution au choix<\/li>\n<li>512 Mo de m\u00e9moire Flash et 512 Mo de m\u00e9moire SDRAM<\/li>\n<li>600 m\u00e8tres de prise de film<\/li>\n<li>Micrologiciel TSPL-EZD pour une utilisation plug-n-play facile<\/li>\n<li>Convient aux exigences de haute pr\u00e9cision, m\u00eame pour des \u00e9tiquettes de seulement 5 mm de haut<\/li>\n<li>Supporte le Wi-Fi 802.11 a\/b\/g\/n\/ac avec Bluetooth 4.2 (module combin\u00e9)<\/li>\n<\/ul>\n","protected":false},"excerpt":{"rendered":"<p>Des codes \u00e0 barres pr\u00e9cis et de haute qualit\u00e9 gr\u00e2ce  [&#8230;]<\/p>\n","protected":false},"featured_media":5241,"comment_status":"closed","ping_status":"closed","template":"","meta":[],"product_brand":[],"product_cat":[],"product_tag":[],"class_list":{"0":"post-5080","1":"product","2":"type-product","3":"status-publish","4":"has-post-thumbnail","7":"first","8":"instock","9":"shipping-taxable","10":"product-type-external"},"_links":{"self":[{"href":"https:\/\/labeltech.ch\/fr\/wp-json\/wp\/v2\/product\/5080","targetHints":{"allow":["GET"]}}],"collection":[{"href":"https:\/\/labeltech.ch\/fr\/wp-json\/wp\/v2\/product"}],"about":[{"href":"https:\/\/labeltech.ch\/fr\/wp-json\/wp\/v2\/types\/product"}],"replies":[{"embeddable":true,"href":"https:\/\/labeltech.ch\/fr\/wp-json\/wp\/v2\/comments?post=5080"}],"wp:featuredmedia":[{"embeddable":true,"href":"https:\/\/labeltech.ch\/fr\/wp-json\/wp\/v2\/media\/5241"}],"wp:attachment":[{"href":"https:\/\/labeltech.ch\/fr\/wp-json\/wp\/v2\/media?parent=5080"}],"wp:term":[{"taxonomy":"product_brand","embeddable":true,"href":"https:\/\/labeltech.ch\/fr\/wp-json\/wp\/v2\/product_brand?post=5080"},{"taxonomy":"product_cat","embeddable":true,"href":"https:\/\/labeltech.ch\/fr\/wp-json\/wp\/v2\/product_cat?post=5080"},{"taxonomy":"product_tag","embeddable":true,"href":"https:\/\/labeltech.ch\/fr\/wp-json\/wp\/v2\/product_tag?post=5080"}],"curies":[{"name":"wp","href":"https:\/\/api.w.org\/{rel}","templated":true}]}}