{"id":5197,"date":"2021-04-01T14:22:12","date_gmt":"2021-04-01T12:22:12","guid":{"rendered":"https:\/\/labeltech.ch\/?post_type=product&#038;p=5197"},"modified":"2026-04-17T17:02:33","modified_gmt":"2026-04-17T15:02:33","slug":"imprimante-mobile-alpha-30l","status":"publish","type":"product","link":"https:\/\/labeltech.ch\/fr\/produkt\/imprimante-mobile-alpha-30l\/","title":{"rendered":"Imprimante mobile Alpha-30L"},"content":{"rendered":"<h2>TSC Alpha-30L Imprimante mobile pour une utilisation flexible dans l&#8217;industrie et le commerce<\/h2>\n<p>L&#8217;imprimante mobile TSC Alpha-30L fait partie de la derni\u00e8re g\u00e9n\u00e9ration d&#8217;imprimantes d&#8217;\u00e9tiquettes mobiles de TSC. Elle est con\u00e7ue pour des applications exigeantes dans l&#8217;industrie, le transport et la logistique, la sant\u00e9 et le commerce de d\u00e9tail. Avec sa construction robuste, sa technologie de communication moderne et sa vitesse d&#8217;impression \u00e9lev\u00e9e, ce mod\u00e8le offre une solution fiable aux entreprises qui misent sur les processus mobiles.  <\/p>\n<h2>Imprimante d&#8217;\u00e9tiquettes mobile aux applications polyvalentes<\/h2>\n<p>L&#8217;Alpha-30L est une imprimante mobile qui cr\u00e9e des \u00e9tiquettes directement sur le terrain. Que ce soit dans l&#8217;entrep\u00f4t, \u00e0 la r\u00e9ception des marchandises ou dans l&#8217;espace de vente, cet appareil permet d&#8217;imprimer des re\u00e7us et des \u00e9tiquettes l\u00e0 o\u00f9 ils sont n\u00e9cessaires. Les employ\u00e9s n&#8217;ont pas besoin de retourner \u00e0 un poste fixe, mais peuvent ex\u00e9cuter les processus de mani\u00e8re flexible.  <\/p>\n<p>Un clip de ceinture ou une housse de protection en option permettent de fixer l&#8217;imprimante sur le corps en toute s\u00e9curit\u00e9 et de la garder pr\u00eate \u00e0 l&#8217;emploi \u00e0 tout moment. Cela en fait un v\u00e9ritable compagnon de travail au quotidien, lorsque la mobilit\u00e9 et la rapidit\u00e9 de r\u00e9action sont n\u00e9cessaires. <\/p>\n<h2>Une construction robuste pour une utilisation industrielle quotidienne<\/h2>\n<p>L&#8217;imprimante mobile TSC Alpha-30L r\u00e9pond aux exigences d&#8217;une utilisation robuste. Avec son indice de protection IP54, elle est prot\u00e9g\u00e9e contre la poussi\u00e8re et l&#8217;eau, ce qui la rend parfaitement adapt\u00e9e aux environnements difficiles. L&#8217;Alpha-30L est conforme \u00e0 la norme MIL-STD-810G pour les chutes et les vibrations. Sans housse de protection, il peut r\u00e9sister \u00e0 des chutes de 1,8 m\u00e8tre ; avec la housse de protection en option, la r\u00e9sistance aux chutes atteint 2,5 m\u00e8tres.   <\/p>\n<p>Ces caract\u00e9ristiques font de l&#8217;Alpha-30L un partenaire fiable dans les environnements de travail o\u00f9 les \u00e9quipements sont soumis \u00e0 une utilisation intensive et continue.<\/p>\n<h2>D\u00e9tails techniques et performances d&#8217;impression de l&#8217;Alpha-30L<\/h2>\n<p>L&#8217;Alpha-30L utilise la technologie d&#8217;impression thermique directe et accepte des supports d&#8217;une largeur maximale de 80 millim\u00e8tres. La largeur d&#8217;impression maximale est de 72 millim\u00e8tres. Cela permet de cr\u00e9er facilement des \u00e9tiquettes larges pour des cartons ou des palettes.  <\/p>\n<p>Avec une r\u00e9solution de 203 dpi, l&#8217;imprimante garantit des textes, des codes \u00e0 barres et des symboles clairs. La vitesse d&#8217;impression peut atteindre 127 millim\u00e8tres par seconde. Le tout est soutenu par une puissante unit\u00e9 centrale RISC 32 bits, 128 Mo de m\u00e9moire flash et 128 Mo de m\u00e9moire vive. Un capteur de marque noire et d&#8217;autres options de capteur permettent \u00e0 l&#8217;imprimante de traiter diff\u00e9rents mat\u00e9riaux de mani\u00e8re fiable.   <\/p>\n<h2>Interfaces sans fil et communication moderne<\/h2>\n<p>Pour les applications mobiles, la connectivit\u00e9 sans fil est essentielle. C&#8217;est pourquoi l&#8217;Alpha-30L offre de nombreuses interfaces : <\/p>\n<p>Pour les applications n\u00e9cessitant une largeur d&#8217;impression plus large ou une capacit\u00e9 RFID, l&#8217;<a href=\"https:\/\/labeltech.ch\/fr\/produkt\/imprimante-mobile-alpha-40l\/\" title=\"TSC Alpha-40L Imprimante mobile - Un fr\u00e8re plus grand avec plus de fonctionnalit\u00e9s\">imprimante mobile TSC Alpha-40L<\/a> est un mod\u00e8le d&#8217;extension offrant une largeur d&#8217;impression pouvant atteindre 104 mm.<\/p>\n<ul>\n<li>MFi Bluetooth 5.0 pour la connexion aux appareils iOS<\/li>\n<li>Bluetooth 4.2 et Wi-Fi 802.11ac pour une connectivit\u00e9 r\u00e9seau flexible<\/li>\n<li>USB-C pour une charge rapide et des connexions directes faciles<\/li>\n<li>NFC pour un couplage facile avec les terminaux<\/li>\n<li>Gr\u00e2ce \u00e0 des interfaces modernes, l&#8217;imprimante mobile s&#8217;int\u00e8gre de mani\u00e8re flexible dans les syst\u00e8mes existants.<\/li>\n<\/ul>\n<h2>Des solutions logicielles intelligentes pour une gestion efficace<\/h2>\n<p>Outre le mat\u00e9riel, l&#8217;Alpha-30L convainc \u00e9galement par son logiciel intelligent. Avec TSC Sense Care, l&#8217;appareil surveille en permanence l&#8217;\u00e9tat de la t\u00eate d&#8217;impression et des capteurs. Cela permet de d\u00e9tecter \u00e0 temps d&#8217;\u00e9ventuelles pannes.  <\/p>\n<p>Gr\u00e2ce \u00e0 SOTI Connect, les entreprises peuvent contr\u00f4ler de mani\u00e8re centralis\u00e9e des parcs d&#8217;imprimantes entiers et les surveiller en temps r\u00e9el. Cela inclut le contr\u00f4le de l&#8217;\u00e9tat des imprimantes ou l&#8217;installation de mises \u00e0 jour. Un \u00e9cran LCD int\u00e9gr\u00e9 permet de visualiser les informations importantes directement sur l&#8217;appareil.  <\/p>\n<h2>Alimentation en \u00e9nergie avec une batterie puissante<\/h2>\n<p>L&#8217;Alpha-30L est aliment\u00e9 par une batterie Li-Ion de 3030 mAh, con\u00e7ue pour de longues p\u00e9riodes d&#8217;utilisation sans interruption. L&#8217;alimentation est suffisamment puissante pour permettre aux utilisateurs de travailler de mani\u00e8re fiable pendant de nombreuses heures. Si un changement de batterie s&#8217;av\u00e8re n\u00e9cessaire, il peut \u00eatre effectu\u00e9 rapidement afin de minimiser les temps d&#8217;arr\u00eat.  <\/p>\n<h2>Les secteurs dans lesquels l&#8217;Alpha-30L excelle<\/h2>\n<p>Les possibilit\u00e9s d&#8217;utilisation sont multiples. Dans la logistique et le transport, l&#8217;imprimante est utilis\u00e9e pour l&#8217;\u00e9tiquetage mobile d&#8217;envois, de cartons ou de palettes. Dans le commerce de d\u00e9tail, elle permet d&#8217;imprimer des \u00e9tiquettes de prix ou des \u00e9tiquettes de rayon directement sur place. Dans le secteur de la sant\u00e9, l&#8217;imprimante convient \u00e9galement pour l&#8217;\u00e9tiquetage d&#8217;\u00e9chantillons ou de dossiers m\u00e9dicaux.   <\/p>\n<p>Gr\u00e2ce \u00e0 cette flexibilit\u00e9, les entreprises du monde entier b\u00e9n\u00e9ficient d&#8217;une imprimante mobile de haute qualit\u00e9 qui acc\u00e9l\u00e8re les processus et augmente la productivit\u00e9.<\/p>\n<h2>Pr\u00e9sentation de la s\u00e9rie Alpha de TSC<\/h2>\n<p>Le <a title=\"Vers le fabricant TSC\" href=\"https:\/\/emea.tscprinters.com\/de\" target=\"_blank\" rel=\"noopener noreferrer nofollow\">TSC<\/a> Alpha-30L fait partie de la s\u00e9rie \u00e0 succ\u00e8s Alpha, qui comprend \u00e9galement le plus grand Alpha-40L. Les deux mod\u00e8les combinent un bo\u00eetier en plastique robuste, des communications modernes et des performances \u00e9lev\u00e9es. <\/p>\n<p>En tant que fabricant international, TSC fait partie des fournisseurs leaders dans le domaine des solutions d&#8217;impression mobiles. Depuis des ann\u00e9es, l&#8217;entreprise est synonyme de qualit\u00e9 et de fiabilit\u00e9 \u00e9lev\u00e9es pour les <a title=\"Vers nos imprimantes d&#039;\u00e9tiquettes\" href=\"https:\/\/labeltech.ch\/fr\/produits\/imprimante-couleur\/\">imprimantes d&#8217;\u00e9tiquettes<\/a> et les imprimantes mobiles qui sont utilis\u00e9es dans de nombreux secteurs. <\/p>\n","protected":false},"excerpt":{"rendered":"<p>TSC Alpha-30L Imprimante mobile pour une utilisation flexible dans l&#8217;industrie  [&#8230;]<\/p>\n","protected":false},"featured_media":5222,"comment_status":"closed","ping_status":"closed","template":"","meta":[],"product_brand":[],"product_cat":[73,72],"product_tag":[],"class_list":{"0":"post-5197","1":"product","2":"type-product","3":"status-publish","4":"has-post-thumbnail","6":"product_cat-desktop-fr","7":"product_cat-imprimantes","9":"first","10":"instock","11":"shipping-taxable","12":"product-type-external"},"_links":{"self":[{"href":"https:\/\/labeltech.ch\/fr\/wp-json\/wp\/v2\/product\/5197","targetHints":{"allow":["GET"]}}],"collection":[{"href":"https:\/\/labeltech.ch\/fr\/wp-json\/wp\/v2\/product"}],"about":[{"href":"https:\/\/labeltech.ch\/fr\/wp-json\/wp\/v2\/types\/product"}],"replies":[{"embeddable":true,"href":"https:\/\/labeltech.ch\/fr\/wp-json\/wp\/v2\/comments?post=5197"}],"wp:featuredmedia":[{"embeddable":true,"href":"https:\/\/labeltech.ch\/fr\/wp-json\/wp\/v2\/media\/5222"}],"wp:attachment":[{"href":"https:\/\/labeltech.ch\/fr\/wp-json\/wp\/v2\/media?parent=5197"}],"wp:term":[{"taxonomy":"product_brand","embeddable":true,"href":"https:\/\/labeltech.ch\/fr\/wp-json\/wp\/v2\/product_brand?post=5197"},{"taxonomy":"product_cat","embeddable":true,"href":"https:\/\/labeltech.ch\/fr\/wp-json\/wp\/v2\/product_cat?post=5197"},{"taxonomy":"product_tag","embeddable":true,"href":"https:\/\/labeltech.ch\/fr\/wp-json\/wp\/v2\/product_tag?post=5197"}],"curies":[{"name":"wp","href":"https:\/\/api.w.org\/{rel}","templated":true}]}}