{"id":5210,"date":"2021-04-01T15:06:52","date_gmt":"2021-04-01T13:06:52","guid":{"rendered":"https:\/\/labeltech.ch\/?post_type=product&#038;p=5210"},"modified":"2025-11-03T09:33:08","modified_gmt":"2025-11-03T08:33:08","slug":"imprimante-mobile-alpha-40l","status":"publish","type":"product","link":"https:\/\/labeltech.ch\/fr\/produkt\/imprimante-mobile-alpha-40l\/","title":{"rendered":"Imprimante mobile Alpha-40L"},"content":{"rendered":"<h2 data-start=\"364\" data-end=\"455\"><strong data-start=\"366\" data-end=\"455\">TSC Alpha-40L Imprimante mobile &#8211; Imprimante d&#8217;\u00e9tiquettes performante pour les applications mobiles<\/strong><\/h2>\n<p data-start=\"457\" data-end=\"972\">La TSC Alpha-40L fait entrer l&#8217;impression mobile d&#8217;\u00e9tiquettes dans la prochaine g\u00e9n\u00e9ration. Cette imprimante TSC convainc par sa construction robuste, ses interfaces modernes et une int\u00e9gration logicielle bien pens\u00e9e pour une utilisation professionnelle. Faisant partie de la c\u00e9l\u00e8bre s\u00e9rie Alpha de TSC, l&#8217;imprimante mobile Alpha-40L offre une flexibilit\u00e9 maximale pour une utilisation quotidienne dans la logistique, le transport et le commerce de d\u00e9tail &#8211; partout o\u00f9 une imprimante fiable est n\u00e9cessaire.  <\/p>\n<h2 data-start=\"979\" data-end=\"1031\"><strong data-start=\"982\" data-end=\"1031\">Un compagnon robuste pour l&#8217;industrie et la logistique<\/strong><\/h2>\n<p data-start=\"1033\" data-end=\"1466\">L&#8217;imprimante d&#8217;\u00e9tiquettes thermique directe Alpha-40L a \u00e9t\u00e9 sp\u00e9cialement con\u00e7ue pour les environnements de travail exigeants. Gr\u00e2ce \u00e0 son indice de protection IP54, elle est r\u00e9sistante \u00e0 la poussi\u00e8re et \u00e0 l&#8217;eau, ce qui la rend id\u00e9ale pour le transport et la logistique. Sa construction r\u00e9sistante aux charges lourdes et aux chutes, avec sa housse de protection, supporte des chutes jusqu&#8217;\u00e0 2,5 m de hauteur. Ainsi, le TSC Alpha-40L reste fiable m\u00eame dans des conditions difficiles.   <\/p>\n<p data-start=\"1468\" data-end=\"1650\">L&#8217;imprimante mobile s\u00e9duit \u00e9galement dans la production ou le commerce de d\u00e9tail gr\u00e2ce \u00e0 sa technologie robuste, son option de kit sans doublure int\u00e9gr\u00e9e et ses batteries intelligentes \u00e0 longue dur\u00e9e de vie.<\/p>\n<h2 data-start=\"1657\" data-end=\"1705\"><strong data-start=\"1660\" data-end=\"1705\">Hautes performances d&#8217;impression et r\u00e9sultats pr\u00e9cis<\/strong><\/h2>\n<p data-start=\"1707\" data-end=\"2126\">Avec une r\u00e9solution de 203 dpi, l&#8217;imprimante d&#8217;\u00e9tiquettes Alpha 40L produit des textes, des codes \u00e0 barres et des graphiques d&#8217;une grande nettet\u00e9. L&#8217;impression est thermique directe et ne n\u00e9cessite pas de ruban, ce qui est parfait pour des processus d&#8217;impression d&#8217;\u00e9tiquettes rapides et flexibles.<br data-start=\"1976\" data-end=\"1979\">La largeur d&#8217;impression maximale est de 104 mm, et gr\u00e2ce \u00e0 une vitesse d&#8217;impression pouvant atteindre 127 mm\/s, le flux de travail reste toujours efficace. <\/p>\n<p data-start=\"2128\" data-end=\"2318\">Elle est \u00e9quip\u00e9e d&#8217;un processeur 32 bits, de 128 Mo de RAM et de 128 Mo de m\u00e9moire flash, et d&#8217;une horloge en temps r\u00e9el (RTC) pour la gestion des impressions en temps r\u00e9el.<\/p>\n<h2 data-start=\"2325\" data-end=\"2388\"><strong data-start=\"2328\" data-end=\"2388\">Connectivit\u00e9 sans fil avec Bluetooth 5.0, Wi-Fi et NFC<\/strong><\/h2>\n<p data-start=\"2390\" data-end=\"2527\">L&#8217;imprimante mobile TSC Alpha-40L est con\u00e7ue pour une mobilit\u00e9 maximale.<br data-start=\"2462\" data-end=\"2465\">Elle offre des interfaces sans fil de pointe &#8211; dont :<\/p>\n<ul>\n<li data-start=\"2531\" data-end=\"2598\">Bluetooth\u00ae 5.0 et Bluetooth 4.2 certifi\u00e9s MFi par Apple<\/li>\n<li data-start=\"2531\" data-end=\"2598\">Wi-Fi 802.11 a\/b\/g\/n\/ac avec transfert de donn\u00e9es rapide<\/li>\n<li data-start=\"2664\" data-end=\"2718\">NFC pour un appairage facile avec les terminaux mobiles<\/li>\n<li data-start=\"2721\" data-end=\"2779\">USB-C 2.0 pour une charge rapide et une connexion directe<\/li>\n<\/ul>\n<p data-start=\"2781\" data-end=\"2951\">L&#8217;imprimante d&#8217;\u00e9tiquettes mobile s&#8217;int\u00e8gre ainsi parfaitement aux r\u00e9seaux existants, ce qui est id\u00e9al pour les entreprises qui ont besoin de donn\u00e9es en temps r\u00e9el et de flexibilit\u00e9.<\/p>\n<h2 data-start=\"2958\" data-end=\"3032\"><strong data-start=\"2961\" data-end=\"3032\">Logiciels intelligents : TSC Sense Care, SOTI Connect et TSC Console<\/strong><\/h2>\n<p data-start=\"3034\" data-end=\"3511\">L&#8217;Alpha-40L de TSC ne se distingue pas seulement par son mat\u00e9riel, mais aussi par ses solutions logicielles intelligentes.<br data-start=\"3141\" data-end=\"3144\">Avec TSC Sense Care, l&#8217;imprimante surveille en permanence l&#8217;\u00e9tat de la t\u00eate d&#8217;impression et des capteurs afin de minimiser les temps d&#8217;arr\u00eat.<br data-start=\"3272\" data-end=\"3275\">Gr\u00e2ce \u00e0 SOTI Connect et \u00e0 la console TSC, des parcs entiers d&#8217;imprimantes peuvent \u00eatre contr\u00f4l\u00e9s, g\u00e9r\u00e9s et surveill\u00e9s en temps r\u00e9el de mani\u00e8re centralis\u00e9e. Cette combinaison fait de l&#8217;Alpha-40L une solution professionnelle intelligente pour tout environnement de travail. <\/p>\n<h2 data-start=\"3518\" data-end=\"3576\"><strong data-start=\"3521\" data-end=\"3576\">Alimentation en \u00e9nergie avec batterie haute capacit\u00e9 et accessoires<\/strong><\/h2>\n<p data-start=\"3578\" data-end=\"3949\">L&#8217;imprimante mobile Alpha-40L est aliment\u00e9e par une puissante batterie Li-Ion de 6200 mAh, con\u00e7ue pour de longues p\u00e9riodes d&#8217;utilisation sans interruption.<br data-start=\"3737\" data-end=\"3740\">Un adaptateur secteur optionnel, un clip ceinture, un c\u00e2ble micro-USB et d&#8217;autres options d&#8217;accessoires sont disponibles pour une utilisation mobile. La batterie peut \u00eatre remplac\u00e9e rapidement afin d&#8217;\u00e9viter les temps d&#8217;arr\u00eat. <\/p>\n<h2 data-start=\"3956\" data-end=\"3999\"><strong data-start=\"3959\" data-end=\"3999\">Domaines d&#8217;application du TSC Alpha-40L<\/strong><\/h2>\n<p data-start=\"4001\" data-end=\"4044\">Les possibilit\u00e9s d&#8217;utilisation sont nombreuses :<\/p>\n<ul>\n<li data-start=\"4047\" data-end=\"4123\">Applications logistiques : \u00c9tiquetage d&#8217;envois, de palettes et de cartons<\/li>\n<li data-start=\"4126\" data-end=\"4197\">Commerce de d\u00e9tail : impression d&#8217;\u00e9tiquettes de prix ou de rayons directement sur place<\/li>\n<li data-start=\"4200\" data-end=\"4262\">Healthcare : \u00e9tiquetage des dossiers m\u00e9dicaux ou des \u00e9chantillons<\/li>\n<li data-start=\"4200\" data-end=\"4262\">de fabrication : \u00c9tiquettes pour les processus de production ou l&#8217;identification des stocks<\/li>\n<\/ul>\n<p data-start=\"4343\" data-end=\"4507\">Gr\u00e2ce \u00e0 cette flexibilit\u00e9 et \u00e0 la nouvelle g\u00e9n\u00e9ration d&#8217;imprimantes TSC, les entreprises du monde entier b\u00e9n\u00e9ficient d&#8217;une productivit\u00e9 accrue et de co\u00fbts d&#8217;exploitation r\u00e9duits.<\/p>\n<h2 data-start=\"4514\" data-end=\"4570\"><strong data-start=\"4517\" data-end=\"4570\">Pr\u00e9sentation de la s\u00e9rie Alpha : Alpha-30L et Alpha-40L<\/strong><\/h2>\n<p data-start=\"4572\" data-end=\"4940\">La s\u00e9rie <a title=\"Visitez le site web du fabricant TSC\" href=\"https:\/\/emea.tscprinters.com\/de\" target=\"_blank\" rel=\"noopener noreferrer nofollow\">TSC<\/a> Alpha comprend \u00e0 la fois l&#8217;<a title=\"En savoir plus sur l&#039;imprimante mobile Alpha-30L\" href=\"https:\/\/labeltech.ch\/fr\/produkt\/imprimante-mobile-alpha-30l\/\">imprimante mobile Alpha-30L<\/a> et l&#8217;imprimante Alpha-40L, plus grande. Les deux mod\u00e8les sont \u00e9quip\u00e9s de batteries intelligentes, d&#8217;un bo\u00eetier robuste et d&#8217;un design de communication moderne.<br data-start=\"4801\" data-end=\"4804\">L&#8217;Alpha-30L et l&#8217;Alpha-40L offrent ainsi une combinaison exceptionnelle de durabilit\u00e9, de performance et de mobilit\u00e9 pour tout environnement. <\/p>\n<h2 data-start=\"4947\" data-end=\"5023\"><strong data-start=\"4950\" data-end=\"5023\">La TSC Alpha-40L &#8211; votre imprimante d&#8217;\u00e9tiquettes mobile fiable<\/strong><\/h2>\n<p data-start=\"5025\" data-end=\"5500\">Qu&#8217;il s&#8217;agisse de transport et de logistique, de vente au d\u00e9tail ou de fabrication, l&#8217;imprimante mobile TSC Alpha-40L offre une fiabilit\u00e9 \u00e0 toute \u00e9preuve, avec Bluetooth 5.0, NFC, USB -C, RTC et TSC Sense Care.<br data-start=\"5262\" data-end=\"5265\">Avec ses batteries intelligentes, son bo\u00eetier de protection IP54, ses interfaces sans fil et son kit linerless int\u00e9gr\u00e9, elle est le choix id\u00e9al pour les entreprises qui appr\u00e9cient l&#8217;efficacit\u00e9, la durabilit\u00e9 et la libert\u00e9 mobile.<\/p>\n<p data-start=\"5025\" data-end=\"5500\">Si vous avez des questions sur le produit ou sur nos autres gammes, n&#8217;h\u00e9sitez pas \u00e0 nous contacter <a title=\"Vers notre page de contact\" href=\"https:\/\/labeltech.ch\/fr\/contact\/\">ici<\/a>. Notre \u00e9quipe se fera un plaisir de vous aider. <\/p>\n","protected":false},"excerpt":{"rendered":"<p>TSC Alpha-40L Imprimante mobile &#8211; Imprimante d&#8217;\u00e9tiquettes performante pour les  [&#8230;]<\/p>\n","protected":false},"featured_media":5219,"comment_status":"closed","ping_status":"closed","template":"","meta":[],"product_brand":[],"product_cat":[73,72],"product_tag":[],"class_list":{"0":"post-5210","1":"product","2":"type-product","3":"status-publish","4":"has-post-thumbnail","6":"product_cat-desktop-fr","7":"product_cat-imprimantes","9":"first","10":"instock","11":"shipping-taxable","12":"product-type-external"},"_links":{"self":[{"href":"https:\/\/labeltech.ch\/fr\/wp-json\/wp\/v2\/product\/5210","targetHints":{"allow":["GET"]}}],"collection":[{"href":"https:\/\/labeltech.ch\/fr\/wp-json\/wp\/v2\/product"}],"about":[{"href":"https:\/\/labeltech.ch\/fr\/wp-json\/wp\/v2\/types\/product"}],"replies":[{"embeddable":true,"href":"https:\/\/labeltech.ch\/fr\/wp-json\/wp\/v2\/comments?post=5210"}],"wp:featuredmedia":[{"embeddable":true,"href":"https:\/\/labeltech.ch\/fr\/wp-json\/wp\/v2\/media\/5219"}],"wp:attachment":[{"href":"https:\/\/labeltech.ch\/fr\/wp-json\/wp\/v2\/media?parent=5210"}],"wp:term":[{"taxonomy":"product_brand","embeddable":true,"href":"https:\/\/labeltech.ch\/fr\/wp-json\/wp\/v2\/product_brand?post=5210"},{"taxonomy":"product_cat","embeddable":true,"href":"https:\/\/labeltech.ch\/fr\/wp-json\/wp\/v2\/product_cat?post=5210"},{"taxonomy":"product_tag","embeddable":true,"href":"https:\/\/labeltech.ch\/fr\/wp-json\/wp\/v2\/product_tag?post=5210"}],"curies":[{"name":"wp","href":"https:\/\/api.w.org\/{rel}","templated":true}]}}