{"id":5563,"date":"2021-06-29T11:59:12","date_gmt":"2021-06-29T09:59:12","guid":{"rendered":"https:\/\/labeltech.ch\/?post_type=product&#038;p=5563"},"modified":"2026-04-17T17:02:02","modified_gmt":"2026-04-17T15:02:02","slug":"oki-pro1050","status":"publish","type":"product","link":"https:\/\/labeltech.ch\/fr\/produkt\/oki-pro1050\/","title":{"rendered":"OKI Pro1050"},"content":{"rendered":"<ul>\n<li><strong>Impression d&#8217;\u00e9tiquettes rentable et en interne<\/strong><br \/>Offre une impression \u00e0 la demande \u00e0 court terme pour les \u00e9tiquettes couleur afin de g\u00e9n\u00e9rer de nouvelles sources de revenus.<\/li>\n<li><strong>Gestion polyvalente des supports<br \/><\/strong>La gestion in\u00e9gal\u00e9e des supports permet aux utilisateurs de d\u00e9velopper de nouvelles id\u00e9es cr\u00e9atives et de r\u00e9aliser des t\u00e2ches complexes sans effort.<\/li>\n<li><strong>Une nouvelle dimension de couleur pour les \u00e9tiquettes imprim\u00e9es<br \/><\/strong>L&#8217;option cinq couleurs ou CMYK+W permet une plus grande flexibilit\u00e9 dans la conception des \u00e9tiquettes<\/li>\n<li><strong>Impression robuste, r\u00e9sistante \u00e0 l&#8217;eau et aux produits chimiques<\/strong><br \/>Peut produire des \u00e9tiquettes r\u00e9sistantes \u00e0 l&#8217;eau, robustes et r\u00e9sistantes \u00e0 la d\u00e9coloration due aux UV<\/li>\n<\/ul>\n<div class=\"contentsWrapper2\">\n<h1 data-start=\"484\" data-end=\"567\">OKI Pro1050 &#8211; Imprimante d&#8217;\u00e9tiquettes cinq couleurs pour un maximum de flexibilit\u00e9 et d&#8217;impact<\/h1>\n<p data-start=\"569\" data-end=\"1194\">L&#8217;imprimante d&#8217;\u00e9tiquettes OKI Pro1050 est une solution professionnelle pour les entreprises qui recherchent des \u00e9tiquettes couleur de haute qualit\u00e9 sur une grande vari\u00e9t\u00e9 de supports. En tant qu&#8217;imprimante cinq couleurs avec option CMJN et blanc, elle offre de nouvelles possibilit\u00e9s pour des designs d&#8217;\u00e9tiquettes cr\u00e9atifs, y compris sur fond transparent ou color\u00e9. Gr\u00e2ce \u00e0 la technologie num\u00e9rique \u00e0 LED combin\u00e9e \u00e0 la technologie du toner sec, le syst\u00e8me permet une impression d&#8217;une grande nettet\u00e9, une compatibilit\u00e9 \u00e9lev\u00e9e avec les supports et un \u00e9tiquetage extr\u00eamement r\u00e9sistant &#8211; m\u00eame sur des mat\u00e9riaux synth\u00e9tiques ou des \u00e9tiquettes r\u00e9sistantes \u00e0 l&#8217;eau. La conception d&#8217;\u00e9tiquettes repens\u00e9e : couleur, blanc et d\u00e9tails brillants   <\/p>\n<p data-start=\"1270\" data-end=\"1776\">Le toner blanc permet d&#8217;imprimer sur des surfaces sombres ou transparentes. L&#8217;imprimante d&#8217;\u00e9tiquettes pro1050 ouvre ainsi une nouvelle dimension de couleur pour les designs, permettant de cr\u00e9er des \u00e9tiquettes professionnelles sur une grande vari\u00e9t\u00e9 de supports, du papier textur\u00e9 aux substrats m\u00e9tallis\u00e9s en passant par les \u00e9tiquettes synth\u00e9tiques r\u00e9sistantes \u00e0 l&#8217;usure. Elle est id\u00e9ale pour les applications en ext\u00e9rieur ou dans des environnements humides qui n\u00e9cessitent une r\u00e9sistance \u00e0 l&#8217;eau, aux UV et aux rayures.  <\/p>\n<h2 data-start=\"1783\" data-end=\"1847\">Des \u00e9tiquettes vari\u00e9es, un effort minimal avec l&#8217;imprimante d&#8217;\u00e9tiquettes Pro1050<\/h2>\n<p data-start=\"1849\" data-end=\"2271\">Qu&#8217;il s&#8217;agisse d&#8217;\u00e9tiquettes personnalis\u00e9es, d&#8217;\u00e9tiquettes de produits r\u00e9sistantes \u00e0 l&#8217;eau, d&#8217;un marquage conforme \u00e0 la norme GHS ou de petits tirages variables, l&#8217;OKI Pro1050 imprime de mani\u00e8re fiable, efficace et facile \u00e0 utiliser. Les entreprises b\u00e9n\u00e9ficient d&#8217;une manipulation ais\u00e9e des supports, d&#8217;une formation r\u00e9duite et de l&#8217;absence de rouleaux d&#8217;\u00e9tiquettes pr\u00e9-imprim\u00e9s co\u00fbteux. Les co\u00fbts d&#8217;impression restent pr\u00e9visibles &#8211; sans compromis sur la qualit\u00e9.  <\/p>\n<h2 data-start=\"136\" data-end=\"196\">S\u00e9rie Pro Des \u00e9tiquettes fiables, m\u00eame dans des conditions extr\u00eames<\/h2>\n<p data-start=\"198\" data-end=\"858\">L&#8217;imprimante d&#8217;\u00e9tiquettes cinq couleurs OKI Pro1050 est con\u00e7ue pour les applications o\u00f9 les \u00e9tiquettes ne se d\u00e9colorent pas sous l&#8217;effet de la lumi\u00e8re UV, m\u00eame dans les conditions les plus difficiles. Gr\u00e2ce \u00e0 la technologie d&#8217;impression r\u00e9sistante et \u00e0 la technologie num\u00e9rique LED, les \u00e9tiquettes peuvent \u00eatre imprim\u00e9es de mani\u00e8re aussi fiable sur des supports transparents ou color\u00e9s que sur des mat\u00e9riaux synth\u00e9tiques. Le syst\u00e8me permet de cr\u00e9er des designs personnalis\u00e9s sur des fonds color\u00e9s &#8211; id\u00e9al pour les produits qui doivent attirer l&#8217;attention et rester lisibles \u00e0 long terme. La gestion intelligente des supports permet une configuration facile, ce qui permet de r\u00e9pondre rapidement et efficacement \u00e0 des besoins changeants.   <\/p>\n<p>Alternative jet d&#8217;encre pour les \u00e9tiquettes couleur avec une large compatibilit\u00e9 de supports, l&#8217;<a href=\"https:\/\/labeltech.ch\/fr\/produkt\/epson-colorworks-c6500\/\" title=\"Epson ColorWorks C6500 - Alternative jet d'encre pour les \u00e9tiquettes couleur\">Epson ColorWorks C6500<\/a> offre une plate-forme r\u00e9put\u00e9e pour l&#8217;impression professionnelle d&#8217;\u00e9tiquettes couleur.<\/p>\n<h2 data-start=\"86\" data-end=\"134\">Un pilote intelligent pour un contr\u00f4le maximal<\/h2>\n<p data-start=\"136\" data-end=\"696\">L&#8217;un des points forts de l&#8217;OKI Pro1050 est son puissant pilote d&#8217;impression, qui va bien au-del\u00e0 des fonctions classiques. La densit\u00e9 du toner, les d\u00e9grad\u00e9s et l&#8217;enregistrement peuvent \u00eatre contr\u00f4l\u00e9s directement &#8211; parfait pour des mises en page d&#8217;\u00e9tiquettes pr\u00e9cises et des couleurs homog\u00e8nes. Les formats de support et les param\u00e8tres r\u00e9seau peuvent \u00e9galement \u00eatre r\u00e9gl\u00e9s de mani\u00e8re flexible. Associ\u00e9 \u00e0 l&#8217;\u00e9cran LCD couleur, le pilote fournit des informations en temps r\u00e9el sur les niveaux de toner et les erreurs, pour un fonctionnement sans faille, un temps d&#8217;arr\u00eat minimal et des r\u00e9sultats d&#8217;impression professionnels.   <\/p>\n<h2 data-start=\"2278\" data-end=\"2343\">Voil\u00e0 pourquoi OKI est un fabricant si r\u00e9put\u00e9 dans l&#8217;industrie<\/h2>\n<p data-start=\"2345\" data-end=\"2856\">OKI est l&#8217;un des principaux fournisseurs mondiaux de technologies d&#8217;impression num\u00e9rique d&#8217;\u00e9tiquettes, en particulier pour les applications exigeant une grande libert\u00e9 de conception, des couleurs vives et une grande r\u00e9sistance. L&#8217;OKI Pro1050 symbolise cette capacit\u00e9 d&#8217;innovation : une imprimante d&#8217;\u00e9tiquettes compacte et robuste qui prend en charge 5 couleurs, y compris le blanc, accepte des supports d&#8217;\u00e9tiquettes transparents ou en couleur et fournit une impression d&#8217;\u00e9tiquettes professionnelle m\u00eame dans des conditions difficiles. <\/p>\n<h2 data-start=\"414\" data-end=\"484\">Production d&#8217;\u00e9tiquettes en interne &#8211; flexible, rapide, efficace<\/h2>\n<p data-start=\"486\" data-end=\"1118\">L&#8217;OKI Pro1050 vous permet de produire vos \u00e9tiquettes en interne &#8211; et de gagner en flexibilit\u00e9, en vitesse et en contr\u00f4le. Au lieu de d\u00e9pendre de prestataires d&#8217;impression externes, vous imprimez des \u00e9tiquettes \u00e0 la demande, m\u00eame en petites quantit\u00e9s. Vous \u00e9conomisez ainsi des co\u00fbts de stockage et ne d\u00e9pendez plus de quantit\u00e9s minimales de commande. De plus, les temps d&#8217;attente et les surproductions sont \u00e9limin\u00e9s. Pas de rouleaux pr\u00e9-imprim\u00e9s, pas de temps d&#8217;arr\u00eat &#8211; mais une cha\u00eene de processus optimis\u00e9e et un co\u00fbt total de possession r\u00e9duit. L&#8217;OKI Pro1050 vous donne un r\u00e9el avantage en termes d&#8217;efficacit\u00e9, en particulier sur les march\u00e9s dynamiques.     <\/p>\n<h2 data-start=\"2863\" data-end=\"2948\">L&#8217;OKI Pro1050 offre de nombreux avantages \u00e0 votre entreprise et \u00e0 vos collaborateurs<\/h2>\n<p data-start=\"2950\" data-end=\"3578\">Avec 5 couleurs, y compris le blanc, la Pro1050 offre une flexibilit\u00e9 maximale pour la conception d&#8217;\u00e9tiquettes &#8211; par exemple pour des \u00e9tiquettes accrocheuses sur des mat\u00e9riaux color\u00e9s ou synth\u00e9tiques. La haute r\u00e9solution de 1200 dpi permet d&#8217;obtenir des lignes fines, des donn\u00e9es variables, des codes \u00e0 barres et des d\u00e9grad\u00e9s de couleurs doux. Sa r\u00e9sistance \u00e0 l&#8217;eau et aux UV en fait l&#8217;imprimante id\u00e9ale pour les industries aux exigences strictes. Avec une largeur d&#8217;impression jusqu&#8217;\u00e0 125,76 mm et des longueurs d&#8217;\u00e9tiquettes jusqu&#8217;\u00e0 1 320 mm, l&#8217;impression grand format ne pose aucun probl\u00e8me. L&#8217;utilisation via un \u00e9cran LCD couleur avec indicateur de toner et messages d&#8217;erreur rend l&#8217;utilisation quotidienne particuli\u00e8rement conviviale.<\/p>\n<hr data-start=\"3580\" data-end=\"3583\">\n<p data-start=\"3585\" data-end=\"3793\">Achetez la OKI Pro1050 maintenant chez Labeltech &#8211; votre partenaire exp\u00e9riment\u00e9 pour les syst\u00e8mes d&#8217;impression d&#8217;\u00e9tiquettes num\u00e9riques, les solutions d&#8217;impression avec option CMJN+blanc et la production d&#8217;\u00e9tiquettes professionnelle de haut niveau. Ou si vous cherchez d&#8217;autres syst\u00e8mes, comme des imprimantes ou des applicateurs, parcourez notre large <a href=\"https:\/\/labeltech.ch\/fr\/produits\/\">gamme de produits<\/a>! <\/p>\n<\/div>\n<div class=\"contentsWrapper2 clearfix\">\n<ul>\n<li>\u00c9tiquettes r\u00e9sistantes \u00e0 l&#8217;eau pour l&#8217;horticulture, o\u00f9 les \u00e9tiquettes pour plantes et arbres doivent r\u00e9sister \u00e0 des conditions humides<\/li>\n<li>Imprimez des \u00e9tiquettes ext\u00e9rieures qui r\u00e9sistent jusqu&#8217;\u00e0 un an \u00e0 la d\u00e9coloration due aux UV.<\/li>\n<li>\u00c9tiquetage r\u00e9sistant aux produits chimiques pour les produits m\u00e9nagers et d&#8217;hygi\u00e8ne personnelle<\/li>\n<\/ul>\n<\/div>\n","protected":false},"excerpt":{"rendered":"<p>Impression d&#8217;\u00e9tiquettes rentable et en interneOffre une impression \u00e0 la  [&#8230;]<\/p>\n","protected":false},"featured_media":5557,"comment_status":"closed","ping_status":"closed","template":"","meta":[],"product_brand":[],"product_cat":[68],"product_tag":[],"class_list":{"0":"post-5563","1":"product","2":"type-product","3":"status-publish","4":"has-post-thumbnail","6":"product_cat-imprimantes-couleur","8":"first","9":"instock","10":"shipping-taxable","11":"product-type-external"},"_links":{"self":[{"href":"https:\/\/labeltech.ch\/fr\/wp-json\/wp\/v2\/product\/5563","targetHints":{"allow":["GET"]}}],"collection":[{"href":"https:\/\/labeltech.ch\/fr\/wp-json\/wp\/v2\/product"}],"about":[{"href":"https:\/\/labeltech.ch\/fr\/wp-json\/wp\/v2\/types\/product"}],"replies":[{"embeddable":true,"href":"https:\/\/labeltech.ch\/fr\/wp-json\/wp\/v2\/comments?post=5563"}],"wp:featuredmedia":[{"embeddable":true,"href":"https:\/\/labeltech.ch\/fr\/wp-json\/wp\/v2\/media\/5557"}],"wp:attachment":[{"href":"https:\/\/labeltech.ch\/fr\/wp-json\/wp\/v2\/media?parent=5563"}],"wp:term":[{"taxonomy":"product_brand","embeddable":true,"href":"https:\/\/labeltech.ch\/fr\/wp-json\/wp\/v2\/product_brand?post=5563"},{"taxonomy":"product_cat","embeddable":true,"href":"https:\/\/labeltech.ch\/fr\/wp-json\/wp\/v2\/product_cat?post=5563"},{"taxonomy":"product_tag","embeddable":true,"href":"https:\/\/labeltech.ch\/fr\/wp-json\/wp\/v2\/product_tag?post=5563"}],"curies":[{"name":"wp","href":"https:\/\/api.w.org\/{rel}","templated":true}]}}