{"id":5575,"date":"2021-06-29T12:26:03","date_gmt":"2021-06-29T10:26:03","guid":{"rendered":"https:\/\/labeltech.ch\/produkt\/primera-lx610e\/"},"modified":"2026-04-17T17:08:13","modified_gmt":"2026-04-17T15:08:13","slug":"primera-lx610e","status":"publish","type":"product","link":"https:\/\/labeltech.ch\/fr\/produkt\/primera-lx610e\/","title":{"rendered":"Primera LX610e"},"content":{"rendered":"<h2>Imprimer et couper des \u00e9tiquettes de n&#8217;importe quelle forme et taille &#8211; en une seule op\u00e9ration.<\/h2>\n<h3>Imprimante d&#8217;\u00e9tiquettes avec d\u00e9coupeuse de contours int\u00e9gr\u00e9e<\/h3>\n<p>La LX610e de Primera est une imprimante multit\u00e2che, car elle fait deux choses \u00e0 la fois, ce qui la distingue des autres imprimantes. Elle est \u00e0 la fois une imprimante d&#8217;\u00e9tiquettes couleur et une d\u00e9coupeuse, et le travail avec des \u00e9tiquettes pr\u00e9d\u00e9coup\u00e9es appartient au pass\u00e9. L&#8217;imprimante peut certes les imprimer, mais vous n&#8217;avez plus besoin de les commander.  <\/p>\n<p>Gr\u00e2ce au logiciel associ\u00e9, vous pouvez importer vos designs et soit choisir l&#8217;un des contours standard, soit cr\u00e9er votre propre contour personnalis\u00e9.<\/p>\n<h2>Caract\u00e9ristiques de la Primera LX610e<\/h2>\n<p>Lorsque vous achetez la LX610e de Primera, vous recevez avec l&#8217;imprimante d&#8217;\u00e9tiquettes et la d\u00e9coupeuse de contours le logiciel correspondant. Gr\u00e2ce \u00e0 la convivialit\u00e9 et \u00e0 l&#8217;utilisation intuitive de l&#8217;imprimante de bureau, il est possible de cr\u00e9er soi-m\u00eame des fichiers d&#8217;impression et de d\u00e9coupe num\u00e9riques en un rien de temps. L&#8217;\u00e9tape de d\u00e9coupe des contours n&#8217;est pas obligatoire, mais optionnelle, car comme pour les autres imprimantes d&#8217;\u00e9tiquettes couleur de bureau, des \u00e9tiquettes standard pr\u00e9d\u00e9coup\u00e9es peuvent \u00eatre ins\u00e9r\u00e9es dans l&#8217;appareil pour l&#8217;impression.  <\/p>\n<h2>Caract\u00e9ristiques et particularit\u00e9s<\/h2>\n<h3>R\u00e9solution et mat\u00e9riaux<\/h3>\n<p>La Primera LX610e vous permet d&#8217;imprimer des \u00e9tiquettes couleur de haute qualit\u00e9 \u00e0 des r\u00e9solutions allant jusqu&#8217;\u00e0 4800 dpi. Cela permet d&#8217;imprimer des textes, des illustrations, des images, mais aussi des photos et des codes-barres bidimensionnels en couleurs vives. Le mat\u00e9riau de l&#8217;\u00e9tiquette doit \u00eatre adapt\u00e9 \u00e0 la d\u00e9coupe des contours et peut \u00eatre brillant, mat, transparent, m\u00e9tallique ou textur\u00e9. Avec cette imprimante d&#8217;\u00e9tiquettes, DTM Print fournit la solution adapt\u00e9e \u00e0 une multitude d&#8217;exigences et de souhaits.   <\/p>\n<h3>Encre<\/h3>\n<p>Les habitu\u00e9s de l&#8217;impression d&#8217;\u00e9tiquettes savent qu&#8217;il est possible d&#8217;obtenir un r\u00e9sultat optimal en combinant une imprimante de qualit\u00e9, des \u00e9tiquettes robustes et des encres de qualit\u00e9. La LX610e utilise deux types d&#8217;encre. <\/p>\n<p>La premi\u00e8re est l&#8217;encre \u00e0 base de colorants (dye) : Elle convainc par ses couleurs particuli\u00e8rement claires, lumineuses et vives. La seconde est une encre \u00e0 base de pigments. Les couleurs sur l&#8217;\u00e9tiquette ne sont pas aussi brillantes, mais elles sont tr\u00e8s r\u00e9sistantes \u00e0 l&#8217;eau et au soleil, ce qui a un effet positif sur la dur\u00e9e de vie.  <\/p>\n<p>Cela est particuli\u00e8rement avantageux lorsque les produits \u00e0 \u00e9tiqueter doivent parcourir de longues distances ou sont expos\u00e9s \u00e0 des influences environnementales extr\u00eames ou sp\u00e9ciales.<\/p>\n<h2>Logiciel<\/h2>\n<h3>PTCreate\u2122 Lite<\/h3>\n<p>Ce logiciel d&#8217;application intuitif peut \u00eatre t\u00e9l\u00e9charg\u00e9 gratuitement par tout propri\u00e9taire d&#8217;imprimante d&#8217;\u00e9tiquettes. Les fonctions d&#8217;impression et de maintenance incluent l&#8217;importation d&#8217;images et le dessin de formes standard, telles que rectangles, carr\u00e9s, cercles, ovales, \u00e9toiles, etc. <\/p>\n<h3>PTCreate\u2122 Pro<\/h3>\n<p>Le programme PTCreate\u2122 Pro, \u00e9galement disponible, permet d&#8217;importer non seulement des images mais aussi diff\u00e9rents formats de fichiers tels que .pdf, .ai ou .psd. La version Pro permet aux utilisateurs d&#8217;utiliser des calques (layering), d&#8217;exporter des images et de d\u00e9couper des formes et des silhouettes personnalis\u00e9es dans des graphiques complexes. En raison de ces outils et fonctions suppl\u00e9mentaires, PTCreate\u2122 Pro pour le LX610e vaut vraiment la peine pour les demandes sp\u00e9ciales.<\/p>\n<p>De plus, l&#8217;imprimante d&#8217;\u00e9tiquettes est \u00e9quip\u00e9e d&#8217;une fonction de r\u00e9glage des couleurs ICC dans le pilote d&#8217;impression, qui charge automatiquement les couleurs en fonction de l&#8217;encre utilis\u00e9e et du mat\u00e9riau des \u00e9tiquettes.<\/p>\n<h2>Champ d&#8217;application<\/h2>\n<p>Le fabricant Primera propose dans sa gamme des solutions d&#8217;impression pour diff\u00e9rents secteurs. Les imprimantes couleur, ou plus pr\u00e9cis\u00e9ment les imprimantes d&#8217;\u00e9tiquettes couleur, peuvent jouer un r\u00f4le important dans le secteur industriel, mais aussi dans les petites et moyennes entreprises. La Primera LX610e se distingue par ses deux fonctions en une.  <\/p>\n<p>Comme alternative plus performante pour des volumes d&#8217;impression plus \u00e9lev\u00e9s, nous recommandons la <a href=\"https:\/\/labeltech.ch\/fr\/produkt\/lx910e\/\" title=\"LX910e - Alternative haute performance dans la ligne d'impression couleur\">LX910e<\/a> pour l&#8217;impression professionnelle d&#8217;\u00e9tiquettes couleur.<\/p>\n<p>L&#8217;imprimante se r\u00e9v\u00e8le particuli\u00e8rement rapide et fiable pour la production d&#8217;\u00e9tiquettes autocollantes pour les entreprises qui souhaitent imprimer quelques dizaines d&#8217;exemplaires en une seule op\u00e9ration. Cette solution flexible d&#8217;impression d&#8217;\u00e9tiquettes convient \u00e9galement aux s\u00e9ries sp\u00e9ciales ou \u00e0 la personnalisation dans les magasins, car elle laisse plus de place \u00e0 la personnalisation. <\/p>\n<h2>Donn\u00e9es techniques<\/h2>\n<table style=\"border-collapse: collapse;width: 100%;height: 198px\" border=\"1\">\n<tbody>\n<tr style=\"height: 18px\">\n<td style=\"width: 41.6044776119403%;height: 18px\">R\u00e9solution<\/td>\n<td style=\"width: 58.3955223880597%;height: 18px\">1200 x 1200 ppp jusqu&#8217;\u00e0 1200 x 4800 ppp<\/td>\n<\/tr>\n<tr style=\"height: 18px\">\n<td style=\"width: 41.6044776119403%;height: 18px\">Vitesse d&#8217;impression<\/td>\n<td style=\"width: 58.3955223880597%;height: 18px\">jusqu&#8217;\u00e0 114,3 mm par seconde (4,5&#8243;)<\/td>\n<\/tr>\n<tr style=\"height: 18px\">\n<td style=\"width: 41.6044776119403%;height: 18px\">Largeur d&#8217;impression<\/td>\n<td style=\"width: 58.3955223880597%;height: 18px\">pr\u00e9d\u00e9coup\u00e9 : 13 mm \u00e0 127 mm<\/p>\n<p>d\u00e9coupe des contours : 13 mm \u00e0 104 mm<\/td>\n<\/tr>\n<tr style=\"height: 18px\">\n<td style=\"width: 41.6044776119403%;height: 18px\">Longueur d&#8217;impression<\/td>\n<td style=\"width: 58.3955223880597%;height: 18px\">jusqu&#8217;\u00e0 305 mm<\/td>\n<\/tr>\n<tr style=\"height: 18px\">\n<td style=\"width: 41.6044776119403%;height: 18px\">Largeur du support<\/td>\n<td style=\"width: 58.3955223880597%;height: 18px\">pr\u00e9d\u00e9coup\u00e9 : 54 mm \u00e0 133 mm<\/p>\n<p>coupe de contour : 121 mm<\/td>\n<\/tr>\n<tr style=\"height: 18px\">\n<td style=\"width: 41.6044776119403%;height: 18px\">Longueur du support<\/td>\n<td style=\"width: 58.3955223880597%;height: 18px\">12,7 mm \u00e0 305 mm<\/td>\n<\/tr>\n<tr style=\"height: 18px\">\n<td style=\"width: 41.6044776119403%;height: 18px\">Couleurs<\/td>\n<td style=\"width: 58.3955223880597%;height: 18px\">16,7 millions<\/td>\n<\/tr>\n<tr style=\"height: 18px\">\n<td style=\"width: 41.6044776119403%;height: 18px\">Syst\u00e8mes d&#8217;exploitation<\/td>\n<td style=\"width: 58.3955223880597%;height: 18px\">Windows<span style=\"font-family: MyriadPro;font-size: 9pt\"><sup>\u00ae<\/sup> <\/span>7\/8x\/10+ \/ Mac OS 10.11+<\/td>\n<\/tr>\n<tr style=\"height: 18px\">\n<td style=\"width: 41.6044776119403%;height: 18px\">Interface de donn\u00e9es<\/td>\n<td style=\"width: 58.3955223880597%;height: 18px\">USB 2.0<\/td>\n<\/tr>\n<tr style=\"height: 18px\">\n<td style=\"width: 41.6044776119403%;height: 18px\">Dimensions (LxHxP)<\/td>\n<td style=\"width: 58.3955223880597%;height: 18px\">345 mm x 242 mm x 432 mm<\/td>\n<\/tr>\n<tr style=\"height: 18px\">\n<td style=\"width: 41.6044776119403%;height: 18px\">Poids<\/td>\n<td style=\"width: 58.3955223880597%;height: 18px\">5,7 kg<\/td>\n<\/tr>\n<\/tbody>\n<\/table>\n<h3>Vous avez des questions ?<\/h3>\n<div class=\"textwidget\" style=\"font-family: inherit;font-style: inherit;margin: 0px;padding: 0px;border: 0px #e1e1e1;font-size: inherit;line-height: inherit;vertical-align: baseline\">\n<p>Gr\u00e2ce \u00e0 notre comp\u00e9tence de longue date et \u00e0 notre portefeuille de produits de haute qualit\u00e9, nous trouvons ensemble le produit qui vous convient. Le grand choix d&#8217;imprimantes nous permet de trouver celle qui vous convient le mieux. <strong><a href=\"https:\/\/labeltech.ch\/fr\/contact\/\">Si vous avez des questions sp\u00e9cifiques, n&#8217;h\u00e9sitez pas \u00e0 nous contacter.<\/a><\/strong>.<\/p>\n<\/div>\n<p>&nbsp;<\/p><\/p>\n","protected":false},"excerpt":{"rendered":"<p>Imprimer et couper des \u00e9tiquettes de n&#8217;importe quelle forme et  [&#8230;]<\/p>\n","protected":false},"featured_media":5573,"comment_status":"closed","ping_status":"closed","template":"","meta":[],"product_brand":[],"product_cat":[72,77],"product_tag":[],"class_list":{"0":"post-5575","1":"product","2":"type-product","3":"status-publish","4":"has-post-thumbnail","6":"product_cat-imprimantes","7":"product_cat-special","9":"first","10":"instock","11":"shipping-taxable","12":"product-type-external"},"_links":{"self":[{"href":"https:\/\/labeltech.ch\/fr\/wp-json\/wp\/v2\/product\/5575","targetHints":{"allow":["GET"]}}],"collection":[{"href":"https:\/\/labeltech.ch\/fr\/wp-json\/wp\/v2\/product"}],"about":[{"href":"https:\/\/labeltech.ch\/fr\/wp-json\/wp\/v2\/types\/product"}],"replies":[{"embeddable":true,"href":"https:\/\/labeltech.ch\/fr\/wp-json\/wp\/v2\/comments?post=5575"}],"wp:featuredmedia":[{"embeddable":true,"href":"https:\/\/labeltech.ch\/fr\/wp-json\/wp\/v2\/media\/5573"}],"wp:attachment":[{"href":"https:\/\/labeltech.ch\/fr\/wp-json\/wp\/v2\/media?parent=5575"}],"wp:term":[{"taxonomy":"product_brand","embeddable":true,"href":"https:\/\/labeltech.ch\/fr\/wp-json\/wp\/v2\/product_brand?post=5575"},{"taxonomy":"product_cat","embeddable":true,"href":"https:\/\/labeltech.ch\/fr\/wp-json\/wp\/v2\/product_cat?post=5575"},{"taxonomy":"product_tag","embeddable":true,"href":"https:\/\/labeltech.ch\/fr\/wp-json\/wp\/v2\/product_tag?post=5575"}],"curies":[{"name":"wp","href":"https:\/\/api.w.org\/{rel}","templated":true}]}}