{"id":5593,"date":"2021-06-29T16:41:21","date_gmt":"2021-06-29T14:41:21","guid":{"rendered":"https:\/\/labeltech.ch\/produkt\/beuteletikettiermaschine-etimatic-z3\/"},"modified":"2026-04-17T17:08:16","modified_gmt":"2026-04-17T15:08:16","slug":"etiqueteuse-a-sachets-etimatic-z3","status":"publish","type":"product","link":"https:\/\/labeltech.ch\/fr\/produkt\/etiqueteuse-a-sachets-etimatic-z3\/","title":{"rendered":"Etiqueteuse de sachets Etimatic Z3"},"content":{"rendered":"<h2>Une \u00e9tiqueteuse pour sachets : l&#8217;Etimatic Z3 &#8211; une \u00e9tiqueteuse de sachets semi-automatique pour un \u00e9tiquetage propre et rapide du dessous des sachets<\/h2>\n<p>L&#8217;Etimatic Z3 est la solution id\u00e9ale si vous souhaitez imprimer ou \u00e9tiqueter des sachets avec fermeture \u00e0 glissi\u00e8re (et d&#8217;autres produits plats) de mani\u00e8re efficace et semi-automatique &#8211; rapidement, de mani\u00e8re r\u00e9p\u00e9titive et visuellement propre. L&#8217;\u00e9tiquetage manuel est souvent un goulot d&#8217;\u00e9tranglement, en particulier pour les sachets : les \u00e9tiquettes ne sont pas toujours plac\u00e9es avec pr\u00e9cision, des plis apparaissent et la vitesse d\u00e9pend fortement de la forme du jour. La solution d&#8217;\u00e9tiquetage d <a title=\"Voir le site du fabricant\" href=\"https:\/\/www.etivera.de\/\" target=\"_blank\" rel=\"noopener noreferrer nofollow\">&#8216;Etivera<\/a> permet de structurer le processus : ins\u00e9rez le sachet, alignez-le, \u00e9tiquetez-le &#8211; et le dessous de l&#8217;emballage est marqu\u00e9 avec pr\u00e9cision.  <\/p>\n<h2>Pour quels produits l&#8217;\u00e9tiqueteuse de sachets Etimatic Z3 est-elle con\u00e7ue ?<\/h2>\n<p>L&#8217;\u00e9tiqueteuse de sachets est con\u00e7ue pour les produits plats et les sachets &#8211; en particulier pour les formes d&#8217;emballage modernes comme :<\/p>\n<ul>\n<li>Sachets zip \/ sachets \u00e0 fermeture \u00e0 pression (par ex. pour le caf\u00e9, le th\u00e9, les \u00e9pices, les snacks, les compl\u00e9ments alimentaires)<\/li>\n<li>Sacs et sachets, y compris des variantes avec des caract\u00e9ristiques sp\u00e9ciales comme la valve d&#8217;ar\u00f4me (souvent pour les sachets de caf\u00e9)<\/li>\n<li>d&#8217;autres produits plats qui s&#8217;adaptent \u00e0 l&#8217;\u00e9paisseur maximale du passage<\/li>\n<\/ul>\n<p>Important : le syst\u00e8me est con\u00e7u pour traiter presque tous les types de sachets courants dans les limites techniques &#8211; en particulier jusqu&#8217;\u00e0 6 mm d&#8217;\u00e9paisseur de mat\u00e9riau\/produit.<\/p>\n<h2>Plus de rapidit\u00e9, moins d&#8217;erreurs : le booster de productivit\u00e9 dans l&#8217;\u00e9tiquetage des sachets<\/h2>\n<p>L&#8217;Etimatic Z3 est nettement plus rapide que l&#8217;\u00e9tiquetage purement manuel &#8211; sa capacit\u00e9 d&#8217;\u00e9tiquetage atteint une vitesse de 125 mm\/seconde. Dans la pratique, cela fait une grande diff\u00e9rence : au lieu de positionner et de presser p\u00e9niblement les \u00e9tiquettes, l&#8217;\u00e9tape de distribution se d\u00e9roule de mani\u00e8re contr\u00f4l\u00e9e et efficace. R\u00e9sultat : un placement uniforme, moins de d\u00e9chets (de travers, plis, bulles d&#8217;air) et un flux de production plus calme.  <\/p>\n<h2>La pr\u00e9cision l\u00e0 o\u00f9 elle compte : Positionnement et r\u00e9p\u00e9tabilit\u00e9<\/h2>\n<p>Dans le cas des sachets, il ne s&#8217;agit pas seulement d&#8217;apposer une \u00e9tiquette &#8220;n&#8217;importe o\u00f9&#8221; &#8211; il faut qu&#8217;elle soit toujours au m\u00eame endroit (par exemple pour une image de marque uniforme ou pour que les codes \u00e0 barres puissent \u00eatre scann\u00e9s proprement dans le commerce). L&#8217;Etimatic Z3 offre \u00e0 cet effet une pr\u00e9cision de positionnement vertical de \u00b1 2 mm ainsi qu&#8217;un contr\u00f4le num\u00e9rique de la position verticale. <\/p>\n<p>Il existe en outre une valeur indicative pratique pour la mise en page de votre emballage : la distance minimale \u00e0 partir du d\u00e9but du sachet est de 25 mm. Cela vous permet de planifier individuellement la taille et la position de l&#8217;\u00e9tiquette, de sorte que l&#8217;\u00e9tiquette soit appliqu\u00e9e correctement et de mani\u00e8re reproductible.<\/p>\n<h2>Donn\u00e9es techniques<\/h2>\n<p>L&#8217;\u00e9tiqueteuse est d\u00e9lib\u00e9r\u00e9ment con\u00e7ue pour les formats de sachets typiques :<\/p>\n<ul>\n<li>Largeur de passage maximale : 350 mm<\/li>\n<li>\u00c9paisseur maximale du passage : 6 mm<\/li>\n<li>Vitesse : 125 mm\/sec.<\/li>\n<\/ul>\n<p>Il convient donc parfaitement \u00e0 de nombreux doypacks\/sachets sur pied, sachets plats ou emballages similaires que vous souhaitez \u00e9tiqueter proprement par le dessous.<\/p>\n<p>Pour un \u00e9tiquetage circulaire complet des produits, nous recommandons en compl\u00e9ment l&#8217;<a href=\"https:\/\/labeltech.ch\/fr\/produkt\/pk-52\/\" title=\"Etiqueteuse circulaire PK-52 - Etiquetage circulaire automatique\">\u00e9tiqueteuse circulaire PK-52<\/a> pour les produits cylindriques.<\/p>\n<h2>\u00c9tiquettes en rouleau : les points \u00e0 surveiller<\/h2>\n<p>L&#8217;\u00e9tiqueteuse traite les \u00e9tiquettes en rouleau avec les param\u00e8tres suivants :<\/p>\n<ul>\n<li>Noyau : 76 mm<\/li>\n<li>Max. Diam\u00e8tre ext\u00e9rieur : 200 mm<\/li>\n<li>Enroulement : enroulement externe<\/li>\n<li>Mat\u00e9riau : papier ou plastique<\/li>\n<\/ul>\n<p>Particuli\u00e8rement important pour les sacs : Les combinaisons de mat\u00e9riaux se comportent tr\u00e8s diff\u00e9remment dans la r\u00e9alit\u00e9. Labeltech indique donc explicitement que le PE (poly\u00e9thyl\u00e8ne) doit \u00eatre test\u00e9 au pr\u00e9alable et recommande le PP (polypropyl\u00e8ne). C&#8217;est une bonne indication pratique, car les surfaces des sachets (rev\u00eatement, structure, comportement de glissement) peuvent influencer l&#8217;\u00e9tape de distribution et l&#8217;adh\u00e9rence.  <\/p>\n<p>La principale diff\u00e9rence entre le PP (polypropyl\u00e8ne) et le PE (poly\u00e9thyl\u00e8ne) r\u00e9side dans la duret\u00e9\/souplesse et la r\u00e9sistance \u00e0 la temp\u00e9rature ; le PP est plus dur, plus rigide et plus r\u00e9sistant \u00e0 la chaleur (bon pour les r\u00e9cipients micro-ondables), tandis que le PE est plus souple, plus r\u00e9sistant aux chocs au froid (bons sacs de cong\u00e9lation) et souvent plus doux. Le PE est g\u00e9n\u00e9ralement plus cireux et facile \u00e0 rayer, tandis que le PP est plus lisse et plus solide au toucher. <\/p>\n<h2>Domaines d&#8217;application typiques<\/h2>\n<p>L&#8217;\u00e9tiqueteuse est puissante partout o\u00f9 les sachets doivent \u00eatre \u00e9tiquet\u00e9s proprement en quantit\u00e9s moyennes et convient donc \u00e0 diff\u00e9rents secteurs.<\/p>\n<p>Par exemple pour :<\/p>\n<ul>\n<li>Torr\u00e9facteurs de caf\u00e9 (sachets avec valve zip\/ar\u00f4me, vari\u00e9t\u00e9s fr\u00e9quemment renouvel\u00e9es)<\/li>\n<li>Manufactures de th\u00e9, d&#8217;\u00e9pices, de fruits secs, de snacks<\/li>\n<li>Cosm\u00e9tiques &amp; produits de soin (par ex. \u00e9chantillons, recharges)<\/li>\n<li>Conditionnement \u00e0 fa\u00e7on \/ co-packing lorsque l&#8217;on passe de mani\u00e8re flexible \u00e0 diff\u00e9rentes tailles de sachets<\/li>\n<\/ul>\n<p>C&#8217;est pr\u00e9cis\u00e9ment lorsque votre gamme s&#8217;\u00e9largit (plus de variantes, plus de lots, plus de langues) que la semi-automatisation s&#8217;av\u00e8re payante : qualit\u00e9 constante, passage plus rapide, moins de &#8220;stress manuel&#8221;, plus d&#8217;efficacit\u00e9.<\/p>\n<h2>Pourquoi acheter l&#8217;Etimatic Z3 chez Labeltech ?<\/h2>\n<p>Avec Labeltech, vous ne disposez pas seulement d&#8217;une \u00e9tiqueteuse pour sachets, mais aussi, si vous le souhaitez, d&#8217;une solution globale adapt\u00e9e : s\u00e9lection des bonnes \u00e9tiquettes (mat\u00e9riau\/adh\u00e9sif sensible \u00e0 la pression), comparaison avec vos sachets (par ex. surface\/PP vs PE), ainsi qu&#8217;assistance pour la configuration et l&#8217;utilisation. Pour les sachets en particulier, la bonne combinaison du mat\u00e9riau du sachet, de l&#8217;\u00e9tiquette et du processus d\u00e9termine si le r\u00e9sultat est vraiment &#8220;d&#8217;un seul tenant&#8221;. <\/p>\n<p>Si vous le souhaitez, nous clarifions bri\u00e8vement avec vous les points les plus importants (type de sachet, dimensions, taille de l&#8217;\u00e9tiquette, mat\u00e9riau, nombre de pi\u00e8ces) et vous recommandons la configuration la plus appropri\u00e9e.<\/p>\n<p><a href=\"https:\/\/labeltech.ch\/fr\/contact\/\">Demandez d\u00e8s maintenant<\/a> &#8211; nous vous conseillerons volontiers pour savoir si l&#8217;Etimatic Z3 est parfaitement adapt\u00e9e \u00e0 vos sachets et \u00e0 votre d\u00e9bit.<\/p>\n","protected":false},"excerpt":{"rendered":"<p>Une \u00e9tiqueteuse pour sachets : l&#8217;Etimatic Z3 &#8211; une \u00e9tiqueteuse  [&#8230;]<\/p>\n","protected":false},"featured_media":5600,"comment_status":"closed","ping_status":"closed","template":"","meta":[],"product_brand":[],"product_cat":[88],"product_tag":[],"class_list":{"0":"post-5593","1":"product","2":"type-product","3":"status-publish","4":"has-post-thumbnail","6":"product_cat-accessoires","8":"first","9":"instock","10":"shipping-taxable","11":"product-type-external"},"_links":{"self":[{"href":"https:\/\/labeltech.ch\/fr\/wp-json\/wp\/v2\/product\/5593","targetHints":{"allow":["GET"]}}],"collection":[{"href":"https:\/\/labeltech.ch\/fr\/wp-json\/wp\/v2\/product"}],"about":[{"href":"https:\/\/labeltech.ch\/fr\/wp-json\/wp\/v2\/types\/product"}],"replies":[{"embeddable":true,"href":"https:\/\/labeltech.ch\/fr\/wp-json\/wp\/v2\/comments?post=5593"}],"wp:featuredmedia":[{"embeddable":true,"href":"https:\/\/labeltech.ch\/fr\/wp-json\/wp\/v2\/media\/5600"}],"wp:attachment":[{"href":"https:\/\/labeltech.ch\/fr\/wp-json\/wp\/v2\/media?parent=5593"}],"wp:term":[{"taxonomy":"product_brand","embeddable":true,"href":"https:\/\/labeltech.ch\/fr\/wp-json\/wp\/v2\/product_brand?post=5593"},{"taxonomy":"product_cat","embeddable":true,"href":"https:\/\/labeltech.ch\/fr\/wp-json\/wp\/v2\/product_cat?post=5593"},{"taxonomy":"product_tag","embeddable":true,"href":"https:\/\/labeltech.ch\/fr\/wp-json\/wp\/v2\/product_tag?post=5593"}],"curies":[{"name":"wp","href":"https:\/\/api.w.org\/{rel}","templated":true}]}}