{"id":6276,"date":"2021-10-14T15:54:54","date_gmt":"2021-10-14T13:54:54","guid":{"rendered":"https:\/\/labeltech.ch\/produkt\/novexx-xlp51x\/"},"modified":"2026-04-17T17:02:49","modified_gmt":"2026-04-17T15:02:49","slug":"novexx-xlp51x","status":"publish","type":"product","link":"https:\/\/labeltech.ch\/fr\/produkt\/novexx-xlp51x\/","title":{"rendered":"Novexx XLP 51x"},"content":{"rendered":"<h1>Novexx xlp51x Imprimante d&#8217;\u00e9tiquettes &#8211; Impression par transfert thermique flexible pour les besoins industriels<\/h1>\n<p>L&#8217;imprimante d&#8217;\u00e9tiquettes Novexx Solutions XLP 51x offre une solution polyvalente et robuste pour l&#8217;impression d&#8217;\u00e9tiquettes industrielles. Elle aide les entreprises ayant des volumes d&#8217;impression faibles \u00e0 moyens dans de multiples applications. Du marquage de produits, de cartons et de palettes aux \u00e9tiquettes de haute qualit\u00e9 pour le lavage et l&#8217;entretien dans l&#8217;industrie textile, la XLP 51x convainc par sa qualit\u00e9, sa flexibilit\u00e9 et son efficacit\u00e9.  <\/p>\n<p>Vous \u00eates int\u00e9ress\u00e9(e) ? Alors <a href=\"https:\/\/labeltech.ch\/fr\/contact\/\">contactez-nous<\/a> pour une premi\u00e8re consultation gratuite ! <\/p>\n<h2>Une qualit\u00e9 d&#8217;impression maximale pour des supports d&#8217;\u00e9tiquettes exigeants<\/h2>\n<p>La s\u00e9rie Novexx XLP 51x se distingue notamment par son excellente qualit\u00e9 d&#8217;impression. Avec une r\u00e9solution d&#8217;impression de 200, 300 ou 600 dpi, m\u00eame les polices et les graphiques les plus exigeants peuvent \u00eatre imprim\u00e9s en haute qualit\u00e9, ainsi que les codes-barres complexes, en toute fiabilit\u00e9. La XLP 51x est parfaitement adapt\u00e9e \u00e0 l&#8217;impression sur une grande vari\u00e9t\u00e9 de supports d&#8217;\u00e9tiquettes, qu&#8217;il s&#8217;agisse de papier, de film, de carton ou d&#8217;autres supports.  <\/p>\n<h2>Conception conviviale et entretien facile<\/h2>\n<p>L&#8217;un des principaux avantages du XLP 51x est son menu intuitif, guid\u00e9 par des ic\u00f4nes, sur un \u00e9cran clair \u00e0 r\u00e9tro\u00e9clairage variable. Cette conception permet une navigation rapide et facile \u00e0 travers toutes les fonctions, r\u00e9duit le temps de formation et augmente la productivit\u00e9 des employ\u00e9s. <\/p>\n<p>De plus, l&#8217;imprimante marque des points gr\u00e2ce \u00e0 son faible encombrement et \u00e0 sa construction robuste : La fabrication industrielle garantit que l&#8217;imprimante d&#8217;\u00e9tiquettes fonctionne de mani\u00e8re fiable, m\u00eame dans des conditions difficiles. Gr\u00e2ce \u00e0 sa conception innovante avec raccord rapide du rouleau d&#8217;impression et module d&#8217;impression relevable, l&#8217;entretien et le nettoyage de l&#8217;appareil sont confortables et rapides &#8211; id\u00e9al pour des processus efficaces dans l&#8217;environnement industriel. <\/p>\n<p>En tant qu&#8217;\u00e9volution au sein de la ligne Novexx-XLP, le <a href=\"https:\/\/labeltech.ch\/fr\/produkt\/novexx-xlp-60x\/\" title=\"Novexx XLP 60X - Successeur plus puissant du XLP 51x\">Novexx XLP 60X<\/a> offre une fonction de sauvegarde de ruban int\u00e9gr\u00e9e et une \u00e9lectronique modernis\u00e9e.<\/p>\n<h2>De nombreuses options pour une flexibilit\u00e9 optimale avec le Novexx xlp51x<\/h2>\n<p>L&#8217;imprimante d&#8217;\u00e9tiquettes XLP 51x offre un large \u00e9ventail d&#8217;options pour r\u00e9pondre aux besoins les plus divers. Il s&#8217;agit notamment d&#8217;un enrouleur int\u00e9gr\u00e9 ou externe, d&#8217;un couteau performant pour couper et empiler les \u00e9tiquettes, de l&#8217;applicateur Soft Touch pour les surfaces de produits sensibles ou de l&#8217;unit\u00e9 de coupe d&#8217;impression textile (TCS) sp\u00e9cialement con\u00e7ue pour l&#8217;industrie du textile et de l&#8217;habillement. L&#8217;appareil peut ainsi \u00eatre adapt\u00e9 de mani\u00e8re flexible et individuelle aux exigences num\u00e9riques de vos processus.  <\/p>\n<h2>Exigences num\u00e9riques &amp; int\u00e9gration intelligente<\/h2>\n<p>Le Novexx XLP 51x est parfaitement \u00e9quip\u00e9 pour r\u00e9pondre aux exigences num\u00e9riques modernes de l&#8217;industrie. Une interface web int\u00e9gr\u00e9e permet un acc\u00e8s \u00e0 distance, ainsi qu&#8217;un diagnostic et une maintenance rapides de l&#8217;appareil depuis n&#8217;importe quel PC ou terminal mobile. Cela facilite non seulement l&#8217;utilisation, mais r\u00e9duit \u00e9galement les temps de maintenance et les co\u00fbts associ\u00e9s.  <\/p>\n<h3>Points forts techniques du Novexx xlp51x :<\/h3>\n<ul>\n<li>Largeur d&#8217;impression disponible en 4 pouces (106 mm) et 6 pouces (160 mm)<\/li>\n<li>Prend en charge l&#8217;impression thermique directe et par transfert thermique<\/li>\n<li>Vitesse d&#8217;impression jusqu&#8217;\u00e0 100 \u00e9tiquettes par minute<\/li>\n<li>Rouleaux d&#8217;\u00e9tiquettes jusqu&#8217;\u00e0 450 m de film et 185 mm de large<\/li>\n<li>Composants de haute qualit\u00e9 et conception industrielle robuste<\/li>\n<li>Interfaces d&#8217;E\/S polyvalentes pour une int\u00e9gration num\u00e9rique optimale<\/li>\n<\/ul>\n<h2>\nAvantages pour votre entreprise et vos employ\u00e9s<\/h2>\n<p>En utilisant la Novexx Solutions XLP 51x, vous augmentez non seulement la qualit\u00e9 d&#8217;impression et la s\u00e9curit\u00e9 des processus dans votre entreprise, mais vous soulagez \u00e9galement vos collaborateurs dans leur travail quotidien avec les imprimantes d&#8217;\u00e9tiquettes. Gr\u00e2ce \u00e0 son utilisation intuitive, \u00e0 sa maintenance simple et \u00e0 la possibilit\u00e9 d&#8217;acc\u00e8s \u00e0 distance, l&#8217;appareil permet d&#8217;\u00e9conomiser un temps de travail pr\u00e9cieux et garantit ainsi l&#8217;efficacit\u00e9 des processus. De plus, de nombreuses options d&#8217;accessoires permettent une adaptation flexible aux besoins de votre entreprise, que ce soit dans l&#8217;entrep\u00f4t, la production, l&#8217;industrie textile ou le commerce de d\u00e9tail.  <\/p>\n<p>Achetez la Novexx Solutions XLP 51x maintenant chez Labeltech &#8211; votre partenaire exp\u00e9riment\u00e9 pour des imprimantes d&#8217;\u00e9tiquettes professionnelles, des solutions d&#8217;\u00e9tiquetage fiables et un service comp\u00e9tent. Si vous avez des questions, n&#8217;h\u00e9sitez pas \u00e0 nous <a href=\"https:\/\/labeltech.ch\/fr\/contact\/\">contacter<\/a> ou si vous souhaitez d\u00e9couvrir d&#8217;autres syst\u00e8mes de notre gamme, acc\u00e9dez <a href=\"https:\/\/labeltech.ch\/fr\/produits\/\">ici<\/a> \u00e0 notre gamme vari\u00e9e. <\/p>\n","protected":false},"excerpt":{"rendered":"<p>Novexx xlp51x Imprimante d&#8217;\u00e9tiquettes &#8211; Impression par transfert thermique flexible  [&#8230;]<\/p>\n","protected":false},"featured_media":6323,"comment_status":"closed","ping_status":"closed","template":"","meta":[],"product_brand":[],"product_cat":[72,75],"product_tag":[],"class_list":{"0":"post-6276","1":"product","2":"type-product","3":"status-publish","4":"has-post-thumbnail","6":"product_cat-imprimantes","7":"product_cat-industrial","9":"first","10":"instock","11":"shipping-taxable","12":"product-type-external"},"_links":{"self":[{"href":"https:\/\/labeltech.ch\/fr\/wp-json\/wp\/v2\/product\/6276","targetHints":{"allow":["GET"]}}],"collection":[{"href":"https:\/\/labeltech.ch\/fr\/wp-json\/wp\/v2\/product"}],"about":[{"href":"https:\/\/labeltech.ch\/fr\/wp-json\/wp\/v2\/types\/product"}],"replies":[{"embeddable":true,"href":"https:\/\/labeltech.ch\/fr\/wp-json\/wp\/v2\/comments?post=6276"}],"wp:featuredmedia":[{"embeddable":true,"href":"https:\/\/labeltech.ch\/fr\/wp-json\/wp\/v2\/media\/6323"}],"wp:attachment":[{"href":"https:\/\/labeltech.ch\/fr\/wp-json\/wp\/v2\/media?parent=6276"}],"wp:term":[{"taxonomy":"product_brand","embeddable":true,"href":"https:\/\/labeltech.ch\/fr\/wp-json\/wp\/v2\/product_brand?post=6276"},{"taxonomy":"product_cat","embeddable":true,"href":"https:\/\/labeltech.ch\/fr\/wp-json\/wp\/v2\/product_cat?post=6276"},{"taxonomy":"product_tag","embeddable":true,"href":"https:\/\/labeltech.ch\/fr\/wp-json\/wp\/v2\/product_tag?post=6276"}],"curies":[{"name":"wp","href":"https:\/\/api.w.org\/{rel}","templated":true}]}}