{"id":6297,"date":"2021-10-14T16:24:37","date_gmt":"2021-10-14T14:24:37","guid":{"rendered":"https:\/\/labeltech.ch\/produkt\/toshiba-ba410t\/"},"modified":"2026-04-17T17:08:28","modified_gmt":"2026-04-17T15:08:28","slug":"toshiba-ba410t","status":"publish","type":"product","link":"https:\/\/labeltech.ch\/fr\/produkt\/toshiba-ba410t\/","title":{"rendered":"Toshiba BA410T"},"content":{"rendered":"<h2>La s\u00e9rie BA400 de Toshiba est la premi\u00e8re g\u00e9n\u00e9ration de produits \u00e0 \u00eatre lanc\u00e9e sur le march\u00e9 avec une toute nouvelle plate-forme logicielle.<\/h2>\n<p>L&#8217;imprimante d&#8217;\u00e9tiquettes BA410T de Toshiba repr\u00e9sente une nouvelle g\u00e9n\u00e9ration de produits dot\u00e9s d&#8217;une toute nouvelle plate-forme logicielle. Elle s&#8217;inscrit dans la lign\u00e9e de la c\u00e9l\u00e8bre s\u00e9rie B-SA4 et offre des performances accrues, un traitement flexible des supports et une connectivit\u00e9 de pointe pour une utilisation dans les secteurs de l&#8217;industrie, de la logistique, du commerce et de la sant\u00e9. <\/p>\n<h2>Nouvelle plate-forme, plus de puissance &#8211; pour des processus \u00e0 l&#8217;\u00e9preuve du temps<\/h2>\n<p>La s\u00e9rie BA400 est la premi\u00e8re solution d&#8217;impression de milieu de gamme de Toshiba, dot\u00e9e d&#8217;une architecture OS modulaire et d&#8217;un processeur puissant. La BA410T prend en charge une grande vari\u00e9t\u00e9 de supports, des films synth\u00e9tiques aux films pour animaux domestiques en passant par le v\u00e9lin et le polyamide, et est compatible avec le transfert thermique direct et le transfert thermique. Gr\u00e2ce au guidage centr\u00e9 du support, le syst\u00e8me obtient des r\u00e9sultats d&#8217;impression particuli\u00e8rement pr\u00e9cis, m\u00eame avec des \u00e9tiquettes longues jusqu&#8217;\u00e0 1.498 mmBroschuere_BA400_FR.  <\/p>\n<p>La t\u00eate d&#8217;impression encliquetable, l&#8217;amortisseur du couvercle du bo\u00eetier, ainsi que le grand confort d&#8217;utilisation via l&#8217;\u00e9cran LCD rendent l&#8217;utilisation quotidienne particuli\u00e8rement efficace. Avec une r\u00e9solution de 203 ou 300 dpi, une largeur d&#8217;impression maximale de 105,7 mm et une vitesse d&#8217;impression allant jusqu&#8217;\u00e0 8 pouces\/sec. Le syst\u00e8me est \u00e9galement adapt\u00e9 aux volumes importants.  <\/p>\n<h2>Gr\u00e2ce \u00e0 ses fonctions, le ba410t offre des solutions aux d\u00e9fis du travail quotidien<\/h2>\n<h3>Le ba410t marque des points en particulier parce qu&#8217;il s&#8217;adapte de mani\u00e8re \u00e9quitable aux postes de travail en constante \u00e9volution :<\/h3>\n<ul>\n<li>La fonction NFC permet l&#8217;appairage par contact, par exemple pour un couplage Bluetooth rapide avec des appareils mobiles.<\/li>\n<li>Le grand nombre d&#8217;interfaces &#8211; de l&#8217;USB 2.0 \u00e0 Centronics, Ethernet (IPv4 &amp; IPv6) et s\u00e9rie (RS232) &#8211; assure une flexibilit\u00e9 maximale.<\/li>\n<li>Gr\u00e2ce \u00e0 la prise en charge de Windows, Linux, SAP et des SDK mobiles (Android\/iOS), l&#8217;imprimante est ouverte aux syst\u00e8mes et s&#8217;int\u00e8gre rapidement dans les structures informatiques existantes.<\/li>\n<li>Des modules WLAN (2,4\/5 GHz) sont disponibles en option &#8211; id\u00e9al pour les applications d\u00e9centralis\u00e9es sans c\u00e2blage r\u00e9seau fixe.<\/li>\n<\/ul>\n<p>Gr\u00e2ce \u00e0 la prise en charge int\u00e9gr\u00e9e de nombreux codes \u00e0 barres tels que le Code 39, GS1, Maxicode et DataMatrix, la BA410T r\u00e9pond aux besoins les plus complexes en mati\u00e8re de marquage industriel.<\/p>\n<p>Pour passer \u00e0 la classe industrielle, nous recommandons la <a href=\"https:\/\/labeltech.ch\/fr\/produkt\/toshiba-b-ex4t3\/\" title=\"Toshiba B-EX4T3 - Imprimante industrielle haute performance de Toshiba\">Toshiba B-EX4T3<\/a> avec une vitesse d&#8217;impression pouvant atteindre 14 ips et une construction m\u00e9tallique robuste.<\/p>\n<h2>Pourquoi Toshiba est un partenaire d&#8217;impression appr\u00e9ci\u00e9 en Allemagne<\/h2>\n<p>Toshiba Solutions est connu en France depuis des d\u00e9cennies pour ses imprimantes d&#8217;\u00e9tiquettes robustes, performantes et faciles \u00e0 utiliser. Faisant partie du groupe mondial Toshiba Tec Corporation, l&#8217;entreprise combine les normes de qualit\u00e9 japonaises avec un conseil et un support locaux. Dans des secteurs tels que l&#8217;industrie, la logistique, le commerce ou la sant\u00e9, les syst\u00e8mes d&#8217;impression Toshiba sont consid\u00e9r\u00e9s comme un choix fiable pour une utilisation continue. Gr\u00e2ce \u00e0 plus de 30 ans d&#8217;exp\u00e9rience, \u00e0 un vaste r\u00e9seau de partenaires et \u00e0 des solutions sur mesure, de nombreuses entreprises allemandes font confiance \u00e0 la technologie d&#8217;impression d&#8217;\u00e9tiquettes de Toshiba.   <\/p>\n<h2>Une nouvelle plate-forme pour des d\u00e9fis modernes<\/h2>\n<p>La s\u00e9rie BA400 de Toshiba est la premi\u00e8re g\u00e9n\u00e9ration de produits d\u00e9velopp\u00e9s avec une toute nouvelle plate-forme logicielle &#8211; optimis\u00e9e pour relever les d\u00e9fis d&#8217;un environnement de travail en constante \u00e9volution. Une large gamme de fonctions offre, la prise en charge des codes 2D modernes tels que Micro PDF 417, GS1 Data Matrix ou Micro QR Code &#8211; id\u00e9al pour l&#8217;\u00e9tiquetage complexe de produits. Pour une connectivit\u00e9 maximale, l&#8217;USB 2.0 HS et l&#8217;appairage Bluetooth int\u00e9gr\u00e9 permettent de connecter facilement les appareils mobiles.  <\/p>\n<h3>Aper\u00e7u des points forts techniques<\/h3>\n<ul>\n<li>Proc\u00e9d\u00e9s d&#8217;impression : Thermique direct &amp; Transfert thermique<\/li>\n<li>R\u00e9solution : 203 ou 300 dpi<\/li>\n<li>Largeur du support : jusqu&#8217;\u00e0 118 mm | Largeur d&#8217;impression : jusqu&#8217;\u00e0 105,7 mm<\/li>\n<li>Supports d&#8217;\u00e9tiquettes : rouleau\/eporello | par ex. films synth\u00e9tiques, films polyamide, v\u00e9lum<\/li>\n<li>Interfaces : USB, NFC, Bluetooth, Ethernet (IPv4\/6), s\u00e9rie, Centronics, WLAN (en option)<\/li>\n<li>Compatibilit\u00e9 logicielle : Windows (y compris serveur), Linux, SAP, iOS, Android<\/li>\n<li>Codes \u00e0 barres : y compris code QR, GS1, Maxicode, MicroPDF, Postnet, Code 128 et bien d&#8217;autres.<\/li>\n<li>Longueur du ruban : jusqu&#8217;\u00e0 450 m, diam\u00e8tre maximal du rouleau : 200 mm <\/li>\n<\/ul>\n<p>Achetez la Toshiba BA410T maintenant chez Labeltech &#8211; votre partenaire pour des solutions d&#8217;impression d&#8217;\u00e9tiquettes professionnelles, des syst\u00e8mes Toshiba et des conseils personnalis\u00e9s en mati\u00e8re d&#8217;\u00e9tiquetage industriel. Nous serons heureux de vous <a href=\"https:\/\/labeltech.ch\/fr\/contact\/\">aider<\/a> \u00e0 trouver la configuration la plus adapt\u00e9e \u00e0 votre application. <\/p>\n<ul>\n<li>Chargeur par le haut compact avec chargement des supports en drop-in<\/li>\n<li>  Architecture OS extensible pour rester en phase avec les derni\u00e8res normes technologiques<\/li>\n<li>  Vitesse d&#8217;impression accrue et qualit\u00e9 d&#8217;impression sup\u00e9rieure<\/li>\n<li>  La nouvelle plateforme syst\u00e8me assure une int\u00e9gration facile dans des syst\u00e8mes informatiques complexes<\/li>\n<li>  P\u00e9renne gr\u00e2ce \u00e0 ses fonctions et options innovantes, telles que le kit RFID<\/li>\n<\/ul>\n","protected":false},"excerpt":{"rendered":"<p>La s\u00e9rie BA400 de Toshiba est la premi\u00e8re g\u00e9n\u00e9ration de  [&#8230;]<\/p>\n","protected":false},"featured_media":6317,"comment_status":"closed","ping_status":"closed","template":"","meta":[],"product_brand":[],"product_cat":[72,75,135],"product_tag":[],"class_list":{"0":"post-6297","1":"product","2":"type-product","3":"status-publish","4":"has-post-thumbnail","6":"product_cat-imprimantes","7":"product_cat-industrial","8":"product_cat-toshiba-fr","10":"first","11":"instock","12":"shipping-taxable","13":"product-type-external"},"_links":{"self":[{"href":"https:\/\/labeltech.ch\/fr\/wp-json\/wp\/v2\/product\/6297","targetHints":{"allow":["GET"]}}],"collection":[{"href":"https:\/\/labeltech.ch\/fr\/wp-json\/wp\/v2\/product"}],"about":[{"href":"https:\/\/labeltech.ch\/fr\/wp-json\/wp\/v2\/types\/product"}],"replies":[{"embeddable":true,"href":"https:\/\/labeltech.ch\/fr\/wp-json\/wp\/v2\/comments?post=6297"}],"wp:featuredmedia":[{"embeddable":true,"href":"https:\/\/labeltech.ch\/fr\/wp-json\/wp\/v2\/media\/6317"}],"wp:attachment":[{"href":"https:\/\/labeltech.ch\/fr\/wp-json\/wp\/v2\/media?parent=6297"}],"wp:term":[{"taxonomy":"product_brand","embeddable":true,"href":"https:\/\/labeltech.ch\/fr\/wp-json\/wp\/v2\/product_brand?post=6297"},{"taxonomy":"product_cat","embeddable":true,"href":"https:\/\/labeltech.ch\/fr\/wp-json\/wp\/v2\/product_cat?post=6297"},{"taxonomy":"product_tag","embeddable":true,"href":"https:\/\/labeltech.ch\/fr\/wp-json\/wp\/v2\/product_tag?post=6297"}],"curies":[{"name":"wp","href":"https:\/\/api.w.org\/{rel}","templated":true}]}}