{"id":7073,"date":"2019-05-18T16:10:55","date_gmt":"2019-05-18T14:10:55","guid":{"rendered":"https:\/\/labeltech.ch\/?post_type=product&#038;p=7073"},"modified":"2026-04-17T17:02:52","modified_gmt":"2026-04-17T15:02:52","slug":"epson-colorworks-c4000e","status":"publish","type":"product","link":"https:\/\/labeltech.ch\/fr\/produkt\/epson-colorworks-c4000e\/","title":{"rendered":"Epson ColorWorks C4000e"},"content":{"rendered":"<h2>Epson ColorWorks C4000e &#8211; l&#8217;imprimante d&#8217;\u00e9tiquettes couleur parfaite pour votre bureau<\/h2>\n<p>Une bonne imprimante d&#8217;\u00e9tiquettes ne vous fait pas seulement gagner du temps, elle simplifie aussi consid\u00e9rablement vos processus de travail quotidiens. L&#8217;Epson ColorWorks C4000e est une imprimante d&#8217;\u00e9tiquettes couleur compacte et fiable, sp\u00e9cialement con\u00e7ue pour les installations de bureau exigeantes. <\/p>\n<p>Elle offre une qualit\u00e9 d&#8217;impression \u00e9lev\u00e9e, de nombreuses fonctionnalit\u00e9s faciles \u00e0 utiliser et une connectivit\u00e9 am\u00e9lior\u00e9e. Gr\u00e2ce \u00e0 son faible encombrement, l&#8217;Epson C4000e est id\u00e9ale pour les bureaux, les environnements de production ou les commerces de d\u00e9tail qui exigent un \u00e9tiquetage professionnel et efficace. D\u00e9couvrez les autres fonctions et avantages de cette imprimante dans le texte suivant.  <\/p>\n<h2 data-pm-slice=\"1 1 []\">Aper\u00e7u du produit Epson ColorWorks C4000e<\/h2>\n<p data-pm-slice=\"1 1 []\">L&#8217;Epson ColorWorks C4000e est une imprimante d&#8217;\u00e9tiquettes couleur de bureau de haute qualit\u00e9, sp\u00e9cialement con\u00e7ue pour la production d&#8217;\u00e9tiquettes en interne et \u00e0 la demande. Gr\u00e2ce \u00e0 sa taille compacte, elle convient parfaitement aux installations de bureau dans toute entreprise. La gamme ColorWorks C4000 offre un texte noir d&#8217;une grande nettet\u00e9 et des images d\u00e9taill\u00e9es sur une large gamme de supports. Qu&#8217;il s&#8217;agisse de l&#8217;industrie agroalimentaire ou de la logistique, cette imprimante d&#8217;\u00e9tiquettes produit des \u00e9tiquettes de haute qualit\u00e9 dans de nombreux formats et offre des r\u00e9sultats d&#8217;impression impression impressionnants.   <\/p>\n<p><strong>La s\u00e9rie CW-C4000e <\/strong>offre de nombreuses fonctionnalit\u00e9s faciles \u00e0 utiliser. En voici un aper\u00e7u : <\/p>\n<ul>\n<li>Haute qualit\u00e9 d&#8217;impression<\/li>\n<li>Fonctionnalit\u00e9 de r\u00e9glage des couleurs et large espace chromatique<\/li>\n<li>Compact et facile \u00e0 utiliser<\/li>\n<li>Facile \u00e0 installer et extr\u00eamement intuitif<\/li>\n<li>Int\u00e9gration et connectivit\u00e9 faciles<\/li>\n<li>Int\u00e9gration transparente dans les syst\u00e8mes existants<\/li>\n<li>Encre noire brillante ou mate<\/li>\n<li>Options CoverPlus compl\u00e8tes<\/li>\n<li>Encres longue dur\u00e9e<\/li>\n<li>Sur mesure pour votre type de m\u00e9dia<\/li>\n<\/ul>\n<h2>Haute qualit\u00e9 d&#8217;impression et correspondance impressionnante des couleurs<\/h2>\n<p>La s\u00e9rie Epson C4000 utilise la technologie d&#8217;impression PrecisionCore\u2122 la plus avanc\u00e9e et offre une r\u00e9solution d&#8217;impression allant jusqu&#8217;\u00e0 1200 x 1200 dpi. Gr\u00e2ce aux fonctions de correspondance des couleurs, y compris le profil ICC et l&#8217;outil Spot Color Matching, l&#8217;imprimante fournit des \u00e9tiquettes d\u00e9taill\u00e9es \u00e0 la demande. Les encres pigment\u00e9es en cartouches individuelles donnent des r\u00e9sultats durables \u00e0 s\u00e9chage rapide, ce qui rend vos \u00e9tiquettes couleur r\u00e9sistantes au maculage, \u00e0 l&#8217;eau et \u00e0 la lumi\u00e8re.  <\/p>\n<p>Pour les applications \u00e0 volume plus \u00e9lev\u00e9 et le traitement de supports en roll-to-roll, l&#8217;<a href=\"https:\/\/labeltech.ch\/fr\/produkt\/epson-colorworks-c6000\/\" title=\"Epson ColorWorks C6000AE - mod\u00e8le avanc\u00e9 avec fonctionnement en mode roll-to-roll\">Epson ColorWorks C6000AE<\/a> constitue une extension puissante de la ligne ColorWorks.<\/p>\n<h2>Une utilisation conviviale pour un confort maximal<\/h2>\n<p>Tr\u00e8s intuitive, l&#8217;imprimante d&#8217;\u00e9tiquettes C4000e est pr\u00eate \u00e0 l&#8217;emploi et offre une grande simplicit\u00e9 d&#8217;utilisation. L&#8217;\u00e9cran LCD de 2,7 pouces, tr\u00e8s lisible, permet d&#8217;effectuer des r\u00e9glages rapidement et facilement. Les rouleaux de papier et les cartouches individuelles sont faciles \u00e0 remplacer et le cutter int\u00e9gr\u00e9 (coupe-papier automatique) permet de traiter avec pr\u00e9cision les \u00e9tiquettes continues ou d\u00e9coup\u00e9es \u00e0 l&#8217;emporte-pi\u00e8ce. L&#8217;imprimante garantit ainsi des r\u00e9sultats d&#8217;impression fiables et nets \u00e0 long terme.   <\/p>\n<h2>Int\u00e9gration flexible dans les syst\u00e8mes existants<\/h2>\n<p>Gr\u00e2ce \u00e0 ses nombreuses options de connectivit\u00e9, l&#8217;Epson ColorWorks C4000e s&#8217;int\u00e8gre facilement aux syst\u00e8mes existants. Les pilotes sont disponibles pour ESC Label, Linux et Mac, et les SDK fournis pour iOS et Android assurent une flexibilit\u00e9 maximale pour les besoins d&#8217;impression mobiles. Le dongle WLAN en option vous permet d&#8217;imprimer facilement de n&#8217;importe o\u00f9, ce qui est id\u00e9al pour les environnements de travail dynamiques.  <\/p>\n<h2>Variantes et accessoires pour r\u00e9pondre aux besoins individuels<\/h2>\n<p>Choisissez entre l&#8217;encre noire brillante ou mate et personnalisez votre imprimante Epson ColorWorks pour r\u00e9pondre \u00e0 vos besoins sp\u00e9cifiques. Les \u00e9tiquettes de haute qualit\u00e9 peuvent \u00eatre produites avec des textes nets et des images d\u00e9taill\u00e9es gr\u00e2ce \u00e0 l&#8217;encre Epson. Les nombreux accessoires fournis comprennent un adaptateur secteur, un c\u00e2ble USB, un rouleau de papier \u00e0 \u00e9tiquettes et une bo\u00eete de maintenance pratique pour un fonctionnement durable de votre imprimante d&#8217;\u00e9tiquettes couleur.  <\/p>\n<h2>Labeltech &#8211; Votre partenaire pour des \u00e9tiquettes couleur de haute qualit\u00e9<\/h2>\n<p>Vous souhaitez profiter de la qualit\u00e9 de l&#8217;<a title=\"Visitez le site web du fabricant Epson\" href=\"https:\/\/www.epson.ch\/de_CH\" target=\"_blank\" rel=\"noopener noreferrer nofollow\">Epson<\/a> ColorWorks C4000e tout en b\u00e9n\u00e9ficiant de conseils avis\u00e9s ? Labeltech est \u00e0 vos c\u00f4t\u00e9s avec un service client personnel et vous conseille individuellement, aimablement et de mani\u00e8re orient\u00e9e vers les solutions &#8211; par t\u00e9l\u00e9phone, par e-mail, via notre formulaire de contact ou tr\u00e8s facilement par WhatsApp. <\/p>\n<p>Gr\u00e2ce \u00e0 nos partenariats certifi\u00e9s avec des fabricants de premier plan tels qu&#8217;Epson et \u00e0 notre expertise de longue date, nous sommes certains de trouver la solution adapt\u00e9e \u00e0 vos besoins. <a title=\"Vers notre contact\" href=\"https:\/\/labeltech.ch\/fr\/contact\/\">Contactez-nous<\/a> d\u00e8s maintenant sans engagement &#8211; nous serons ravis de r\u00e9pondre \u00e0 votre demande !<\/p>\n","protected":false},"excerpt":{"rendered":"<p>Epson ColorWorks C4000e &#8211; l&#8217;imprimante d&#8217;\u00e9tiquettes couleur parfaite pour votre  [&#8230;]<\/p>\n","protected":false},"featured_media":7089,"comment_status":"closed","ping_status":"closed","template":"","meta":[],"product_brand":[],"product_cat":[104,74,68],"product_tag":[],"class_list":{"0":"post-7073","1":"product","2":"type-product","3":"status-publish","4":"has-post-thumbnail","6":"product_cat-epson-fr","7":"product_cat-ghs-fr","8":"product_cat-imprimantes-couleur","10":"first","11":"instock","12":"shipping-taxable","13":"product-type-external"},"_links":{"self":[{"href":"https:\/\/labeltech.ch\/fr\/wp-json\/wp\/v2\/product\/7073","targetHints":{"allow":["GET"]}}],"collection":[{"href":"https:\/\/labeltech.ch\/fr\/wp-json\/wp\/v2\/product"}],"about":[{"href":"https:\/\/labeltech.ch\/fr\/wp-json\/wp\/v2\/types\/product"}],"replies":[{"embeddable":true,"href":"https:\/\/labeltech.ch\/fr\/wp-json\/wp\/v2\/comments?post=7073"}],"wp:featuredmedia":[{"embeddable":true,"href":"https:\/\/labeltech.ch\/fr\/wp-json\/wp\/v2\/media\/7089"}],"wp:attachment":[{"href":"https:\/\/labeltech.ch\/fr\/wp-json\/wp\/v2\/media?parent=7073"}],"wp:term":[{"taxonomy":"product_brand","embeddable":true,"href":"https:\/\/labeltech.ch\/fr\/wp-json\/wp\/v2\/product_brand?post=7073"},{"taxonomy":"product_cat","embeddable":true,"href":"https:\/\/labeltech.ch\/fr\/wp-json\/wp\/v2\/product_cat?post=7073"},{"taxonomy":"product_tag","embeddable":true,"href":"https:\/\/labeltech.ch\/fr\/wp-json\/wp\/v2\/product_tag?post=7073"}],"curies":[{"name":"wp","href":"https:\/\/api.w.org\/{rel}","templated":true}]}}