{"id":7281,"date":"2022-10-28T11:35:50","date_gmt":"2022-10-28T09:35:50","guid":{"rendered":"https:\/\/labeltech.ch\/produkt\/solid-52a4-einzelblatt-laserdrucker\/"},"modified":"2026-04-17T17:03:18","modified_gmt":"2026-04-17T15:03:18","slug":"solid-52a4-imprimante-laser-feuille-a-feuille","status":"publish","type":"product","link":"https:\/\/labeltech.ch\/fr\/produkt\/solid-52a4-imprimante-laser-feuille-a-feuille\/","title":{"rendered":"SOLID 52A4"},"content":{"rendered":"<p>La <b>SOLID 52A4<\/b> est une imprimante laser A4 feuille \u00e0 feuille avec une vitesse d&#8217;impression de <b>52 pages A4 par minute<\/b>. Le point fort de cette imprimante est sa capacit\u00e9 \u00e0 traiter des formats particuli\u00e8rement petits comme <b>le A6<\/b> ou des formats sp\u00e9ciaux comme le <b>format KLT ou Small GTL (74 x 210 mm)<\/b> \u00e0 partir des cassettes papier.<\/p>\n<p>Pour des volumes d&#8217;impression nettement plus \u00e9lev\u00e9s au format A4, la <a href=\"https:\/\/labeltech.ch\/fr\/produkt\/solid-120a3\/\" title=\"SOLID 120A3 - Mise \u00e0 niveau de l'imprimante laser haute performance\">SOLID 120A3<\/a> est recommand\u00e9e comme extension performante de la ligne Microplex feuille \u00e0 feuille.<\/p>\n<p>En plus de sa capacit\u00e9 \u00e0 traiter les donn\u00e9es <b>PCL5<\/b>, la SOLID 52A4 propose <b>en option l&#8217;<a href=\"https:\/\/microplex.de\/de\/know-how\/pdf-direktdruck\/\" target=\"_blank\" rel=\"noopener noreferrer nofollow\">impression directe PDF\u00ae<\/a><\/b>. De plus, la SOLID 52A4 est compatible aussi bien avec les \u00e9mulations d&#8217;imprimantes thermiques fr\u00e9quemment utilis\u00e9es comme <b>IGP-10, Labelpoint, ZPL<\/b>, etc. qu&#8217;avec les \u00e9mulations d&#8217;imprimantes en ligne comme <b>IBM Proprinter, Epson ESC, MT-600\/MT40<\/b>, etc.<\/p>\n<p>Il combine une fiabilit\u00e9 maximale avec un traitement polyvalent du papier. La <b>sortie face \u00e0 face en option<\/b>, la <b><br \/>\n  <a href=\"https:\/\/microplex.de\/de\/know-how\/microplex-gpio-schnittstelle\/\" target=\"_blank\" rel=\"noopener noreferrer nofollow\">option GPIO (contr\u00f4le API)<\/a><br \/>\n<\/b> et<b> Status-Out<\/b> offrent, avec le contr\u00f4leur Microplex unique en son genre, l&#8217;intelligence n\u00e9cessaire \u00e0 l&#8217;int\u00e9gration de la SOLID 52A4 dans les lignes de production o\u00f9 le contr\u00f4le et le &#8220;handshake&#8221; sont les principales exigences.<\/p>\n","protected":false},"excerpt":{"rendered":"<p>La SOLID 52A4 est une imprimante laser A4 feuille \u00e0  [&#8230;]<\/p>\n","protected":false},"featured_media":7280,"comment_status":"closed","ping_status":"closed","template":"","meta":[],"product_brand":[],"product_cat":[81,80],"product_tag":[],"class_list":{"0":"post-7281","1":"product","2":"type-product","3":"status-publish","4":"has-post-thumbnail","6":"product_cat-einzelblatt-laserdrucker-fr","7":"product_cat-microplex-fr","9":"first","10":"instock","11":"shipping-taxable","12":"product-type-external"},"_links":{"self":[{"href":"https:\/\/labeltech.ch\/fr\/wp-json\/wp\/v2\/product\/7281","targetHints":{"allow":["GET"]}}],"collection":[{"href":"https:\/\/labeltech.ch\/fr\/wp-json\/wp\/v2\/product"}],"about":[{"href":"https:\/\/labeltech.ch\/fr\/wp-json\/wp\/v2\/types\/product"}],"replies":[{"embeddable":true,"href":"https:\/\/labeltech.ch\/fr\/wp-json\/wp\/v2\/comments?post=7281"}],"wp:featuredmedia":[{"embeddable":true,"href":"https:\/\/labeltech.ch\/fr\/wp-json\/wp\/v2\/media\/7280"}],"wp:attachment":[{"href":"https:\/\/labeltech.ch\/fr\/wp-json\/wp\/v2\/media?parent=7281"}],"wp:term":[{"taxonomy":"product_brand","embeddable":true,"href":"https:\/\/labeltech.ch\/fr\/wp-json\/wp\/v2\/product_brand?post=7281"},{"taxonomy":"product_cat","embeddable":true,"href":"https:\/\/labeltech.ch\/fr\/wp-json\/wp\/v2\/product_cat?post=7281"},{"taxonomy":"product_tag","embeddable":true,"href":"https:\/\/labeltech.ch\/fr\/wp-json\/wp\/v2\/product_tag?post=7281"}],"curies":[{"name":"wp","href":"https:\/\/api.w.org\/{rel}","templated":true}]}}