{"id":8325,"date":"2023-03-21T09:07:40","date_gmt":"2023-03-21T08:07:40","guid":{"rendered":"https:\/\/labeltech.ch\/?post_type=product&#038;p=8325"},"modified":"2026-04-17T17:03:31","modified_gmt":"2026-04-17T15:03:31","slug":"logijet-tt8","status":"publish","type":"product","link":"https:\/\/labeltech.ch\/fr\/produkt\/logijet-tt8\/","title":{"rendered":"logiJET TT8"},"content":{"rendered":"<p><b>Le Logijet TT8 est adapt\u00e9 \u00e0 une utilisation dans des environnements industriels difficiles.<\/b><\/p>\n<p>Avec le Logijet TT8, vous b\u00e9n\u00e9ficiez d&#8217;une flexibilit\u00e9 maximale pour des processus de production et de logistique sans faille. L&#8217;imprimante mesure 8 pouces et est particuli\u00e8rement adapt\u00e9e \u00e0 une utilisation dans la logistique, la pr\u00e9paration de commandes, la production, l&#8217;exp\u00e9dition, etc. Il peut \u00e9galement \u00eatre utilis\u00e9 pour l&#8217;impression en flux tendu ou pour le traitement par lots. Si vous avez besoin d&#8217;imprimer des autocollants, des \u00e9tiquettes et des tags jusqu&#8217;\u00e0 la largeur d&#8217;une feuille A4, et ce dans des environnements industriels difficiles, cette imprimante est le mod\u00e8le qu&#8217;il vous faut.<\/p>\n<ul>\n<li>Manipulation facile<\/li>\n<li>Bo\u00eetier m\u00e9tallique robuste<\/li>\n<li>Convient pour les codes \u00e0 barres 1D et 2D<\/li>\n<li>Ethernet disponible, WLAN en option<\/li>\n<li>GPIO \/ contr\u00f4le API en option<\/li>\n<li>RFID UHF en option<\/li>\n<li>\u00c9mulations thermiques, laser et matricielles incluses PCL5<\/li>\n<\/ul>\n<p>&nbsp;<\/p>\n<div class=\"post-content\">\n<h2>Le logiJET TT8 est parfaitement adapt\u00e9 pour<\/h2>\n<ul class=\"standard\">\n<li>Autocollants, \u00e9tiquettes et tags jusqu&#8217;\u00e0 la largeur A4<\/li>\n<li>Missions de production et de logistique dans des environnements difficiles<\/li>\n<li>Impression en flux tendu ou par lots<\/li>\n<li>Logistique, pr\u00e9paration de commandes, production, exp\u00e9dition, etc.<\/li>\n<\/ul>\n<p>&nbsp;<\/p>\n<h2>Informations compl\u00e9mentaires sur le Microplex logiJET TT8<\/h2>\n<p>La logiJET TT8 est une imprimante industrielle haute performance sp\u00e9cialement con\u00e7ue pour les environnements de production les plus exigeants. Gr\u00e2ce \u00e0 sa technologie innovante et \u00e0 ses performances fiables, elle \u00e9tablit de nouvelles normes en mati\u00e8re de marquage et d&#8217;\u00e9tiquetage sur une grande vari\u00e9t\u00e9 de mat\u00e9riaux. <\/p>\n<p>Vous trouverez d&#8217;autres mod\u00e8les de la gamme thermique de Microplex pour diff\u00e9rentes largeurs d&#8217;impression et applications dans l&#8217;aper\u00e7u <a href=\"https:\/\/labeltech.ch\/fr\/produits\/microplex\/imprimante-thermique\/\" title=\"Imprimantes thermiques - Vue d'ensemble de la gamme thermique Microplex\">Imprimantes thermiques de Microplex<\/a>.<\/p>\n<\/div>\n<div class=\"post-content\">La conception compacte et robuste de la logiJET TT8 en fait l&#8217;imprimante id\u00e9ale pour les entreprises \u00e0 la recherche d&#8217;une solution fiable pour leurs besoins de marquage. Elle est particuli\u00e8rement adapt\u00e9e \u00e0 l&#8217;impression de codes \u00e0 barres, de textes, de graphiques et de logos sur des emballages, des \u00e9tiquettes, des cartons et d&#8217;autres supports.<br \/>Avec une vitesse d&#8217;impression pouvant atteindre 300 mm par seconde et une r\u00e9solution \u00e9lev\u00e9e de 300 ppp, la logiJET TT8 offre des r\u00e9sultats d&#8217;impression nets et clairs. Gr\u00e2ce \u00e0 l&#8217;utilisation d&#8217;encres et de mat\u00e9riaux de haute qualit\u00e9, elle garantit une longue dur\u00e9e de vie des marquages imprim\u00e9s, m\u00eame dans des conditions extr\u00eames telles que les environnements logistiques difficiles.  <\/div>\n<div class=\"post-content\">La logiJET TT8 offre \u00e9galement un fonctionnement convivial et de nombreuses options de connectivit\u00e9 pour garantir une int\u00e9gration transparente dans les processus de production existants. Elle est tr\u00e8s flexible et peut \u00eatre utilis\u00e9e via WLAN, LAN, IEEE 1284 ou USB. La fonctionnalit\u00e9 RFID en option permet d&#8217;encoder des \u00e9tiquettes RFID UHF en m\u00eame temps que l&#8217;impression. Avec ses performances et sa fiabilit\u00e9 exceptionnelles, la logiJET TT8 est la solution id\u00e9ale pour les entreprises qui recherchent une solution de marquage efficace et pr\u00e9cise.   <\/div>\n<div><\/div>\n<h2 class=\"post-content\">Le fabricant : Microplex<\/h2>\n<p>Microplex propose \u00e0 ses clients des solutions d&#8217;impression personnalis\u00e9es, qui sont m\u00eame souvent extensibles en versions modulaires. Pour que cela soit possible, il est n\u00e9cessaire que les experts de Microplex aient une compr\u00e9hension pr\u00e9cise de ce qui est important et de la mani\u00e8re dont l&#8217;ensemble du syst\u00e8me devrait fonctionner. Depuis 1987, l&#8217;entreprise se concentre sur l&#8217;am\u00e9lioration des processus d&#8217;impression et des flux de travail de ses clients.  <\/p>\n<h2>Imprimantes thermiques <a title=\"Des solutions d'impression pour votre secteur\" href=\"https:\/\/labeltech.ch\/fr\/solutions-dimpression\/\">pour tous les secteurs<\/a><\/h2>\n<p>Gr\u00e2ce \u00e0 notre longue exp\u00e9rience et \u00e0 notre s\u00e9lection de produits de premi\u00e8re qualit\u00e9, nous sommes heureux de vous aider \u00e0 trouver le produit qui correspond parfaitement \u00e0 vos besoins. Notre gamme couvre toute la gamme d&#8217;\u00e9tiquetage, qu&#8217;il s&#8217;agisse d&#8217;\u00e9tiquettes vierges ou d&#8217;\u00e9tiquettes imprim\u00e9es <a href=\"https:\/\/labeltech.ch\/fr\/produits\/imprimante-couleur\/\">en couleur<\/a> selon vos sp\u00e9cifications. Si vous avez la moindre question, n&#8217;h\u00e9sitez pas \u00e0 nous <a title=\"Contact\" href=\"https:\/\/labeltech.ch\/fr\/contact\/\">contacter<\/a>.  <\/p>\n<div class=\"uk-grid uk-grid-md\">\n<div class=\"uk-width-md-2-3 uk-width-sm-1-1 uk-width-xs-1-1\">\n<div class=\"uk-width-md-3-4 uk-width-sm-1-1 uk-width-xs-1-1\"><\/div>\n<\/div>\n<\/div>\n<div class=\"uk-clearfix\"><\/div>\n<div class=\"paddingTB-40\">\n<div class=\"uk-text-center uk-h4 text-dark uk-text-bold marginB-30\"><\/div>\n<\/div>\n","protected":false},"excerpt":{"rendered":"<p>Le Logijet TT8 est adapt\u00e9 \u00e0 une utilisation dans des  [&#8230;]<\/p>\n","protected":false},"featured_media":8331,"comment_status":"closed","ping_status":"closed","template":"","meta":[],"product_brand":[],"product_cat":[72,83,80,76],"product_tag":[],"class_list":{"0":"post-8325","1":"product","2":"type-product","3":"status-publish","4":"has-post-thumbnail","6":"product_cat-imprimantes","7":"product_cat-imprimantes-thermique","8":"product_cat-microplex-fr","9":"product_cat-rfid-fr","11":"first","12":"instock","13":"shipping-taxable","14":"product-type-external"},"_links":{"self":[{"href":"https:\/\/labeltech.ch\/fr\/wp-json\/wp\/v2\/product\/8325","targetHints":{"allow":["GET"]}}],"collection":[{"href":"https:\/\/labeltech.ch\/fr\/wp-json\/wp\/v2\/product"}],"about":[{"href":"https:\/\/labeltech.ch\/fr\/wp-json\/wp\/v2\/types\/product"}],"replies":[{"embeddable":true,"href":"https:\/\/labeltech.ch\/fr\/wp-json\/wp\/v2\/comments?post=8325"}],"wp:featuredmedia":[{"embeddable":true,"href":"https:\/\/labeltech.ch\/fr\/wp-json\/wp\/v2\/media\/8331"}],"wp:attachment":[{"href":"https:\/\/labeltech.ch\/fr\/wp-json\/wp\/v2\/media?parent=8325"}],"wp:term":[{"taxonomy":"product_brand","embeddable":true,"href":"https:\/\/labeltech.ch\/fr\/wp-json\/wp\/v2\/product_brand?post=8325"},{"taxonomy":"product_cat","embeddable":true,"href":"https:\/\/labeltech.ch\/fr\/wp-json\/wp\/v2\/product_cat?post=8325"},{"taxonomy":"product_tag","embeddable":true,"href":"https:\/\/labeltech.ch\/fr\/wp-json\/wp\/v2\/product_tag?post=8325"}],"curies":[{"name":"wp","href":"https:\/\/api.w.org\/{rel}","templated":true}]}}