{"id":8718,"date":"2019-07-29T13:16:55","date_gmt":"2019-07-29T11:16:55","guid":{"rendered":"https:\/\/labeltech.ch\/produkt\/serie-tsc-tdp-324w\/"},"modified":"2026-04-17T16:58:32","modified_gmt":"2026-04-17T14:58:32","slug":"serie-tsc-tdp-324w","status":"publish","type":"product","link":"https:\/\/labeltech.ch\/fr\/produkt\/serie-tsc-tdp-324w\/","title":{"rendered":"S\u00e9rie TSC TDP-324W"},"content":{"rendered":"<h2>S\u00e9rie TSC TDP-324W &#8211; Imprimante de bureau compacte pour bracelets de haute qualit\u00e9<\/h2>\n<p>L&#8217;imprimante d&#8217;\u00e9tiquettes de la s\u00e9rie TSC TDP-324W est le choix parfait pour tous ceux qui veulent imprimer des bracelets, des wristbands et des \u00e9tiquettes rapidement, de mani\u00e8re fiable et \u00e0 la demande. Que ce soit dans le domaine de la sant\u00e9, de l&#8217;\u00e9v\u00e9nementiel ou de l&#8217;administration, cette imprimante TSC vous s\u00e9duira par sa pr\u00e9cision, sa compacit\u00e9 et sa vitesse d&#8217;impression.<br \/>Vous pouvez d\u00e8s maintenant acheter l&#8217;imprimante de bureau TSC TDP-324W en ligne chez Labeltech AG, en toute simplicit\u00e9. <\/p>\n<h2>Un design compact pour des performances maximales<\/h2>\n<p>La s\u00e9rie TSC TDP-324W est une imprimante thermique directe de bureau sp\u00e9cialement con\u00e7ue pour offrir les meilleures performances dans un espace minimal. Avec une largeur d&#8217;impression maximale de 52 mm et une capacit\u00e9 d&#8217;\u00e9tiquettes de \u00d8 165 mm, l&#8217;imprimante accepte des rouleaux de bracelets d&#8217;un diam\u00e8tre maximal de 165 mm &#8211; id\u00e9al pour les h\u00f4pitaux, les \u00e9v\u00e9nements ou les parcs d&#8217;attractions. <\/p>\n<p>Sa conception compacte permet de l&#8217;utiliser m\u00eame dans des environnements de travail \u00e9troits.<br \/>Une conception \u00e0 charni\u00e8re facilite le changement de support, tandis que le support \u00e0 ressort et \u00e0 alignement central simplifie le chargement du support. L&#8217;imprimante accepte des rouleaux d&#8217;\u00e9tiquettes d&#8217;un diam\u00e8tre ext\u00e9rieur allant jusqu&#8217;\u00e0 165 mm, comme ceux propos\u00e9s par les fabricants de bracelets les plus connus. <\/p>\n<h2>Qualit\u00e9 d&#8217;impression exceptionnelle \u00e0 203 et 300 dpi<\/h2>\n<p>Le nouveau mod\u00e8le TDP-324W ajoute \u00e0 la s\u00e9rie une TDP-324W haute r\u00e9solution de 300 dpi, id\u00e9ale pour l&#8217;impression d&#8217;images, de logos et de codes-barres en haute r\u00e9solution.<br \/>La TDP-225W imprime \u00e0 203 dpi \u00e0 une vitesse de 127 mm par seconde, tandis que la TDP-324W de 300 dpi atteint une vitesse de 102 mm\/s.<br \/>Les deux mod\u00e8les garantissent des r\u00e9sultats d&#8217;impression d&#8217;une grande nettet\u00e9, quelle que soit l&#8217;application.<\/p>\n<p>La s\u00e9rie TSC TDP-324W utilise le proc\u00e9d\u00e9 thermique direct, qui ne n\u00e9cessite pas de ruban, ce qui est particuli\u00e8rement \u00e9conomique et n\u00e9cessite peu de maintenance.<\/p>\n<h2>Un mat\u00e9riel puissant pour des applications professionnelles<\/h2>\n<p>L&#8217;imprimante TSC TDP-324W est dot\u00e9e d&#8217;un processeur rapide de 200 MHz, de 8 Mo de SDRAM et de 4 Mo de m\u00e9moire Flash &#8211; extensible en option jusqu&#8217;\u00e0 4 Go via un slot Micro SD.<br \/>Le firmware TSPL-EZ permet d&#8217;\u00e9muler automatiquement les langages d&#8217;impression courants tels que EPL et ZPL.<br \/>Une horloge en temps r\u00e9el (Real Time Clock &#8211; RTC) garantit que les informations relatives \u00e0 l&#8217;heure et \u00e0 la date sont directement disponibles sur les \u00e9tiquettes lors de l&#8217;impression.<\/p>\n<p>En option, l&#8217;imprimante Wristband peut \u00e9galement fonctionner en mode autonome. Gr\u00e2ce \u00e0 l&#8217;interface clavier disponible en option, les utilisateurs peuvent saisir les donn\u00e9es des patients ou des clients directement sans PC &#8211; id\u00e9al pour les h\u00f4pitaux ou l&#8217;industrie et les administrations. <\/p>\n<h2>Interfaces et connectivit\u00e9<\/h2>\n<p>L&#8217;imprimante d&#8217;\u00e9tiquettes TSC TDP-324W est \u00e9quip\u00e9e d&#8217;un large choix d&#8217;interfaces :<\/p>\n<p>USB 2.0 et h\u00f4te USB pour un transfert rapide des donn\u00e9es<br \/>Ethernet pour une int\u00e9gration r\u00e9seau dans les syst\u00e8mes hospitaliers (certifi\u00e9 Cerner)<br \/>Emplacement Micro SD pour l&#8217;extension de la m\u00e9moire<br \/>C\u00e2ble d&#8217;alimentation et adaptateur secteur fournis<\/p>\n<p>L&#8217;imprimante TSC reste ainsi flexible et facile \u00e0 int\u00e9grer, que ce soit dans des r\u00e9seaux hospitaliers ou des applications industrielles.<\/p>\n<p>Pour les \u00e9tiquettes larges en environnement industriel, la <a href=\"https:\/\/labeltech.ch\/fr\/produkt\/serie-tsc-mh241\/\" title=\"S\u00e9rie TSC MH241 - Imprimante d'\u00e9tiquettes industrielle grand format\">s\u00e9rie TSC MH241<\/a>, de construction m\u00e9tallique robuste, offre une alternative durable.<\/p>\n<h2>Fonctionnement intuitif et contr\u00f4le de l&#8217;\u00e9tat<\/h2>\n<p>L&#8217;\u00e9cran LCD int\u00e9gr\u00e9 affiche les principaux messages d&#8217;\u00e9tat en temps r\u00e9el et permet une utilisation intuitive.<br \/>Gr\u00e2ce \u00e0 l&#8217;\u00e9cran LCD et aux menus clairs, les utilisateurs gardent toujours un \u0153il sur l&#8217;\u00e9tat de l&#8217;impression. La conception conviviale, avec un changement rapide de support et un bo\u00eetier robuste, rend l&#8217;imprimante TSC TDP-324W particuli\u00e8rement orient\u00e9e vers l&#8217;utilisateur. <\/p>\n<h2>Une impression efficace pour les bracelets et les wristbands<\/h2>\n<p>L&#8217;imprimante de bracelets TSC TDP-324W Series accepte les bracelets de haute qualit\u00e9 de la plupart des fabricants et prend en charge une large gamme de bracelets, y compris Wristband Direct Infant.<br \/>Le logiciel Label Design permet de concevoir facilement des mises en page professionnelles et de les imprimer directement via l&#8217;imprimante TSC.<br \/>Les appareils prennent en charge tous les formats de codes \u00e0 barres courants tels que EAN-13, EAN-8 et Codabar, ainsi qu&#8217;un marquage noir pour un positionnement pr\u00e9cis.<\/p>\n<p>Les bracelets, tickets et \u00e9tiquettes de patients sont ainsi imprim\u00e9s rapidement et \u00e0 la demande, de mani\u00e8re fiable et rentable.<\/p>\n<h2>Rentabilit\u00e9 et accessoires<\/h2>\n<p>La s\u00e9rie TSC TDP-324W vous permet de r\u00e9aliser jusqu&#8217;\u00e0 50 % d&#8217;\u00e9conomies sur les supports d&#8217;\u00e9tiquettes et de r\u00e9duire vos co\u00fbts d&#8217;exploitation.<br \/>Le kit de livraison complet comprend un cordon d&#8217;alimentation, un bloc d&#8217;alimentation, un logiciel de conception d&#8217;\u00e9tiquettes et des pilotes pour Windows.<br \/>L&#8217;imprimante Wristband est fiable, \u00e9conome en \u00e9nergie et ne n\u00e9cessite quasiment pas de maintenance &#8211; elle est parfaite pour un fonctionnement durable dans l&#8217;industrie et les administrations.<\/p>\n<h2>S\u00e9rie TSC TDP-324W &#8211; Vos avantages en un coup d&#8217;\u0153il<\/h2>\n<p>Largeur d&#8217;impression maximale : 52 mm<br \/>Rouleaux d&#8217;\u00e9tiquettes d&#8217;un diam\u00e8tre ext\u00e9rieur : jusqu&#8217;\u00e0 165 mm<br \/>R\u00e9solution : 203 dpi et 300 dpi<br \/>Vitesse d&#8217;impression : jusqu&#8217;\u00e0 127 mm\/s<br \/>Processeur : 200 MHz \/ 8 Mo SDRAM \/ 4 Mo Flash<br \/>Interfaces : USB 2.0, h\u00f4te USB, Ethernet<br \/>Fonctions : \u00c9cran LCD, horloge en temps r\u00e9el, emplacement pour micro SD<br \/>Certification : compatible Cerner &#8211; fonctionne sans probl\u00e8me dans tout syst\u00e8me hospitalier<\/p>\n<h2>TSC TDP-324W Series &#8211; Puissance, pr\u00e9cision et flexibilit\u00e9 dans un format compact<\/h2>\n<p>La s\u00e9rie TSC TDP-324W combine une impression haute r\u00e9solution, un design compact et des fonctions intelligentes pour des bracelets, des wristbands et des \u00e9tiquettes de la plus haute qualit\u00e9.<br \/>Qu&#8217;il s&#8217;agisse de la TDP-225W avec 203 dpi et 127 mm par seconde ou de la TDP-324W haute r\u00e9solution avec 300 dpi, les deux mod\u00e8les sont synonymes d&#8217;efficacit\u00e9 et de durabilit\u00e9.<br \/>En tant qu&#8217;imprimante <a title=\"Voir le site web du fabricant\" href=\"https:\/\/emea.tscprinters.com\/de\" target=\"_blank\" rel=\"noopener noreferrer nofollow\">TSC<\/a> \u00e9prouv\u00e9e, elle offre un excellent \u00e9quilibre entre prix et performances et est d\u00e9sormais disponible \u00e0 l&#8217;achat en ligne chez <a title=\"Voir notre site web\" href=\"https:\/\/labeltech.ch\/fr\/\">Labeltech AG<\/a>.<\/p>\n","protected":false},"excerpt":{"rendered":"<p>S\u00e9rie TSC TDP-324W &#8211; Imprimante de bureau compacte pour bracelets  [&#8230;]<\/p>\n","protected":false},"featured_media":1814,"comment_status":"closed","ping_status":"closed","template":"","meta":[],"product_brand":[],"product_cat":[73,104,72],"product_tag":[],"class_list":{"0":"post-8718","1":"product","2":"type-product","3":"status-publish","4":"has-post-thumbnail","6":"product_cat-desktop-fr","7":"product_cat-epson-fr","8":"product_cat-imprimantes","10":"first","11":"instock","12":"shipping-taxable","13":"product-type-external"},"_links":{"self":[{"href":"https:\/\/labeltech.ch\/fr\/wp-json\/wp\/v2\/product\/8718","targetHints":{"allow":["GET"]}}],"collection":[{"href":"https:\/\/labeltech.ch\/fr\/wp-json\/wp\/v2\/product"}],"about":[{"href":"https:\/\/labeltech.ch\/fr\/wp-json\/wp\/v2\/types\/product"}],"replies":[{"embeddable":true,"href":"https:\/\/labeltech.ch\/fr\/wp-json\/wp\/v2\/comments?post=8718"}],"wp:featuredmedia":[{"embeddable":true,"href":"https:\/\/labeltech.ch\/fr\/wp-json\/wp\/v2\/media\/1814"}],"wp:attachment":[{"href":"https:\/\/labeltech.ch\/fr\/wp-json\/wp\/v2\/media?parent=8718"}],"wp:term":[{"taxonomy":"product_brand","embeddable":true,"href":"https:\/\/labeltech.ch\/fr\/wp-json\/wp\/v2\/product_brand?post=8718"},{"taxonomy":"product_cat","embeddable":true,"href":"https:\/\/labeltech.ch\/fr\/wp-json\/wp\/v2\/product_cat?post=8718"},{"taxonomy":"product_tag","embeddable":true,"href":"https:\/\/labeltech.ch\/fr\/wp-json\/wp\/v2\/product_tag?post=8718"}],"curies":[{"name":"wp","href":"https:\/\/api.w.org\/{rel}","templated":true}]}}