{"id":9607,"date":"2019-07-29T16:14:16","date_gmt":"2023-04-17T13:47:35","guid":{"rendered":"https:\/\/labeltech.ch\/produkt\/avery-ap-5-4\/"},"modified":"2023-04-17T15:47:35","modified_gmt":"2023-04-17T13:47:35","slug":"avery-ap-5-4","status":"publish","type":"product","link":"https:\/\/labeltech.ch\/fr\/produkt\/avery-ap-5-4\/","title":{"rendered":"AVERY AP 5.4"},"content":{"rendered":"<ul class=\"csc-bulletlist csc-bulletlist-0\">\n<li class=\"odd\">Simplicit\u00e9 d&#8217;utilisation<\/li>\n<li class=\"even\">Pas besoin de PC<\/li>\n<li class=\"odd\">M\u00eame pour les profanes en informatique<\/li>\n<li class=\"even\">Imprimer des \u00e9tiquettes de mani\u00e8re s\u00fbre et fiable<\/li>\n<li class=\"odd\">Qualit\u00e9 d&#8217;\u00e9tiquette \u00e9lev\u00e9e et constante<\/li>\n<\/ul>\n","protected":false},"excerpt":{"rendered":"<p>Simplicit\u00e9 d&#8217;utilisation Pas besoin de PC M\u00eame pour les profanes  [&#8230;]<\/p>\n","protected":false},"featured_media":1094,"comment_status":"closed","ping_status":"closed","template":"","meta":[],"product_brand":[],"product_cat":[120],"product_tag":[],"class_list":{"0":"post-9607","1":"product","2":"type-product","3":"status-publish","4":"has-post-thumbnail","6":"product_cat-les-solutions","8":"first","9":"instock","10":"shipping-taxable","11":"product-type-simple"},"_links":{"self":[{"href":"https:\/\/labeltech.ch\/fr\/wp-json\/wp\/v2\/product\/9607","targetHints":{"allow":["GET"]}}],"collection":[{"href":"https:\/\/labeltech.ch\/fr\/wp-json\/wp\/v2\/product"}],"about":[{"href":"https:\/\/labeltech.ch\/fr\/wp-json\/wp\/v2\/types\/product"}],"replies":[{"embeddable":true,"href":"https:\/\/labeltech.ch\/fr\/wp-json\/wp\/v2\/comments?post=9607"}],"wp:featuredmedia":[{"embeddable":true,"href":"https:\/\/labeltech.ch\/fr\/wp-json\/wp\/v2\/media\/1094"}],"wp:attachment":[{"href":"https:\/\/labeltech.ch\/fr\/wp-json\/wp\/v2\/media?parent=9607"}],"wp:term":[{"taxonomy":"product_brand","embeddable":true,"href":"https:\/\/labeltech.ch\/fr\/wp-json\/wp\/v2\/product_brand?post=9607"},{"taxonomy":"product_cat","embeddable":true,"href":"https:\/\/labeltech.ch\/fr\/wp-json\/wp\/v2\/product_cat?post=9607"},{"taxonomy":"product_tag","embeddable":true,"href":"https:\/\/labeltech.ch\/fr\/wp-json\/wp\/v2\/product_tag?post=9607"}],"curies":[{"name":"wp","href":"https:\/\/api.w.org\/{rel}","templated":true}]}}