{"id":9608,"date":"2019-07-29T16:13:22","date_gmt":"2023-04-17T13:47:35","guid":{"rendered":"https:\/\/labeltech.ch\/produkt\/nicelabel-powerforms\/"},"modified":"2023-04-17T15:47:35","modified_gmt":"2023-04-17T13:47:35","slug":"nicelabel-powerforms","status":"publish","type":"product","link":"https:\/\/labeltech.ch\/fr\/produkt\/nicelabel-powerforms\/","title":{"rendered":"NiceLabel PowerForms"},"content":{"rendered":"<ul class=\"csc-bulletlist csc-bulletlist-0\">\n<li class=\"odd\">Masque d&#8217;impression d&#8217;\u00e9tiquettes pour une impression facile<\/li>\n<li class=\"even\">Assistant int\u00e9gr\u00e9 pour une conception rapide et s\u00fbre des \u00e9tiquettes<\/li>\n<li class=\"odd\">Choix de l&#8217;imprimante (laser\/\u00e0 \u00e9tiquettes, etc.)<\/li>\n<li class=\"even\">Temps de cr\u00e9ation court<\/li>\n<li class=\"odd\">S\u00e9curit\u00e9 et fiabilit\u00e9<\/li>\n<\/ul>\n","protected":false},"excerpt":{"rendered":"<p>Masque d&#8217;impression d&#8217;\u00e9tiquettes pour une impression facile Assistant int\u00e9gr\u00e9 pour  [&#8230;]<\/p>\n","protected":false},"featured_media":1091,"comment_status":"closed","ping_status":"closed","template":"","meta":[],"product_brand":[],"product_cat":[120],"product_tag":[],"class_list":{"0":"post-9608","1":"product","2":"type-product","3":"status-publish","4":"has-post-thumbnail","6":"product_cat-les-solutions","8":"first","9":"instock","10":"shipping-taxable","11":"product-type-simple"},"_links":{"self":[{"href":"https:\/\/labeltech.ch\/fr\/wp-json\/wp\/v2\/product\/9608","targetHints":{"allow":["GET"]}}],"collection":[{"href":"https:\/\/labeltech.ch\/fr\/wp-json\/wp\/v2\/product"}],"about":[{"href":"https:\/\/labeltech.ch\/fr\/wp-json\/wp\/v2\/types\/product"}],"replies":[{"embeddable":true,"href":"https:\/\/labeltech.ch\/fr\/wp-json\/wp\/v2\/comments?post=9608"}],"wp:featuredmedia":[{"embeddable":true,"href":"https:\/\/labeltech.ch\/fr\/wp-json\/wp\/v2\/media\/1091"}],"wp:attachment":[{"href":"https:\/\/labeltech.ch\/fr\/wp-json\/wp\/v2\/media?parent=9608"}],"wp:term":[{"taxonomy":"product_brand","embeddable":true,"href":"https:\/\/labeltech.ch\/fr\/wp-json\/wp\/v2\/product_brand?post=9608"},{"taxonomy":"product_cat","embeddable":true,"href":"https:\/\/labeltech.ch\/fr\/wp-json\/wp\/v2\/product_cat?post=9608"},{"taxonomy":"product_tag","embeddable":true,"href":"https:\/\/labeltech.ch\/fr\/wp-json\/wp\/v2\/product_tag?post=9608"}],"curies":[{"name":"wp","href":"https:\/\/api.w.org\/{rel}","templated":true}]}}