{"id":9610,"date":"2019-07-29T16:07:56","date_gmt":"2019-07-29T14:07:56","guid":{"rendered":"https:\/\/labeltech.ch\/produkt\/cab-a4t\/"},"modified":"2026-04-17T17:01:36","modified_gmt":"2026-04-17T15:01:36","slug":"cab-a4t","status":"publish","type":"product","link":"https:\/\/labeltech.ch\/fr\/produkt\/cab-a4t\/","title":{"rendered":"CAB A4+T"},"content":{"rendered":"<ul class=\"csc-bulletlist csc-bulletlist-0\">\n<li class=\"odd\">Impression sur bande textile sans fin<\/li>\n<li class=\"even\">Impression de texte, de symboles de lavage et d&#8217;entretien<\/li>\n<li class=\"odd\">couper et empiler des longueurs individuelles<\/li>\n<li class=\"even\">Connexion \u00e0 l&#8217;AS\/400<\/li>\n<\/ul>\n<p>Les mod\u00e8les cab A4plus sont faciles \u00e0 utiliser, de construction robuste et leurs nombreuses interfaces leur permettent de s&#8217;int\u00e9grer dans n&#8217;importe quel syst\u00e8me. Avec une largeur de 24 cm, une profondeur de 45 cm et une hauteur de 28 cm, et un poids \u00e0 vide de 9 kg, ils sont facilement transportables et donc tr\u00e8s flexibles dans leur utilisation. La m\u00e9moire de travail de 64 Mo est suffisante pour de nombreux mod\u00e8les d&#8217;\u00e9tiquettes.<\/p>\n<h2>On distingue trois types d&#8217;appareils :<\/h2>\n<ol>\n<li>Type de p\u00e9riph\u00e9rique : Imprimer et d\u00e9tacher des \u00e9tiquettes<\/li>\n<li>Type de p\u00e9riph\u00e9rique : Impression et distribution d&#8217;\u00e9tiquettes<\/li>\n<li>Type d&#8217;appareil : Imprimante RFID avec unit\u00e9 de lecture et d&#8217;\u00e9criture<\/li>\n<\/ol>\n<h3>Le cab A4+M avec guidage centr\u00e9 du mat\u00e9riel<\/h3>\n<p>Elle est particuli\u00e8rement adapt\u00e9e aux supports continus \u00e9troits et \u00e9pais, comme par exemple les tuyaux, les rubans et les petites \u00e9tiquettes.<\/p>\n<h2>Le cab A4+T avec rouleau de traction suppl\u00e9mentaire<\/h2>\n<p>C&#8217;est l&#8217;appareil id\u00e9al pour imprimer sur des mat\u00e9riaux textiles, comme par exemple des instructions de lavage dans des v\u00eatements, des symboles d&#8217;entretien ou des \u00e9tiquettes en tissu, quelle que soit la longueur souhait\u00e9e.<\/p>\n<p>Le logiciel de cr\u00e9ation d&#8217;\u00e9tiquettes cablabel S3 Lite, fourni avec les appareils, permet de cr\u00e9er facilement des \u00e9tiquettes qui peuvent ensuite \u00eatre imprim\u00e9es sur le support textile.<\/p>\n<p>Pour l&#8217;entr\u00e9e dans la classe d&#8217;impression d&#8217;\u00e9tiquettes industrielle, nous recommandons comme mise \u00e0 niveau le <a href=\"https:\/\/labeltech.ch\/fr\/produkt\/cab-squix\/\" title=\"CAB SQUIX - Chemin de mise \u00e0 niveau industrielle pour le CAB A4+T\">CAB SQUIX<\/a> avec une construction compacte et un large support d&#8217;interface.<\/p>\n<h2>Les caract\u00e9ristiques du cab A4+<\/h2>\n<ul>\n<li>M\u00e9thode d&#8217;impression : transfert thermique \/ impression thermique directe<\/li>\n<li>R\u00e9solution : 203 dpi, 300 dpi, 600 dpi<\/li>\n<li>Vitesse d&#8217;impression maximale : 200 mm\/sec \u00e0 une r\u00e9solution de 203 dpi<\/li>\n<li>152 mm\/sec \u00e0 une r\u00e9solution de 300 dpi<\/li>\n<li>Largeur d&#8217;impression maximale : 116 mm<\/li>\n<li>Interfaces : USB 2.0, RS232, Ethernet 10\/100 Base T, 2x interface ma\u00eetre USB, emplacement pour carte m\u00e9moire CompactFlash<\/li>\n<li>En option : couvercle m\u00e9tallique robuste<\/li>\n<\/ul>\n<h2>La compatibilit\u00e9<\/h2>\n<p>L&#8217;imprimante fonctionne avec les pilotes Windows, les pilotes Apple-Mac OS X et les pilotes Linux. L&#8217;imprimante propose, outre les polices TrueType t\u00e9l\u00e9chargeables disponibles depuis MS Windows, un grand nombre de polices internes bitmap et vectorielles. M\u00eame les caract\u00e8res sp\u00e9ciaux sp\u00e9cifiques \u00e0 un pays sont possibles. M\u00eame les \u00e9tiquettes complexes peuvent \u00eatre cr\u00e9\u00e9es et imprim\u00e9es en quelques minutes.<\/p>\n<h3>La d\u00e9cision d&#8217;achat<\/h3>\n<p>Au fil des ann\u00e9es, la cab A4+T s&#8217;est r\u00e9v\u00e9l\u00e9e \u00eatre une excellente imprimante pour l&#8217;impression de mat\u00e9riaux textiles. Si, contre toute attente, quelque chose devait \u00eatre d\u00e9fectueux, toutes les pi\u00e8ces de rechange sont toujours disponibles. Ce n&#8217;est pas parce que la s\u00e9rie d&#8217;imprimantes de codes \u00e0 barres A4+ a \u00e9t\u00e9 annul\u00e9e par l&#8217;entreprise Cab que l&#8217;on peut en d\u00e9duire la qualit\u00e9 des imprimantes. Les successeurs directs de la s\u00e9rie cab A4+ sont les imprimantes de codes \u00e0 barres SQUIX. Souhaitez-vous recourir \u00e0 ce qui a fait ses preuves ou faire confiance \u00e0 la nouveaut\u00e9 ? Contactez-nous et d\u00e9crivez-nous votre projet d&#8217;impression. Nous avons \u00e0 la fois l&#8217;imprimante A4+T et les imprimantes SQUIX en stock. Nous verrons ensemble lequel des deux vous convient le mieux. Pour ce faire, veuillez utiliser notre formulaire de contact ou simplement nous appeler. C&#8217;est encore plus simple si vous scannez le code QR sur notre page de contact.<\/p>\n","protected":false},"excerpt":{"rendered":"<p>Impression sur bande textile sans fin Impression de texte, de  [&#8230;]<\/p>\n","protected":false},"featured_media":1083,"comment_status":"closed","ping_status":"closed","template":"","meta":[],"product_brand":[],"product_cat":[133,120],"product_tag":[],"class_list":{"0":"post-9610","1":"product","2":"type-product","3":"status-publish","4":"has-post-thumbnail","6":"product_cat-cab-fr","7":"product_cat-les-solutions","9":"first","10":"instock","11":"shipping-taxable","12":"product-type-simple"},"_links":{"self":[{"href":"https:\/\/labeltech.ch\/fr\/wp-json\/wp\/v2\/product\/9610","targetHints":{"allow":["GET"]}}],"collection":[{"href":"https:\/\/labeltech.ch\/fr\/wp-json\/wp\/v2\/product"}],"about":[{"href":"https:\/\/labeltech.ch\/fr\/wp-json\/wp\/v2\/types\/product"}],"replies":[{"embeddable":true,"href":"https:\/\/labeltech.ch\/fr\/wp-json\/wp\/v2\/comments?post=9610"}],"wp:featuredmedia":[{"embeddable":true,"href":"https:\/\/labeltech.ch\/fr\/wp-json\/wp\/v2\/media\/1083"}],"wp:attachment":[{"href":"https:\/\/labeltech.ch\/fr\/wp-json\/wp\/v2\/media?parent=9610"}],"wp:term":[{"taxonomy":"product_brand","embeddable":true,"href":"https:\/\/labeltech.ch\/fr\/wp-json\/wp\/v2\/product_brand?post=9610"},{"taxonomy":"product_cat","embeddable":true,"href":"https:\/\/labeltech.ch\/fr\/wp-json\/wp\/v2\/product_cat?post=9610"},{"taxonomy":"product_tag","embeddable":true,"href":"https:\/\/labeltech.ch\/fr\/wp-json\/wp\/v2\/product_tag?post=9610"}],"curies":[{"name":"wp","href":"https:\/\/api.w.org\/{rel}","templated":true}]}}