{"id":9713,"date":"2020-05-07T15:37:58","date_gmt":"2020-05-07T13:37:58","guid":{"rendered":"https:\/\/labeltech.ch\/produkt\/loftware-nicelabel\/"},"modified":"2026-04-17T17:01:49","modified_gmt":"2026-04-17T15:01:49","slug":"loftware-nicelabel","status":"publish","type":"product","link":"https:\/\/labeltech.ch\/fr\/produkt\/loftware-nicelabel\/","title":{"rendered":"Loftware NiceLabel"},"content":{"rendered":"<p><strong>Solutions pour la conception d&#8217;\u00e9tiquettes \u00e0 code-barres et la productivit\u00e9 d&#8217;impression<\/strong><\/p>\n<p>Loftware NiceLabel est l&#8217;un des principaux d\u00e9veloppeurs de logiciels de conception d&#8217;\u00e9tiquettes et de syst\u00e8mes de gestion d&#8217;\u00e9tiquettes qui aident les entreprises \u00e0 am\u00e9liorer la qualit\u00e9, la rapidit\u00e9 et l&#8217;efficacit\u00e9 de leur \u00e9tiquetage et \u00e0 r\u00e9duire les co\u00fbts. Les deux entreprises Loftware et NiceLabel se sont associ\u00e9es d\u00e9but 2021 pour optimiser les logiciels d&#8217;\u00e9tiquetage. En effet, Loftware NiceLabel permet, gr\u00e2ce au logiciel d&#8217;\u00e9tiquetage, une transformation num\u00e9rique de l&#8217;ensemble du processus d&#8217;\u00e9tiquetage, de sorte que des processus op\u00e9rationnels optimis\u00e9s et efficaces voient le jour. Non seulement l&#8217;impression, mais aussi la conception et la gestion sont simplifi\u00e9es par le logiciel de Loftware NiceLabel.<\/p>\n<p>Gr\u00e2ce au logiciel, les entreprises peuvent s&#8217;adapter plus rapidement aux conditions changeantes du march\u00e9 et s&#8217;assurer ainsi un avantage concurrentiel. Loftware NiceLabel propose plusieurs solutions qui se diff\u00e9rencient par diff\u00e9rents besoins. D&#8217;une part, il existe des designers et des solutions de bureau qui permettent de concevoir et d&#8217;imprimer rapidement des \u00e9tiquettes. D&#8217;autre part, il y a le syst\u00e8me complet de gestion des labels LMS, qui simplifie l&#8217;ensemble du processus de travail.<\/p>\n<div class=\"fusion-button-wrapper\"><a class=\"fusion-button button-flat fusion-button-default-size button-default fusion-button-default button-1 fusion-button-default-span fusion-button-default-type\" target=\"_blank\" rel=\"noopener noreferrer\" href=\"https:\/\/de.loftware.com\/products\/labeling\/nicelabel-cloud\/request-a-demo?uid=00025\"><span class=\"fusion-button-text awb-button__text awb-button__text--default\">Recevez votre version d&#8217;essai gratuite<\/span><\/a><\/div>\n<ul>\n<li><a href=\"https:\/\/www.nicelabel.com\/de\/label-management-system\/request-a-demo?uid=00025\" target=\"_blank\" rel=\"noopener noreferrer nofollow\">Version d&#8217;essai de Loftware NiceLabel<\/a><\/li>\n<li><a href=\"https:\/\/www.nicelabel.com\/de\/downloads\/printer-drivers\/?uid=00025\" target=\"_blank\" rel=\"noopener noreferrer nofollow\">Pilote d&#8217;imprimante Loftware NiceLabel<\/a><\/li>\n<li><a href=\"http:\/\/www.nicelabel.com\/de?uid=00025\" target=\"_blank\" rel=\"noopener noreferrer nofollow\">Site web de Loftware NiceLabel<\/a><\/li>\n<li><a href=\"http:\/\/www.nicelabel.com\/de\/product-selector?uid=00025\" target=\"_blank\" rel=\"noopener noreferrer nofollow\">S\u00e9lection de produits Loftware NiceLabel<\/a><\/li>\n<li><a href=\"http:\/\/www.nicelabel.com\/de\/Learning-center\/Tutorial?uid=00025\" target=\"_blank\" rel=\"noopener noreferrer nofollow\">Vid\u00e9os d&#8217;instruction de Loftware NiceLabel<\/a><\/li>\n<li><a href=\"http:\/\/www.nicelabel.com\/de\/downloads\/user-guides?uid=00025\" target=\"_blank\" rel=\"noopener noreferrer nofollow\">Manuels d&#8217;utilisation de Loftware NiceLabel<\/a><\/li>\n<li><a href=\"http:\/\/www.nicelabel.com\/de\/solutions\/case-studies?uid=00025\" target=\"_blank\" rel=\"noopener noreferrer nofollow\">T\u00e9moignages de clients Loftware NiceLabel<\/a><\/li>\n<\/ul>\n<h2>Etikettendesigns noch heute erstellen<\/h2>\n<p>Conception et impression rapides d&#8217;\u00e9tiquettes \u00e0 code-barres sans aide informatique.<\/p>\n<p><strong>Loftware NiceLabel LMS<\/strong> est un syst\u00e8me complet qui convient \u00e0 toutes les entreprises. Il comprend tout ce qui est n\u00e9cessaire pour <strong>standardiser<\/strong>, <strong>centraliser<\/strong> et <strong>contr\u00f4ler<\/strong> votre \u00e9tiquetage. La premi\u00e8re \u00e9tape est le concepteur d&#8217;\u00e9tiquettes qui, gr\u00e2ce \u00e0 une interface conviviale, permet aux utilisateurs professionnels de concevoir des \u00e9tiquettes \u00e0 tout moment. Le syst\u00e8me de gestion des documents permet de v\u00e9rifier, de modifier, d&#8217;approuver et de contr\u00f4ler les \u00e9tiquettes \u00e0 partir d&#8217;une base de donn\u00e9es centrale. Le <strong>syst\u00e8me d&#8217;impression en ligne<\/strong> permet une gestion centralis\u00e9e des \u00e9tiquettes, de sorte qu&#8217;elles peuvent \u00eatre imprim\u00e9es de n&#8217;importe o\u00f9. Bien s\u00fbr, Loftware NiceLabel LMS peut aussi \u00eatre facilement int\u00e9gr\u00e9 dans votre syst\u00e8me commercial, ce qui permet d&#8217;augmenter l&#8217;efficacit\u00e9 de l&#8217;impression.<\/p>\n<p>De plus, le logiciel Loftware NiceLabel dispose d&#8217;un constructeur d&#8217;applications, d&#8217;un environnement hors production et d&#8217;un syst\u00e8me de modification et de transport. L&#8217;<strong>\u00e9dition multi-utilisateurs<\/strong> peut \u00eatre install\u00e9e sur un nombre illimit\u00e9 d&#8217;ordinateurs, ce qui permet \u00e0 des sites ou des fournisseurs \u00e9loign\u00e9s d&#8217;en profiter \u00e9galement. Deux versions diff\u00e9rentes sont disponibles : la LMS Enterprise et la LMS Pro. La version Pro est un syst\u00e8me de gestion d&#8217;\u00e9tiquettes de base qui ne dispose que d&#8217;un syst\u00e8me d&#8217;int\u00e9gration limit\u00e9. Ceux qui ont besoin d&#8217;une int\u00e9gration compl\u00e8te sont mieux servis par la version Enterprise. Toutes les fonctionnalit\u00e9s y sont incluses, ce qui garantit un syst\u00e8me de gestion des \u00e9tiquettes complet.<\/p>\n<p><strong><a href=\"https:\/\/www.nicelabel.com\/de\/label-management-system?uid=00025\" target=\"_blank\" rel=\"noopener noreferrer nofollow\">En savoir plus sur le syst\u00e8me de gestion des labels tout compris<\/a><\/strong><\/p>\n<h3>Options de d\u00e9ploiement<\/h3>\n<p><strong>SaaS \/ Cloud<\/strong><\/p>\n<p>Die Label Cloud ist eine cloudbasierte Version des Labelmanagementsystems, welche mandantenf\u00e4hig ist und in der Microsoft Azure Cloud gehostet wird. Le cloud ne n\u00e9cessite pas d&#8217;infrastructure ou de support informatique et permet de r\u00e9duire les co\u00fbts, d&#8217;am\u00e9liorer l&#8217;assurance qualit\u00e9 et d&#8217;acc\u00e9l\u00e9rer la mise sur le march\u00e9.<\/p>\n<p><strong>Sur site<\/strong><\/p>\n<p>En tant que plate-forme d&#8217;extension bas\u00e9e sur le cloud, <a href=\"https:\/\/labeltech.ch\/fr\/produkt\/nice-label-cloud\/\" title=\"NiceLabel Cloud - La plate-forme cloud de Loftware NiceLabel\">NiceLabel Cloud<\/a> permet de concevoir des \u00e9tiquettes ind\u00e9pendamment de l&#8217;emplacement et de g\u00e9rer les imprimantes de mani\u00e8re centralis\u00e9e.<\/p>\n<p>LMS Enterprise est une \u00e9dition on-premise de notre syst\u00e8me de gestion d&#8217;\u00e9tiquettes, qui est h\u00e9berg\u00e9e dans votre propre infrastructure informatique. Il dispose \u00e9galement d&#8217;un syst\u00e8me de gestion des documents enti\u00e8rement int\u00e9gr\u00e9, de sorte que l&#8217;assurance qualit\u00e9 et la tra\u00e7abilit\u00e9 de tous les processus sont garanties.<\/p>\n<h2>Das Labelmanagementsystem der n\u00e4chsten Generation<\/h2>\n<p>G\u00e9rez l&#8217;ensemble de votre processus d&#8217;\u00e9tiquetage et l&#8217;ensemble de vos utilisateurs pour une productivit\u00e9 d&#8217;impression maximale.<\/p>\n<p><strong>Loftware NiceLabel Designer <\/strong>permet de concevoir facilement des \u00e9tiquettes de qualit\u00e9 professionnelle sans avoir besoin de connaissances pr\u00e9alables. L&#8217;interface utilisateur est particuli\u00e8rement intuitive, ce qui permet \u00e0 tout le monde de l&#8217;utiliser. Le Designer est inclus dans le LMS de Loftware NiceLabel.<\/p>\n<p><a href=\"http:\/\/www.nicelabel.com\/de\/design-and-print\/label-design?uid=00025\" target=\"_blank\" rel=\"noopener noreferrer nofollow\">En savoir plus sur la conception d&#8217;\u00e9tiquettes<\/a><\/p>\n<h3>Imprimez avec pr\u00e9cision, uniform\u00e9ment et sans erreur<\/h3>\n<p>Le <strong>syst\u00e8me d&#8217;\u00e9tiquetage <\/strong>doit pouvoir garantir \u00e0 vos collaborateurs une impression sans erreur. C&#8217;est pourquoi les concepteurs et les solutions de bureau de Loftware NiceLabel comprennent un <strong>masque d&#8217;impression tout-en-un<\/strong>, convivial et intuitif, qui permet aux utilisateurs d&#8217;imprimer des \u00e9tiquettes pr\u00e9cises sans aucun risque d&#8217;erreur. Il existe deux \u00e9ditions : Designer Express pour un utilisateur ayant peu d&#8217;impressions et Designer Pro. La version Pro convient \u00e0 un petit nombre d&#8217;utilisateurs ayant des besoins de connexion \u00e0 des bases de donn\u00e9es, comme Access ou SQL. Ces versions du logiciel sont particuli\u00e8rement adapt\u00e9es aux petites entreprises qui disposent d&#8217;un seul site.<\/p>\n<p><img decoding=\"async\" class=\"alignnone wp-image-3743 size-full\" src=\"https:\/\/labeltech.ch\/wp-content\/uploads\/2020\/05\/NiceLabel-Designer-2017.gif\" alt=\"\" width=\"525\" height=\"449\"><\/p>\n<p><a href=\"http:\/\/www.nicelabel.com\/de\/design-and-print\/on-demand-printing?uid=00025\" target=\"_blank\" rel=\"noopener noreferrer nofollow\">En savoir plus sur l&#8217;impression d&#8217;\u00e9tiquettes sans erreur<\/a><\/p>\n<h2>Pr\u00e9venir les erreurs d&#8217;impression, am\u00e9liorer la qualit\u00e9 d&#8217;impression<\/h2>\n<p><strong>G\u00e9rez l&#8217;ensemble de votre processus d&#8217;\u00e9tiquetage et l&#8217;ensemble de vos utilisateurs pour une productivit\u00e9 d&#8217;impression maximale.<\/strong><\/p>\n<p>Dans le domaine de l&#8217;\u00e9tiquetage, les erreurs d&#8217;impression, les erreurs d&#8217;\u00e9tiquetage ou m\u00eame les rappels de produits ou les amendes entra\u00eenent souvent des co\u00fbts inutiles. Ces co\u00fbts doivent bien s\u00fbr \u00eatre minimis\u00e9s, ce qui est possible gr\u00e2ce \u00e0 un logiciel d&#8217;impression d&#8217;\u00e9tiquettes enti\u00e8rement int\u00e9gr\u00e9 et automatis\u00e9. Les erreurs d&#8217;impression peuvent \u00eatre \u00e9vit\u00e9es avec l&#8217;aide de NiceLabel PowerForms Suite car l&#8217;interface d&#8217;impression peut \u00eatre personnalis\u00e9e en fonction des utilisateurs et des processus. Cette version convient \u00e9galement aux petites et moyennes entreprises qui accordent une grande importance \u00e0 la pr\u00e9cision et \u00e0 la productivit\u00e9.<\/p>\n<p>Les autres co\u00fbts \u00e0 prendre en compte sont les co\u00fbts de main-d&#8217;\u0153uvre et de formation. Comme ce logiciel met l&#8217;accent sur la convivialit\u00e9, il est adapt\u00e9 au d\u00e9part \u00e0 vos besoins individuels, ce qui permet d&#8217;\u00e9conomiser sur le support informatique co\u00fbteux et les formations permanentes.<\/p>\n<p><img decoding=\"async\" class=\"alignnone size-medium wp-image-3747\" src=\"https:\/\/labeltech.ch\/wp-content\/uploads\/2020\/05\/NiceLabel_Print-350x228.png\" alt=\"\" width=\"350\" height=\"228\" srcset=\"https:\/\/labeltech.ch\/wp-content\/uploads\/2020\/05\/NiceLabel_Print-200x130.png 200w, https:\/\/labeltech.ch\/wp-content\/uploads\/2020\/05\/NiceLabel_Print-350x228.png 350w, https:\/\/labeltech.ch\/wp-content\/uploads\/2020\/05\/NiceLabel_Print-400x260.png 400w, https:\/\/labeltech.ch\/wp-content\/uploads\/2020\/05\/NiceLabel_Print-500x325.png 500w, https:\/\/labeltech.ch\/wp-content\/uploads\/2020\/05\/NiceLabel_Print-600x390.png 600w, https:\/\/labeltech.ch\/wp-content\/uploads\/2020\/05\/NiceLabel_Print-700x455.png 700w, https:\/\/labeltech.ch\/wp-content\/uploads\/2020\/05\/NiceLabel_Print-705x459.png 705w, https:\/\/labeltech.ch\/wp-content\/uploads\/2020\/05\/NiceLabel_Print-768x499.png 768w, https:\/\/labeltech.ch\/wp-content\/uploads\/2020\/05\/NiceLabel_Print-800x520.png 800w, https:\/\/labeltech.ch\/wp-content\/uploads\/2020\/05\/NiceLabel_Print-1030x670.png 1030w, https:\/\/labeltech.ch\/wp-content\/uploads\/2020\/05\/NiceLabel_Print.png 1104w\" sizes=\"(max-width: 350px) 100vw, 350px\" \/><\/p>\n<p><a href=\"http:\/\/www.nicelabel.com\/de\/design-and-controlled-print\/print?uid=00025\" target=\"_blank\" rel=\"noopener noreferrer nofollow\">D\u00e9couvrez comment maximiser votre productivit\u00e9 d&#8217;impression<\/a><\/p>\n<h2>Vous ne savez pas quel produit choisir ?<\/h2>\n<p><strong>Trouvez la solution qui r\u00e9pond le mieux \u00e0 vos besoins.<\/strong><\/p>\n<p>Il suffit de r\u00e9pondre \u00e0 sept questions sur vos besoins en mati\u00e8re d&#8217;\u00e9tiquetage pour que le produit ad\u00e9quat vous soit propos\u00e9.<\/p>\n<div class=\"fusion-button-wrapper\"><a class=\"fusion-button button-flat fusion-button-default-size button-default fusion-button-default button-2 fusion-button-default-span fusion-button-default-type\" target=\"_blank\" rel=\"noopener noreferrer\" href=\"https:\/\/de.loftware.com\/?uid=00025\"><span class=\"fusion-button-text awb-button__text awb-button__text--default\">Trouver la meilleure solution<\/span><\/a><\/div>\n","protected":false},"excerpt":{"rendered":"<p>Solutions pour la conception d&#8217;\u00e9tiquettes \u00e0 code-barres et la productivit\u00e9  [&#8230;]<\/p>\n","protected":false},"featured_media":6462,"comment_status":"closed","ping_status":"closed","template":"","meta":[],"product_brand":[],"product_cat":[112,85],"product_tag":[],"class_list":{"0":"post-9713","1":"product","2":"type-product","3":"status-publish","4":"has-post-thumbnail","6":"product_cat-loftware-nicelabel-slider-fr","7":"product_cat-logiciels","9":"first","10":"instock","11":"shipping-taxable","12":"product-type-simple"},"_links":{"self":[{"href":"https:\/\/labeltech.ch\/fr\/wp-json\/wp\/v2\/product\/9713","targetHints":{"allow":["GET"]}}],"collection":[{"href":"https:\/\/labeltech.ch\/fr\/wp-json\/wp\/v2\/product"}],"about":[{"href":"https:\/\/labeltech.ch\/fr\/wp-json\/wp\/v2\/types\/product"}],"replies":[{"embeddable":true,"href":"https:\/\/labeltech.ch\/fr\/wp-json\/wp\/v2\/comments?post=9713"}],"wp:featuredmedia":[{"embeddable":true,"href":"https:\/\/labeltech.ch\/fr\/wp-json\/wp\/v2\/media\/6462"}],"wp:attachment":[{"href":"https:\/\/labeltech.ch\/fr\/wp-json\/wp\/v2\/media?parent=9713"}],"wp:term":[{"taxonomy":"product_brand","embeddable":true,"href":"https:\/\/labeltech.ch\/fr\/wp-json\/wp\/v2\/product_brand?post=9713"},{"taxonomy":"product_cat","embeddable":true,"href":"https:\/\/labeltech.ch\/fr\/wp-json\/wp\/v2\/product_cat?post=9713"},{"taxonomy":"product_tag","embeddable":true,"href":"https:\/\/labeltech.ch\/fr\/wp-json\/wp\/v2\/product_tag?post=9713"}],"curies":[{"name":"wp","href":"https:\/\/api.w.org\/{rel}","templated":true}]}}