{"id":9937,"date":"2023-06-23T15:24:30","date_gmt":"2023-06-23T13:24:30","guid":{"rendered":"https:\/\/labeltech.ch\/produkt\/botlr-une-etiqueteuse-innovante\/"},"modified":"2026-04-17T17:04:56","modified_gmt":"2026-04-17T15:04:56","slug":"etiqueteuse-botlr-innovante","status":"publish","type":"product","link":"https:\/\/labeltech.ch\/fr\/produkt\/etiqueteuse-botlr-innovante\/","title":{"rendered":"Botlr &#8211; une \u00e9tiqueteuse innovante"},"content":{"rendered":"<h2>Un \u0153il aiguis\u00e9 et un souci du d\u00e9tail<\/h2>\n<p><strong>C&#8217;est le botlr.<\/strong><\/p>\n<p>La technologie brevet\u00e9e de Botlr mesure le diam\u00e8tre de la bouteille et calcule automatiquement o\u00f9 la premi\u00e8re et (en option) la deuxi\u00e8me \u00e9tiquette doivent \u00eatre plac\u00e9es \u00e0 180\u00b0 l&#8217;une en face de l&#8217;autre &#8230; ou ailleurs. Ne perdez plus de temps \u00e0 appliquer les \u00e9tiquettes manuellement. Il est temps d&#8217;aller de l&#8217;avant. Laissez Botlr travailler pour vous.<\/p>\n<p>La technologie intelligente de Botlr vous permet d&#8217;\u00e9tiqueter n&#8217;importe quelle bouteille ou objet cylindrique sans limite de longueur. Elle prend \u00e9galement en charge les r\u00e9cipients dont le bouchon est un peu plus large, ce qu&#8217;aucune autre \u00e9tiqueteuse de bouteilles ne peut faire.<\/p>\n<h2>Possibilit\u00e9s d&#8217;inscription<\/h2>\n<ul>\n<li>1 ou 2 \u00e9tiquettes<\/li>\n<li>\u00c9tiquettes transparentes<\/li>\n<li>deuxi\u00e8me \u00e9tiquette de dimensions diff\u00e9rentes sur<br \/>m\u00eame rouleau d&#8217;\u00e9tiquettes<\/li>\n<li>Deux \u00e9tiquettes avec une taille d&#8217;espace diff\u00e9rente<\/li>\n<li>Des \u00e9tiquettes aux formes et aux \u00e9paisseurs uniques<\/li>\n<li>Max. Largeur du rouleau d&#8217;\u00e9tiquettes 240 mm<\/li>\n<li>Max. Diam\u00e8tre du rouleau d&#8217;\u00e9tiquettes 300 mm<\/li>\n<li>Max. Poids du rouleau d&#8217;\u00e9tiquettes 6 KG<\/li>\n<\/ul>\n<p>Rencontrez Botlr. L&#8217;\u00e9tiqueteuse la plus innovante du march\u00e9. Botlr pense que personne ne devrait passer des heures \u00e0 ajuster les r\u00e9glages et les mesures. Lorsque vous sortez Botlr de son emballage, il est imm\u00e9diatement pr\u00eat \u00e0 l&#8217;emploi. C&#8217;est notre philosophie &#8220;no-nonsense&#8221;.<\/p>\n<p>Vous trouverez d&#8217;autres solutions d&#8217;\u00e9tiquetage innovantes et des syst\u00e8mes automatis\u00e9s dans l&#8217;<a href=\"https:\/\/labeltech.ch\/fr\/produits\/applicateurs\/\" title=\"Applicateurs - Solutions d'\u00e9tiquetage automatis\u00e9es de Labeltech\">aper\u00e7u des applicateurs<\/a> de Labeltech.<\/p>\n<h2>L&#8217;\u00e9tiqueteuse la plus innovante du march\u00e9 !<\/h2>\n<p><strong>Botlr assure un positionnement parfait des \u00e9tiquettes<\/strong>, de la premi\u00e8re \u00e0 la derni\u00e8re. Sa capacit\u00e9 \u00e0 calculer automatiquement la position de la deuxi\u00e8me \u00e9tiquette \u00e0 exactement 180\u00b0 par rapport \u00e0 la premi\u00e8re la rend unique.<\/p>\n<p>Son large \u00e9cran OLED affiche des instructions pour une application d&#8217;\u00e9tiquettes parfaite et les capteurs int\u00e9gr\u00e9s fournissent une r\u00e9ponse en direct si n\u00e9cessaire.<\/p>\n<h2>Un couple parfait !<\/h2>\n<p>Mais sa flexibilit\u00e9 va encore plus loin. Botlr peut fonctionner en parfaite synchronisation avec vos <a title=\"ColorWorks C6500\" href=\"https:\/\/labeltech.ch\/fr\/produkt\/epson-colorworks-c6500\/\">s\u00e9ries<\/a> Epson <a title=\"ColorWorks C6000\" href=\"https:\/\/labeltech.ch\/fr\/produkt\/epson-colorworks-c6000\/\">ColorWorks C6000<\/a> et ColorWorks C6500. En vous connectant \u00e0 votre imprimante d&#8217;\u00e9tiquettes Epson, vous pouvez non seulement automatiser l&#8217;ensemble de votre ligne d&#8217;\u00e9tiquetage, mais aussi vous assurer que votre processus d&#8217;\u00e9tiquetage se d\u00e9roule aussi rapidement et efficacement que possible. Un travail r\u00e9alis\u00e9 par Botlr est toujours un travail bien fait.<\/p>\n<p><a title=\"Nous nous ferons un plaisir de vous aider !\" href=\"https:\/\/labeltech.ch\/fr\/contact\/\">N&#8217;h\u00e9sitez pas \u00e0 nous contacter si vous avez d&#8217;autres questions !<\/a><\/p>\n<p>&nbsp;<\/p><\/p>\n","protected":false},"excerpt":{"rendered":"<p>Un \u0153il aiguis\u00e9 et un souci du d\u00e9tail C&#8217;est le  [&#8230;]<\/p>\n","protected":false},"featured_media":9754,"comment_status":"closed","ping_status":"closed","template":"","meta":[],"product_brand":[],"product_cat":[88],"product_tag":[],"class_list":{"0":"post-9937","1":"product","2":"type-product","3":"status-publish","4":"has-post-thumbnail","6":"product_cat-accessoires","8":"first","9":"instock","10":"shipping-taxable","11":"product-type-external"},"_links":{"self":[{"href":"https:\/\/labeltech.ch\/fr\/wp-json\/wp\/v2\/product\/9937","targetHints":{"allow":["GET"]}}],"collection":[{"href":"https:\/\/labeltech.ch\/fr\/wp-json\/wp\/v2\/product"}],"about":[{"href":"https:\/\/labeltech.ch\/fr\/wp-json\/wp\/v2\/types\/product"}],"replies":[{"embeddable":true,"href":"https:\/\/labeltech.ch\/fr\/wp-json\/wp\/v2\/comments?post=9937"}],"wp:featuredmedia":[{"embeddable":true,"href":"https:\/\/labeltech.ch\/fr\/wp-json\/wp\/v2\/media\/9754"}],"wp:attachment":[{"href":"https:\/\/labeltech.ch\/fr\/wp-json\/wp\/v2\/media?parent=9937"}],"wp:term":[{"taxonomy":"product_brand","embeddable":true,"href":"https:\/\/labeltech.ch\/fr\/wp-json\/wp\/v2\/product_brand?post=9937"},{"taxonomy":"product_cat","embeddable":true,"href":"https:\/\/labeltech.ch\/fr\/wp-json\/wp\/v2\/product_cat?post=9937"},{"taxonomy":"product_tag","embeddable":true,"href":"https:\/\/labeltech.ch\/fr\/wp-json\/wp\/v2\/product_tag?post=9937"}],"curies":[{"name":"wp","href":"https:\/\/api.w.org\/{rel}","templated":true}]}}